{"id":11211,"date":"2026-04-13T12:07:44","date_gmt":"2026-04-13T12:07:44","guid":{"rendered":"https:\/\/greenmood.us\/?page_id=11211"},"modified":"2026-04-16T15:39:42","modified_gmt":"2026-04-16T15:39:42","slug":"cork-furnitures","status":"publish","type":"page","link":"https:\/\/greenmood.se\/se\/cork-furnitures\/","title":{"rendered":"Korkm\u00f6bler"},"content":{"rendered":"<div data-elementor-type=\"wp-page\" data-elementor-id=\"11211\" class=\"elementor elementor-11211\" data-elementor-post-type=\"page\">\n\t\t\t\t<div data-particle_enable=\"false\" data-particle-mobile-disabled=\"false\" class=\"elementor-element elementor-element-d428508 e-flex e-con-boxed e-con e-parent\" data-id=\"d428508\" data-element_type=\"container\" data-e-type=\"container\" data-settings=\"{&quot;background_background&quot;:&quot;classic&quot;}\">\n\t\t\t\t\t<div class=\"e-con-inner\">\n\t\t\t\t<div class=\"elementor-element elementor-element-2b3e4dd elementor-invisible elementor-widget elementor-widget-heading\" data-id=\"2b3e4dd\" data-element_type=\"widget\" data-e-type=\"widget\" data-settings=\"{&quot;_animation&quot;:&quot;fadeInUp&quot;}\" data-widget_type=\"heading.default\">\n\t\t\t\t\t<h1 class=\"elementor-heading-title elementor-size-default\">Korkm\u00f6bler<\/h1>\t\t\t\t<\/div>\n\t\t\t\t\t<\/div>\n\t\t\t\t<\/div>\n\t\t<div data-particle_enable=\"false\" data-particle-mobile-disabled=\"false\" class=\"elementor-element elementor-element-3aae91f e-con-full e-flex e-con e-parent\" data-id=\"3aae91f\" data-element_type=\"container\" data-e-type=\"container\">\n\t\t<div data-particle_enable=\"false\" data-particle-mobile-disabled=\"false\" class=\"elementor-element elementor-element-7376ac9 e-con-full e-flex e-con e-child\" data-id=\"7376ac9\" data-element_type=\"container\" data-e-type=\"container\">\n\t\t\t\t<div class=\"elementor-element elementor-element-70d8911 elementor-widget elementor-widget-image\" data-id=\"70d8911\" data-element_type=\"widget\" data-e-type=\"widget\" data-widget_type=\"image.default\">\n\t\t\t\t\t\t\t\t\t\t\t\t\t\t\t<img fetchpriority=\"high\" decoding=\"async\" width=\"1226\" height=\"711\" src=\"https:\/\/greenmood.se\/wp-content\/uploads\/sites\/9\/2026\/03\/greenmood_mario_collection.webp\" class=\"attachment-full size-full wp-image-11105\" alt=\"greenmood mario samling\" srcset=\"https:\/\/greenmood.se\/wp-content\/uploads\/sites\/9\/2026\/03\/greenmood_mario_collection.webp 1226w, https:\/\/greenmood.se\/wp-content\/uploads\/sites\/9\/2026\/03\/greenmood_mario_collection-300x174.webp 300w, https:\/\/greenmood.se\/wp-content\/uploads\/sites\/9\/2026\/03\/greenmood_mario_collection-1024x594.webp 1024w, https:\/\/greenmood.se\/wp-content\/uploads\/sites\/9\/2026\/03\/greenmood_mario_collection-768x445.webp 768w, https:\/\/greenmood.se\/wp-content\/uploads\/sites\/9\/2026\/03\/greenmood_mario_collection-18x10.webp 18w\" sizes=\"(max-width: 1226px) 100vw, 1226px\" \/>\t\t\t\t\t\t\t\t\t\t\t\t\t\t\t<\/div>\n\t\t\t\t<\/div>\n\t\t<div data-particle_enable=\"false\" data-particle-mobile-disabled=\"false\" class=\"elementor-element elementor-element-5d1fbe2 e-con-full e-flex e-con e-child\" data-id=\"5d1fbe2\" data-element_type=\"container\" data-e-type=\"container\">\n\t\t\t\t<div class=\"elementor-element elementor-element-52fd8c6 elementor-invisible elementor-widget elementor-widget-heading\" data-id=\"52fd8c6\" data-element_type=\"widget\" data-e-type=\"widget\" data-settings=\"{&quot;_animation&quot;:&quot;fadeInUp&quot;}\" data-widget_type=\"heading.default\">\n\t\t\t\t\t<h2 class=\"elementor-heading-title elementor-size-default\">Mario Pouf\n<\/h2>\t\t\t\t<\/div>\n\t\t\t\t<div class=\"elementor-element elementor-element-b6c2af7 elementor-invisible elementor-widget elementor-widget-text-editor\" data-id=\"b6c2af7\" data-element_type=\"widget\" data-e-type=\"widget\" data-settings=\"{&quot;_animation&quot;:&quot;fadeInUp&quot;}\" data-widget_type=\"text-editor.default\">\n\t\t\t\t\t\t\t\t\t<p>Sittm\u00f6bler i akustisk kork. Fyra versioner - fr\u00e5n ren expanderad kork till \u00e5tervunnen sneaker-mikrofiber. 100% \u00e5tervunnen.<\/p>\t\t\t\t\t\t\t\t<\/div>\n\t\t\t\t\t\t\t<div data-eael_duration=\"{&quot;transitionDuration&quot;:1000}\" data-eael_easing=\"{&quot;transitionEasing&quot;:&quot;ease&quot;}\" data-eael_skew_hover_effect=\"{&quot;skew_x&quot;:0,&quot;skew_y&quot;:0}\" data-eael_hover_duration=\"{&quot;transitionDuration&quot;:1000}\" data-eael_hover_easing=\"{&quot;transitionEasing&quot;:&quot;ease&quot;}\" data-eaeltilt=\"eael_tilt\" class=\"eael_hover_effect elementor-element elementor-element-8d2e44d elementor-align-start elementor-mobile-align-center elementor-icon-list--layout-traditional elementor-list-item-link-full_width elementor-invisible elementor-widget elementor-widget-icon-list\" data-id=\"8d2e44d\" data-element_type=\"widget\" data-e-type=\"widget\" data-settings=\"{&quot;eael_hover_effect_transform_hover_popover&quot;:&quot;yes&quot;,&quot;_animation&quot;:&quot;fadeInUp&quot;,&quot;eael_hover_effect_general_settings_easing&quot;:&quot;ease&quot;,&quot;eael_hover_effect_general_settings_hover_easing&quot;:&quot;ease&quot;}\" data-widget_type=\"icon-list.default\">\n\t\t\t\t\t\t\t<ul class=\"elementor-icon-list-items\">\n\t\t\t\t\t\t\t<li class=\"elementor-icon-list-item\">\n\t\t\t\t\t\t\t\t\t\t\t<span class=\"elementor-icon-list-icon\">\n\t\t\t\t\t\t\t<svg aria-hidden=\"true\" class=\"e-font-icon-svg e-fas-arrow-right\" viewbox=\"0 0 448 512\" xmlns=\"http:\/\/www.w3.org\/2000\/svg\"><path d=\"M190.5 66.9l22.2-22.2c9.4-9.4 24.6-9.4 33.9 0L441 239c9.4 9.4 9.4 24.6 0 33.9L246.6 467.3c-9.4 9.4-24.6 9.4-33.9 0l-22.2-22.2c-9.5-9.5-9.3-25 .4-34.3L311.4 296H24c-13.3 0-24-10.7-24-24v-32c0-13.3 10.7-24 24-24h287.4L190.9 101.2c-9.8-9.3-10-24.8-.4-34.3z\"><\/path><\/svg>\t\t\t\t\t\t<\/span>\n\t\t\t\t\t\t\t\t\t\t<span class=\"elementor-icon-list-text\">Uppt\u00e4ck<\/span>\n\t\t\t\t\t\t\t\t\t<\/li>\n\t\t\t\t\t\t<\/ul>\n\t\t\t\t\t\t<\/div>\n\t\t\t\t<\/div>\n\t\t<div data-particle_enable=\"false\" data-particle-mobile-disabled=\"false\" class=\"elementor-element elementor-element-9694186 e-con-full elementor-hidden-mobile e-flex e-con e-child\" data-id=\"9694186\" data-element_type=\"container\" data-e-type=\"container\">\n\t\t\t\t<\/div>\n\t\t\t\t<\/div>\n\t\t<div data-particle_enable=\"false\" data-particle-mobile-disabled=\"false\" class=\"elementor-element elementor-element-8ca989c e-con-full e-flex e-con e-parent\" data-id=\"8ca989c\" data-element_type=\"container\" data-e-type=\"container\">\n\t\t<div data-particle_enable=\"false\" data-particle-mobile-disabled=\"false\" class=\"elementor-element elementor-element-6b45dde e-con-full e-flex e-con e-child\" data-id=\"6b45dde\" data-element_type=\"container\" data-e-type=\"container\">\n\t\t\t\t<div class=\"elementor-element elementor-element-2ce4d3c elementor-widget elementor-widget-image\" data-id=\"2ce4d3c\" data-element_type=\"widget\" data-e-type=\"widget\" data-widget_type=\"image.default\">\n\t\t\t\t\t\t\t\t\t\t\t\t\t\t\t<img alt=\"\" decoding=\"async\" width=\"1226\" height=\"711\" src=\"https:\/\/greenmood.se\/wp-content\/uploads\/sites\/9\/2026\/03\/greenmood_terra-pouf_collection-01.webp\" class=\"attachment-full size-full wp-image-11139\" srcset=\"https:\/\/greenmood.se\/wp-content\/uploads\/sites\/9\/2026\/03\/greenmood_terra-pouf_collection-01.webp 1226w, https:\/\/greenmood.se\/wp-content\/uploads\/sites\/9\/2026\/03\/greenmood_terra-pouf_collection-01-300x174.webp 300w, https:\/\/greenmood.se\/wp-content\/uploads\/sites\/9\/2026\/03\/greenmood_terra-pouf_collection-01-1024x594.webp 1024w, https:\/\/greenmood.se\/wp-content\/uploads\/sites\/9\/2026\/03\/greenmood_terra-pouf_collection-01-768x445.webp 768w, https:\/\/greenmood.se\/wp-content\/uploads\/sites\/9\/2026\/03\/greenmood_terra-pouf_collection-01-18x10.webp 18w\" sizes=\"(max-width: 1226px) 100vw, 1226px\" \/>\t\t\t\t\t\t\t\t\t\t\t\t\t\t\t<\/div>\n\t\t\t\t<\/div>\n\t\t<div data-particle_enable=\"false\" data-particle-mobile-disabled=\"false\" class=\"elementor-element elementor-element-d70f1a4 e-con-full e-flex e-con e-child\" data-id=\"d70f1a4\" data-element_type=\"container\" data-e-type=\"container\">\n\t\t\t\t<div class=\"elementor-element elementor-element-b45f43d elementor-invisible elementor-widget elementor-widget-heading\" data-id=\"b45f43d\" data-element_type=\"widget\" data-e-type=\"widget\" data-settings=\"{&quot;_animation&quot;:&quot;fadeInUp&quot;}\" data-widget_type=\"heading.default\">\n\t\t\t\t\t<h2 class=\"elementor-heading-title elementor-size-default\">Terra Pouf\n<\/h2>\t\t\t\t<\/div>\n\t\t\t\t<div class=\"elementor-element elementor-element-c22c630 elementor-invisible elementor-widget elementor-widget-text-editor\" data-id=\"c22c630\" data-element_type=\"widget\" data-e-type=\"widget\" data-settings=\"{&quot;_animation&quot;:&quot;fadeInUp&quot;}\" data-widget_type=\"text-editor.default\">\n\t\t\t\t\t\t\t\t\t<p>Sittm\u00f6bler i skulptural kork. L\u00e5gprofilerad silhuett i tv\u00e5 storlekar. Expanderad korkkropp, akustisk absorption, inget underh\u00e5ll.<\/p>\t\t\t\t\t\t\t\t<\/div>\n\t\t\t\t\t\t\t<div data-eael_duration=\"{&quot;transitionDuration&quot;:1000}\" data-eael_easing=\"{&quot;transitionEasing&quot;:&quot;ease&quot;}\" data-eael_skew_hover_effect=\"{&quot;skew_x&quot;:0,&quot;skew_y&quot;:0}\" data-eael_hover_duration=\"{&quot;transitionDuration&quot;:1000}\" data-eael_hover_easing=\"{&quot;transitionEasing&quot;:&quot;ease&quot;}\" data-eaeltilt=\"eael_tilt\" class=\"eael_hover_effect elementor-element elementor-element-c6ed3f7 elementor-align-start elementor-mobile-align-center elementor-icon-list--layout-traditional elementor-list-item-link-full_width elementor-invisible elementor-widget elementor-widget-icon-list\" data-id=\"c6ed3f7\" data-element_type=\"widget\" data-e-type=\"widget\" data-settings=\"{&quot;eael_hover_effect_transform_hover_popover&quot;:&quot;yes&quot;,&quot;_animation&quot;:&quot;fadeInUp&quot;,&quot;eael_hover_effect_general_settings_easing&quot;:&quot;ease&quot;,&quot;eael_hover_effect_general_settings_hover_easing&quot;:&quot;ease&quot;}\" data-widget_type=\"icon-list.default\">\n\t\t\t\t\t\t\t<ul class=\"elementor-icon-list-items\">\n\t\t\t\t\t\t\t<li class=\"elementor-icon-list-item\">\n\t\t\t\t\t\t\t\t\t\t\t<span class=\"elementor-icon-list-icon\">\n\t\t\t\t\t\t\t<svg aria-hidden=\"true\" class=\"e-font-icon-svg e-fas-arrow-right\" viewbox=\"0 0 448 512\" xmlns=\"http:\/\/www.w3.org\/2000\/svg\"><path d=\"M190.5 66.9l22.2-22.2c9.4-9.4 24.6-9.4 33.9 0L441 239c9.4 9.4 9.4 24.6 0 33.9L246.6 467.3c-9.4 9.4-24.6 9.4-33.9 0l-22.2-22.2c-9.5-9.5-9.3-25 .4-34.3L311.4 296H24c-13.3 0-24-10.7-24-24v-32c0-13.3 10.7-24 24-24h287.4L190.9 101.2c-9.8-9.3-10-24.8-.4-34.3z\"><\/path><\/svg>\t\t\t\t\t\t<\/span>\n\t\t\t\t\t\t\t\t\t\t<span class=\"elementor-icon-list-text\">Uppt\u00e4ck<\/span>\n\t\t\t\t\t\t\t\t\t<\/li>\n\t\t\t\t\t\t<\/ul>\n\t\t\t\t\t\t<\/div>\n\t\t\t\t<\/div>\n\t\t<div data-particle_enable=\"false\" data-particle-mobile-disabled=\"false\" class=\"elementor-element elementor-element-a9bfc7d e-con-full elementor-hidden-mobile e-flex e-con e-child\" data-id=\"a9bfc7d\" data-element_type=\"container\" data-e-type=\"container\">\n\t\t\t\t<\/div>\n\t\t\t\t<\/div>\n\t\t<div data-particle_enable=\"false\" data-particle-mobile-disabled=\"false\" class=\"elementor-element elementor-element-e5fbc3d e-con-full e-flex e-con e-parent\" data-id=\"e5fbc3d\" data-element_type=\"container\" data-e-type=\"container\">\n\t\t<div data-particle_enable=\"false\" data-particle-mobile-disabled=\"false\" class=\"elementor-element elementor-element-76265ff e-con-full e-flex e-con e-child\" data-id=\"76265ff\" data-element_type=\"container\" data-e-type=\"container\">\n\t\t\t\t<div class=\"elementor-element elementor-element-288ea6e elementor-widget elementor-widget-image\" data-id=\"288ea6e\" data-element_type=\"widget\" data-e-type=\"widget\" data-widget_type=\"image.default\">\n\t\t\t\t\t\t\t\t\t\t\t\t\t\t\t\t<a href=\"https:\/\/greenmood.se\/se\/designkollektion\/planteringsmaskiner\/\">\n\t\t\t\t\t\t\t<img decoding=\"async\" src=\"https:\/\/greenmood.us\/wp-content\/uploads\/2026\/04\/greenmood_mario-planters.webp\" title=\"\" alt=\"greenmood mario planters\" loading=\"lazy\" \/>\t\t\t\t\t\t\t\t<\/a>\n\t\t\t\t\t\t\t\t\t\t\t\t\t\t\t<\/div>\n\t\t\t\t<\/div>\n\t\t<div data-particle_enable=\"false\" data-particle-mobile-disabled=\"false\" class=\"elementor-element elementor-element-b739d27 e-con-full e-flex e-con e-child\" data-id=\"b739d27\" data-element_type=\"container\" data-e-type=\"container\">\n\t\t\t\t<div class=\"elementor-element elementor-element-1996502 elementor-invisible elementor-widget elementor-widget-heading\" data-id=\"1996502\" data-element_type=\"widget\" data-e-type=\"widget\" data-settings=\"{&quot;_animation&quot;:&quot;fadeInUp&quot;}\" data-widget_type=\"heading.default\">\n\t\t\t\t\t<h2 class=\"elementor-heading-title elementor-size-default\"><a href=\"https:\/\/greenmood.se\/se\/designkollektion\/planteringsmaskiner\/\">Mario Planters<\/a><\/h2>\t\t\t\t<\/div>\n\t\t\t\t<div class=\"elementor-element elementor-element-383272e elementor-invisible elementor-widget elementor-widget-text-editor\" data-id=\"383272e\" data-element_type=\"widget\" data-e-type=\"widget\" data-settings=\"{&quot;_animation&quot;:&quot;fadeInUp&quot;}\" data-widget_type=\"text-editor.default\">\n\t\t\t\t\t\t\t\t\t<p style=\"text-align: right;\">Lightweight yet durable, it enhances interiors with warm cork tones and natural sound-absorbing properties.<\/p>\t\t\t\t\t\t\t\t<\/div>\n\t\t\t\t\t\t\t<div data-eael_duration=\"{&quot;transitionDuration&quot;:1000}\" data-eael_easing=\"{&quot;transitionEasing&quot;:&quot;ease&quot;}\" data-eael_skew_hover_effect=\"{&quot;skew_x&quot;:0,&quot;skew_y&quot;:0}\" data-eael_hover_duration=\"{&quot;transitionDuration&quot;:1000}\" data-eael_hover_easing=\"{&quot;transitionEasing&quot;:&quot;ease&quot;}\" data-eaeltilt=\"eael_tilt\" class=\"eael_hover_effect elementor-element elementor-element-23a8a45 elementor-align-start elementor-mobile-align-center elementor-icon-list--layout-traditional elementor-list-item-link-full_width elementor-invisible elementor-widget elementor-widget-icon-list\" data-id=\"23a8a45\" data-element_type=\"widget\" data-e-type=\"widget\" data-settings=\"{&quot;eael_hover_effect_transform_hover_popover&quot;:&quot;yes&quot;,&quot;_animation&quot;:&quot;fadeInUp&quot;,&quot;eael_hover_effect_general_settings_easing&quot;:&quot;ease&quot;,&quot;eael_hover_effect_general_settings_hover_easing&quot;:&quot;ease&quot;}\" data-widget_type=\"icon-list.default\">\n\t\t\t\t\t\t\t<ul class=\"elementor-icon-list-items\">\n\t\t\t\t\t\t\t<li class=\"elementor-icon-list-item\">\n\t\t\t\t\t\t\t\t\t\t\t<a href=\"https:\/\/greenmood.se\/se\/designkollektion\/planteringsmaskiner\/\">\n\n\t\t\t\t\t\t\t\t\t\t\t\t<span class=\"elementor-icon-list-icon\">\n\t\t\t\t\t\t\t<svg aria-hidden=\"true\" class=\"e-font-icon-svg e-fas-arrow-right\" viewbox=\"0 0 448 512\" xmlns=\"http:\/\/www.w3.org\/2000\/svg\"><path d=\"M190.5 66.9l22.2-22.2c9.4-9.4 24.6-9.4 33.9 0L441 239c9.4 9.4 9.4 24.6 0 33.9L246.6 467.3c-9.4 9.4-24.6 9.4-33.9 0l-22.2-22.2c-9.5-9.5-9.3-25 .4-34.3L311.4 296H24c-13.3 0-24-10.7-24-24v-32c0-13.3 10.7-24 24-24h287.4L190.9 101.2c-9.8-9.3-10-24.8-.4-34.3z\"><\/path><\/svg>\t\t\t\t\t\t<\/span>\n\t\t\t\t\t\t\t\t\t\t<span class=\"elementor-icon-list-text\">Uppt\u00e4ck<\/span>\n\t\t\t\t\t\t\t\t\t\t\t<\/a>\n\t\t\t\t\t\t\t\t\t<\/li>\n\t\t\t\t\t\t<\/ul>\n\t\t\t\t\t\t<\/div>\n\t\t\t\t<\/div>\n\t\t<div data-particle_enable=\"false\" data-particle-mobile-disabled=\"false\" class=\"elementor-element elementor-element-1f8e768 e-con-full elementor-hidden-mobile e-flex e-con e-child\" data-id=\"1f8e768\" data-element_type=\"container\" data-e-type=\"container\">\n\t\t\t\t<\/div>\n\t\t\t\t<\/div>\n\t\t<div data-particle_enable=\"false\" data-particle-mobile-disabled=\"false\" class=\"elementor-element elementor-element-20dd5b5 e-con-full e-flex e-con e-parent\" data-id=\"20dd5b5\" data-element_type=\"container\" data-e-type=\"container\">\n\t\t<div data-particle_enable=\"false\" data-particle-mobile-disabled=\"false\" class=\"elementor-element elementor-element-90e9ba1 e-con-full e-flex e-con e-child\" data-id=\"90e9ba1\" data-element_type=\"container\" data-e-type=\"container\">\n\t\t\t\t<div class=\"elementor-element elementor-element-b5acd1b elementor-widget elementor-widget-image\" data-id=\"b5acd1b\" data-element_type=\"widget\" data-e-type=\"widget\" data-widget_type=\"image.default\">\n\t\t\t\t\t\t\t\t\t\t\t\t\t\t\t\t<a href=\"https:\/\/greenmood.se\/se\/designkollektion\/planteringsmaskiner\/\">\n\t\t\t\t\t\t\t<img decoding=\"async\" src=\"https:\/\/greenmood.us\/wp-content\/uploads\/2026\/04\/greenmood_terra-planters-m.webp\" title=\"\" alt=\"greenmood terra planters m\" loading=\"lazy\" \/>\t\t\t\t\t\t\t\t<\/a>\n\t\t\t\t\t\t\t\t\t\t\t\t\t\t\t<\/div>\n\t\t\t\t<\/div>\n\t\t<div data-particle_enable=\"false\" data-particle-mobile-disabled=\"false\" class=\"elementor-element elementor-element-7589ce6 e-con-full e-flex e-con e-child\" data-id=\"7589ce6\" data-element_type=\"container\" data-e-type=\"container\">\n\t\t\t\t<div class=\"elementor-element elementor-element-0af1295 elementor-invisible elementor-widget elementor-widget-heading\" data-id=\"0af1295\" data-element_type=\"widget\" data-e-type=\"widget\" data-settings=\"{&quot;_animation&quot;:&quot;fadeInUp&quot;}\" data-widget_type=\"heading.default\">\n\t\t\t\t\t<h2 class=\"elementor-heading-title elementor-size-default\"><a href=\"https:\/\/greenmood.se\/se\/designkollektion\/planteringsmaskiner\/\">Terra Planters<\/a><\/h2>\t\t\t\t<\/div>\n\t\t\t\t<div class=\"elementor-element elementor-element-5f3626a elementor-invisible elementor-widget elementor-widget-text-editor\" data-id=\"5f3626a\" data-element_type=\"widget\" data-e-type=\"widget\" data-settings=\"{&quot;_animation&quot;:&quot;fadeInUp&quot;}\" data-widget_type=\"text-editor.default\">\n\t\t\t\t\t\t\t\t\t<p style=\"text-align: right;\">Modul\u00e4r planteringsk\u00e4rl f\u00f6r inomhusbruk av expanderad kork som kan omvandlas till en b\u00e4nk eller ett h\u00f6gt bord med ett lock av massiv ek som tillval<\/p>\t\t\t\t\t\t\t\t<\/div>\n\t\t\t\t\t\t\t<div data-eael_duration=\"{&quot;transitionDuration&quot;:1000}\" data-eael_easing=\"{&quot;transitionEasing&quot;:&quot;ease&quot;}\" data-eael_skew_hover_effect=\"{&quot;skew_x&quot;:0,&quot;skew_y&quot;:0}\" data-eael_hover_duration=\"{&quot;transitionDuration&quot;:1000}\" data-eael_hover_easing=\"{&quot;transitionEasing&quot;:&quot;ease&quot;}\" data-eaeltilt=\"eael_tilt\" class=\"eael_hover_effect elementor-element elementor-element-452b8e1 elementor-align-start elementor-mobile-align-center elementor-icon-list--layout-traditional elementor-list-item-link-full_width elementor-invisible elementor-widget elementor-widget-icon-list\" data-id=\"452b8e1\" data-element_type=\"widget\" data-e-type=\"widget\" data-settings=\"{&quot;eael_hover_effect_transform_hover_popover&quot;:&quot;yes&quot;,&quot;_animation&quot;:&quot;fadeInUp&quot;,&quot;eael_hover_effect_general_settings_easing&quot;:&quot;ease&quot;,&quot;eael_hover_effect_general_settings_hover_easing&quot;:&quot;ease&quot;}\" data-widget_type=\"icon-list.default\">\n\t\t\t\t\t\t\t<ul class=\"elementor-icon-list-items\">\n\t\t\t\t\t\t\t<li class=\"elementor-icon-list-item\">\n\t\t\t\t\t\t\t\t\t\t\t<a href=\"https:\/\/greenmood.se\/se\/designkollektion\/planteringsmaskiner\/\">\n\n\t\t\t\t\t\t\t\t\t\t\t\t<span class=\"elementor-icon-list-icon\">\n\t\t\t\t\t\t\t<svg aria-hidden=\"true\" class=\"e-font-icon-svg e-fas-arrow-right\" viewbox=\"0 0 448 512\" xmlns=\"http:\/\/www.w3.org\/2000\/svg\"><path d=\"M190.5 66.9l22.2-22.2c9.4-9.4 24.6-9.4 33.9 0L441 239c9.4 9.4 9.4 24.6 0 33.9L246.6 467.3c-9.4 9.4-24.6 9.4-33.9 0l-22.2-22.2c-9.5-9.5-9.3-25 .4-34.3L311.4 296H24c-13.3 0-24-10.7-24-24v-32c0-13.3 10.7-24 24-24h287.4L190.9 101.2c-9.8-9.3-10-24.8-.4-34.3z\"><\/path><\/svg>\t\t\t\t\t\t<\/span>\n\t\t\t\t\t\t\t\t\t\t<span class=\"elementor-icon-list-text\">Uppt\u00e4ck<\/span>\n\t\t\t\t\t\t\t\t\t\t\t<\/a>\n\t\t\t\t\t\t\t\t\t<\/li>\n\t\t\t\t\t\t<\/ul>\n\t\t\t\t\t\t<\/div>\n\t\t\t\t<\/div>\n\t\t<div data-particle_enable=\"false\" data-particle-mobile-disabled=\"false\" class=\"elementor-element elementor-element-61b532f e-con-full elementor-hidden-mobile e-flex e-con e-child\" data-id=\"61b532f\" data-element_type=\"container\" data-e-type=\"container\">\n\t\t\t\t<\/div>\n\t\t\t\t<\/div>\n\t\t<div data-particle_enable=\"false\" data-particle-mobile-disabled=\"false\" class=\"elementor-element elementor-element-980722f e-flex e-con-boxed e-con e-parent\" data-id=\"980722f\" data-element_type=\"container\" data-e-type=\"container\">\n\t\t\t\t\t<div class=\"e-con-inner\">\n\t\t\t\t<div class=\"elementor-element elementor-element-2612438 elementor-widget elementor-widget-html\" data-id=\"2612438\" data-element_type=\"widget\" data-e-type=\"widget\" data-widget_type=\"html.default\">\n\t\t\t\t\t<section class=\"gm-crosslink\">\r\n  <div class=\"gm-crosslink__inner gm-crosslink__inner--reverse\">\r\n    <div class=\"gm-crosslink__content\">\r\n      <span class=\"gm-crosslink__eyebrow\">N\u00e4sta samling<\/span>\r\n\r\n      <h2 class=\"gm-crosslink__title\">Uppt\u00e4ck Design Collection<\/h2>\r\n\r\n      <p class=\"gm-crosslink__text\">\r\n        Explore biophilic statement pieces and acoustic objects designed to bring\r\n        sculptural presence, softness and visual rhythm into interior architecture.\r\n      <\/p>\r\n\r\n      <div class=\"gm-crosslink__meta\">\r\n        <a href=\"https:\/\/greenmood.se\/design-collection\/g-circle\/\">G-cirkel<\/a>\r\n        <a href=\"https:\/\/greenmood.se\/design-collection\/hoverlight\/\">Hoverlight<\/a>\r\n        <a href=\"https:\/\/greenmood.se\/design-collection\/framed\/\">Inramad<\/a>\r\n        <a href=\"https:\/\/greenmood.se\/design-collection\/cascade\/\">Kaskad<\/a>\r\n      <\/div>\r\n\r\n      <a class=\"gm-crosslink__cta\" href=\"https:\/\/greenmood.se\/design_collection\/\">\r\n        Explore Design Collection\r\n        <span class=\"gm-crosslink__arrow\">\u2192<\/span>\r\n      <\/a>\r\n    <\/div>\r\n\r\n    <div class=\"gm-crosslink__visual\" aria-hidden=\"true\">\r\n      <img decoding=\"async\"\r\n        class=\"gm-crosslink__image gm-crosslink__image--top\"\r\n        src=\"https:\/\/greenmood.us\/wp-content\/uploads\/2026\/04\/hoverlight-card.webp\"\r\n        alt=\"\"\r\n      \/>\r\n      <div class=\"gm-crosslink__overlay\"><\/div>\r\n      <div class=\"gm-crosslink__badge\">Designkollektion<\/div>\r\n    <\/div>\r\n  <\/div>\r\n<\/section>\t\t\t\t<\/div>\n\t\t\t\t\t<\/div>\n\t\t\t\t<\/div>\n\t\t\t\t<\/div>","protected":false},"excerpt":{"rendered":"<p>Cork Furnitures Mario Pouf Acoustic cork seating. Four versions - from pure expanded cork to upcycled sneaker microfiber. 100% recycled. Discover Terra Pouf Sculptural cork seating. Low-profile silhouette in two sizes. Expanded cork body, acoustic absorption, zero maintenance. Discover Mario Planters Lightweight yet durable, it enhances interiors with warm cork tones and natural sound-absorbing properties. [&hellip;]<\/p>\n","protected":false},"author":2,"featured_media":0,"parent":0,"menu_order":0,"comment_status":"closed","ping_status":"closed","template":"elementor_header_footer","meta":{"_seopress_robots_primary_cat":"","_seopress_titles_title":"Cork Furnitures","_seopress_titles_desc":"Explore Greenmood's cork collection: Mario Pouf seating, Mario Planters and Terra Planters. Designed by Alain Gilles, crafted from natural and recycled cork.","_seopress_robots_index":"","footnotes":""},"class_list":["post-11211","page","type-page","status-publish","hentry"],"_links":{"self":[{"href":"https:\/\/greenmood.se\/se\/wp-json\/wp\/v2\/pages\/11211","targetHints":{"allow":["GET"]}}],"collection":[{"href":"https:\/\/greenmood.se\/se\/wp-json\/wp\/v2\/pages"}],"about":[{"href":"https:\/\/greenmood.se\/se\/wp-json\/wp\/v2\/types\/page"}],"author":[{"embeddable":true,"href":"https:\/\/greenmood.se\/se\/wp-json\/wp\/v2\/users\/2"}],"replies":[{"embeddable":true,"href":"https:\/\/greenmood.se\/se\/wp-json\/wp\/v2\/comments?post=11211"}],"version-history":[{"count":0,"href":"https:\/\/greenmood.se\/se\/wp-json\/wp\/v2\/pages\/11211\/revisions"}],"wp:attachment":[{"href":"https:\/\/greenmood.se\/se\/wp-json\/wp\/v2\/media?parent=11211"}],"curies":[{"name":"wp","href":"https:\/\/api.w.org\/{rel}","templated":true}]}}