{"id":1509,"date":"2025-07-12T07:40:43","date_gmt":"2025-07-12T07:40:43","guid":{"rendered":"https:\/\/greenmood.us\/se\/?page_id=1509"},"modified":"2025-10-09T14:23:38","modified_gmt":"2025-10-09T14:23:38","slug":"anpassade-akustiska-korkvaggar","status":"publish","type":"page","link":"https:\/\/greenmood.se\/se\/anpassade-akustiska-korkvaggar\/","title":{"rendered":"Anpassade akustiska korkv\u00e4ggar"},"content":{"rendered":"<div data-elementor-type=\"wp-page\" data-elementor-id=\"1509\" class=\"elementor elementor-1509\" data-elementor-post-type=\"page\">\n\t\t\t\t<div data-particle_enable=\"false\" data-particle-mobile-disabled=\"false\" class=\"elementor-element elementor-element-d428508 e-flex e-con-boxed e-con e-parent\" data-id=\"d428508\" data-element_type=\"container\" data-e-type=\"container\" data-settings=\"{&quot;background_background&quot;:&quot;classic&quot;}\">\n\t\t\t\t\t<div class=\"e-con-inner\">\n\t\t\t\t<div class=\"elementor-element elementor-element-fb9dcb0 elementor-widget elementor-widget-heading\" data-id=\"fb9dcb0\" data-element_type=\"widget\" data-e-type=\"widget\" data-widget_type=\"heading.default\">\n\t\t\t\t\t<h1 class=\"elementor-heading-title elementor-size-default\">Korkplattor<\/br> <\/br>.\n<span style=\"font-family: 'Spezia Serif Book A', serif;font-size: 24px;currentcolor;color: #333333\">Naturliga akustik- och designytor\n<\/span><\/h1>\t\t\t\t<\/div>\n\t\t\t\t\t<\/div>\n\t\t\t\t<\/div>\n\t\t<div data-particle_enable=\"false\" data-particle-mobile-disabled=\"false\" class=\"elementor-element elementor-element-9c1777b e-flex e-con-boxed e-con e-parent\" data-id=\"9c1777b\" data-element_type=\"container\" data-e-type=\"container\">\n\t\t\t\t\t<div class=\"e-con-inner\">\n\t\t<div data-particle_enable=\"false\" data-particle-mobile-disabled=\"false\" class=\"elementor-element elementor-element-6e4f80e e-con-full e-flex e-con e-child\" data-id=\"6e4f80e\" data-element_type=\"container\" data-e-type=\"container\">\n\t\t\t\t<div class=\"elementor-element elementor-element-90e130f elementor-invisible elementor-widget elementor-widget-text-editor\" data-id=\"90e130f\" data-element_type=\"widget\" data-e-type=\"widget\" data-settings=\"{&quot;_animation&quot;:&quot;fadeInUp&quot;}\" data-widget_type=\"text-editor.default\">\n\t\t\t\t\t\t\t\t\t<p>F\u00f6rh\u00f6j din interi\u00f6r med skulpturala korkv\u00e4ggar som blandar arkitektonisk rytm, naturlig textur och certifierad akustisk komfort - allt i ett h\u00e5llbart och anpassningsbart format.<\/p>\t\t\t\t\t\t\t\t<\/div>\n\t\t\t\t<\/div>\n\t\t\t\t\t<\/div>\n\t\t\t\t<\/div>\n\t\t<div data-particle_enable=\"false\" data-particle-mobile-disabled=\"false\" class=\"elementor-element elementor-element-e5fbc3d animated-slow e-flex e-con-boxed elementor-invisible e-con e-parent\" data-id=\"e5fbc3d\" data-element_type=\"container\" data-e-type=\"container\" data-settings=\"{&quot;animation&quot;:&quot;fadeIn&quot;}\">\n\t\t\t\t\t<div class=\"e-con-inner\">\n\t\t<div data-particle_enable=\"false\" data-particle-mobile-disabled=\"false\" class=\"elementor-element elementor-element-76265ff e-con-full e-flex e-con e-child\" data-id=\"76265ff\" data-element_type=\"container\" data-e-type=\"container\">\n\t\t\t\t<div class=\"elementor-element elementor-element-288ea6e elementor-widget elementor-widget-image\" data-id=\"288ea6e\" data-element_type=\"widget\" data-e-type=\"widget\" data-widget_type=\"image.default\">\n\t\t\t\t\t\t\t\t\t\t\t\t\t\t\t\t<a href=\"https:\/\/greenmood.se\/se\/korkvagg\/parentes\/\">\n\t\t\t\t\t\t\t<img alt=\"\" fetchpriority=\"high\" decoding=\"async\" width=\"800\" height=\"500\" src=\"https:\/\/greenmood.se\/wp-content\/uploads\/sites\/9\/2025\/07\/Parenthese-large-03-1024x640.webp\" class=\"attachment-large size-large wp-image-3331\" srcset=\"https:\/\/greenmood.se\/wp-content\/uploads\/sites\/9\/2025\/07\/Parenthese-large-03-1024x640.webp 1024w, https:\/\/greenmood.se\/wp-content\/uploads\/sites\/9\/2025\/07\/Parenthese-large-03-300x188.webp 300w, https:\/\/greenmood.se\/wp-content\/uploads\/sites\/9\/2025\/07\/Parenthese-large-03-768x480.webp 768w, https:\/\/greenmood.se\/wp-content\/uploads\/sites\/9\/2025\/07\/Parenthese-large-03-1536x960.webp 1536w, https:\/\/greenmood.se\/wp-content\/uploads\/sites\/9\/2025\/07\/Parenthese-large-03.webp 1600w\" sizes=\"(max-width: 800px) 100vw, 800px\" \/>\t\t\t\t\t\t\t\t<\/a>\n\t\t\t\t\t\t\t\t\t\t\t\t\t\t\t<\/div>\n\t\t\t\t<div class=\"elementor-element elementor-element-004fec8 elementor-widget elementor-widget-heading\" data-id=\"004fec8\" data-element_type=\"widget\" data-e-type=\"widget\" data-widget_type=\"heading.default\">\n\t\t\t\t\t<h2 class=\"elementor-heading-title elementor-size-default\"><a href=\"https:\/\/greenmood.se\/se\/korkvagg\/parentes\/\">Parenthese<\/a><\/h2>\t\t\t\t<\/div>\n\t\t\t\t<\/div>\n\t\t<div data-particle_enable=\"false\" data-particle-mobile-disabled=\"false\" class=\"elementor-element elementor-element-abfea2d e-con-full e-flex e-con e-child\" data-id=\"abfea2d\" data-element_type=\"container\" data-e-type=\"container\">\n\t\t\t\t<div class=\"elementor-element elementor-element-b7cef7a elementor-widget elementor-widget-image\" data-id=\"b7cef7a\" data-element_type=\"widget\" data-e-type=\"widget\" data-widget_type=\"image.default\">\n\t\t\t\t\t\t\t\t\t\t\t\t\t\t\t\t<a href=\"https:\/\/greenmood.se\/se\/korkvagg\/sillon\/\">\n\t\t\t\t\t\t\t<img alt=\"\" decoding=\"async\" width=\"800\" height=\"500\" src=\"https:\/\/greenmood.se\/wp-content\/uploads\/sites\/9\/2025\/07\/Sillon-large-02-1024x640.webp\" class=\"attachment-large size-large wp-image-3328\" srcset=\"https:\/\/greenmood.se\/wp-content\/uploads\/sites\/9\/2025\/07\/Sillon-large-02-1024x640.webp 1024w, https:\/\/greenmood.se\/wp-content\/uploads\/sites\/9\/2025\/07\/Sillon-large-02-300x188.webp 300w, https:\/\/greenmood.se\/wp-content\/uploads\/sites\/9\/2025\/07\/Sillon-large-02-768x480.webp 768w, https:\/\/greenmood.se\/wp-content\/uploads\/sites\/9\/2025\/07\/Sillon-large-02-1536x960.webp 1536w, https:\/\/greenmood.se\/wp-content\/uploads\/sites\/9\/2025\/07\/Sillon-large-02.webp 1600w\" sizes=\"(max-width: 800px) 100vw, 800px\" \/>\t\t\t\t\t\t\t\t<\/a>\n\t\t\t\t\t\t\t\t\t\t\t\t\t\t\t<\/div>\n\t\t\t\t<div class=\"elementor-element elementor-element-0d6689e elementor-widget elementor-widget-heading\" data-id=\"0d6689e\" data-element_type=\"widget\" data-e-type=\"widget\" data-widget_type=\"heading.default\">\n\t\t\t\t\t<h2 class=\"elementor-heading-title elementor-size-default\"><a href=\"https:\/\/greenmood.se\/se\/korkvagg\/sillon\/\">Sillon<\/a><\/h2>\t\t\t\t<\/div>\n\t\t\t\t<\/div>\n\t\t\t\t\t<\/div>\n\t\t\t\t<\/div>\n\t\t<div data-particle_enable=\"false\" data-particle-mobile-disabled=\"false\" class=\"elementor-element elementor-element-8b189f0 animated-slow e-flex e-con-boxed elementor-invisible e-con e-parent\" data-id=\"8b189f0\" data-element_type=\"container\" data-e-type=\"container\" data-settings=\"{&quot;animation&quot;:&quot;fadeIn&quot;}\">\n\t\t\t\t\t<div class=\"e-con-inner\">\n\t\t<div data-particle_enable=\"false\" data-particle-mobile-disabled=\"false\" class=\"elementor-element elementor-element-99478e0 e-con-full e-flex e-con e-child\" data-id=\"99478e0\" data-element_type=\"container\" data-e-type=\"container\">\n\t\t\t\t<div class=\"elementor-element elementor-element-5bad4c9 elementor-widget elementor-widget-image\" data-id=\"5bad4c9\" data-element_type=\"widget\" data-e-type=\"widget\" data-widget_type=\"image.default\">\n\t\t\t\t\t\t\t\t\t\t\t\t\t\t\t\t<a href=\"https:\/\/greenmood.se\/se\/korkvagg\/brickx\/\">\n\t\t\t\t\t\t\t<img alt=\"\" decoding=\"async\" width=\"800\" height=\"500\" src=\"https:\/\/greenmood.se\/wp-content\/uploads\/sites\/9\/2025\/07\/Brickx-large-02-1024x640.webp\" class=\"attachment-large size-large wp-image-3329\" srcset=\"https:\/\/greenmood.se\/wp-content\/uploads\/sites\/9\/2025\/07\/Brickx-large-02-1024x640.webp 1024w, https:\/\/greenmood.se\/wp-content\/uploads\/sites\/9\/2025\/07\/Brickx-large-02-300x188.webp 300w, https:\/\/greenmood.se\/wp-content\/uploads\/sites\/9\/2025\/07\/Brickx-large-02-768x480.webp 768w, https:\/\/greenmood.se\/wp-content\/uploads\/sites\/9\/2025\/07\/Brickx-large-02-1536x960.webp 1536w, https:\/\/greenmood.se\/wp-content\/uploads\/sites\/9\/2025\/07\/Brickx-large-02.webp 1600w\" sizes=\"(max-width: 800px) 100vw, 800px\" \/>\t\t\t\t\t\t\t\t<\/a>\n\t\t\t\t\t\t\t\t\t\t\t\t\t\t\t<\/div>\n\t\t\t\t<div class=\"elementor-element elementor-element-5bfa593 elementor-widget elementor-widget-heading\" data-id=\"5bfa593\" data-element_type=\"widget\" data-e-type=\"widget\" data-widget_type=\"heading.default\">\n\t\t\t\t\t<h2 class=\"elementor-heading-title elementor-size-default\"><a href=\"https:\/\/greenmood.se\/se\/korkvagg\/brickx\/\">Brickx<\/a><\/h2>\t\t\t\t<\/div>\n\t\t\t\t<\/div>\n\t\t<div data-particle_enable=\"false\" data-particle-mobile-disabled=\"false\" class=\"elementor-element elementor-element-366a7c0 e-con-full e-flex e-con e-child\" data-id=\"366a7c0\" data-element_type=\"container\" data-e-type=\"container\">\n\t\t\t\t<div class=\"elementor-element elementor-element-d91e3c7 elementor-widget elementor-widget-image\" data-id=\"d91e3c7\" data-element_type=\"widget\" data-e-type=\"widget\" data-widget_type=\"image.default\">\n\t\t\t\t\t\t\t\t\t\t\t\t\t\t\t\t<a href=\"https:\/\/greenmood.se\/se\/korkvagg\/morse\/\">\n\t\t\t\t\t\t\t<img alt=\"\" loading=\"lazy\" decoding=\"async\" width=\"800\" height=\"500\" src=\"https:\/\/greenmood.se\/wp-content\/uploads\/sites\/9\/2025\/07\/Morse-large-02-1024x640.webp\" class=\"attachment-large size-large wp-image-3330\" srcset=\"https:\/\/greenmood.se\/wp-content\/uploads\/sites\/9\/2025\/07\/Morse-large-02-1024x640.webp 1024w, https:\/\/greenmood.se\/wp-content\/uploads\/sites\/9\/2025\/07\/Morse-large-02-300x188.webp 300w, https:\/\/greenmood.se\/wp-content\/uploads\/sites\/9\/2025\/07\/Morse-large-02-768x480.webp 768w, https:\/\/greenmood.se\/wp-content\/uploads\/sites\/9\/2025\/07\/Morse-large-02-1536x960.webp 1536w, https:\/\/greenmood.se\/wp-content\/uploads\/sites\/9\/2025\/07\/Morse-large-02.webp 1600w\" sizes=\"(max-width: 800px) 100vw, 800px\" \/>\t\t\t\t\t\t\t\t<\/a>\n\t\t\t\t\t\t\t\t\t\t\t\t\t\t\t<\/div>\n\t\t\t\t<div class=\"elementor-element elementor-element-456b0f5 elementor-widget elementor-widget-heading\" data-id=\"456b0f5\" data-element_type=\"widget\" data-e-type=\"widget\" data-widget_type=\"heading.default\">\n\t\t\t\t\t<h2 class=\"elementor-heading-title elementor-size-default\"><a href=\"https:\/\/greenmood.se\/se\/korkvagg\/morse\/\">Morse<\/a><\/h2>\t\t\t\t<\/div>\n\t\t\t\t<\/div>\n\t\t\t\t\t<\/div>\n\t\t\t\t<\/div>\n\t\t<div data-particle_enable=\"false\" data-particle-mobile-disabled=\"false\" class=\"elementor-element elementor-element-9032a39 e-con-full e-flex e-con e-parent\" data-id=\"9032a39\" data-element_type=\"container\" data-e-type=\"container\">\n\t\t<div data-particle_enable=\"false\" data-particle-mobile-disabled=\"false\" class=\"elementor-element elementor-element-a6b3da3 e-con-full e-flex e-con e-child\" data-id=\"a6b3da3\" data-element_type=\"container\" data-e-type=\"container\" data-settings=\"{&quot;background_background&quot;:&quot;classic&quot;}\">\n\t\t\t\t<div class=\"elementor-element elementor-element-35dfd9c elementor-invisible elementor-widget elementor-widget-image\" data-id=\"35dfd9c\" data-element_type=\"widget\" data-e-type=\"widget\" data-settings=\"{&quot;_animation&quot;:&quot;fadeInUp&quot;}\" data-widget_type=\"image.default\">\n\t\t\t\t\t\t\t\t\t\t\t\t\t\t\t<img alt=\"\" loading=\"lazy\" decoding=\"async\" width=\"673\" height=\"673\" src=\"https:\/\/greenmood.se\/wp-content\/uploads\/sites\/9\/2025\/07\/HIP.webp\" class=\"attachment-large size-large wp-image-1522\" srcset=\"https:\/\/greenmood.se\/wp-content\/uploads\/sites\/9\/2025\/07\/HIP.webp 673w, https:\/\/greenmood.se\/wp-content\/uploads\/sites\/9\/2025\/07\/HIP-300x300.webp 300w, https:\/\/greenmood.se\/wp-content\/uploads\/sites\/9\/2025\/07\/HIP-150x150.webp 150w, https:\/\/greenmood.se\/wp-content\/uploads\/sites\/9\/2025\/07\/HIP-600x600.webp 600w, https:\/\/greenmood.se\/wp-content\/uploads\/sites\/9\/2025\/07\/HIP-100x100.webp 100w\" sizes=\"(max-width: 673px) 100vw, 673px\" \/>\t\t\t\t\t\t\t\t\t\t\t\t\t\t\t<\/div>\n\t\t\t\t<div class=\"elementor-element elementor-element-a9a04d8 elementor-invisible elementor-widget elementor-widget-heading\" data-id=\"a9a04d8\" data-element_type=\"widget\" data-e-type=\"widget\" data-settings=\"{&quot;_animation&quot;:&quot;fadeInUp&quot;}\" data-widget_type=\"heading.default\">\n\t\t\t\t\t<h2 class=\"elementor-heading-title elementor-size-default\">D\u00e4r arkitektur m\u00f6ter h\u00e5llbarhet<\/h2>\t\t\t\t<\/div>\n\t\t<div data-particle_enable=\"false\" data-particle-mobile-disabled=\"false\" class=\"elementor-element elementor-element-9c52e8c e-con-full e-flex e-con e-child\" data-id=\"9c52e8c\" data-element_type=\"container\" data-e-type=\"container\">\n\t\t\t\t<div class=\"elementor-element elementor-element-4a55f91 elementor-invisible elementor-widget elementor-widget-html\" data-id=\"4a55f91\" data-element_type=\"widget\" data-e-type=\"widget\" data-settings=\"{&quot;_animation&quot;:&quot;fadeInUp&quot;}\" data-widget_type=\"html.default\">\n\t\t\t\t\t<div style=\"width:1.5px; height:80px; background-color:#333333; margin: auto;\"><\/div>\r\n\t\t\t\t<\/div>\n\t\t\t\t<\/div>\n\t\t<div data-particle_enable=\"false\" data-particle-mobile-disabled=\"false\" class=\"elementor-element elementor-element-45f8bdb e-con-full e-flex elementor-invisible e-con e-child\" data-id=\"45f8bdb\" data-element_type=\"container\" data-e-type=\"container\" data-settings=\"{&quot;animation&quot;:&quot;fadeInUp&quot;}\">\n\t\t<div data-particle_enable=\"false\" data-particle-mobile-disabled=\"false\" class=\"elementor-element elementor-element-ca7f572 e-con-full e-flex e-con e-child\" data-id=\"ca7f572\" data-element_type=\"container\" data-e-type=\"container\">\n\t\t\t\t<div class=\"elementor-element elementor-element-d4b4701 elementor-widget elementor-widget-text-editor\" data-id=\"d4b4701\" data-element_type=\"widget\" data-e-type=\"widget\" data-widget_type=\"text-editor.default\">\n\t\t\t\t\t\t\t\t\t<p>Kollektionen Cork Tiles skapades av designern Alain Gilles, som inspirerades av rytmen och djupet i tegelarkitektur. Varje del ger en taktil v\u00e4rme och visuell struktur, och blandar akustisk funktion med biofilisk form.<\/p>\t\t\t\t\t\t\t\t<\/div>\n\t\t\t\t<\/div>\n\t\t<div data-particle_enable=\"false\" data-particle-mobile-disabled=\"false\" class=\"elementor-element elementor-element-70730f7 e-con-full e-flex e-con e-child\" data-id=\"70730f7\" data-element_type=\"container\" data-e-type=\"container\">\n\t\t\t\t<div class=\"elementor-element elementor-element-6b3dd22 elementor-widget elementor-widget-text-editor\" data-id=\"6b3dd22\" data-element_type=\"widget\" data-e-type=\"widget\" data-widget_type=\"text-editor.default\">\n\t\t\t\t\t\t\t\t\t<p>Dessa modul\u00e4ra ytor \u00e4r helt tillverkade av naturlig kork och erbjuder ett f\u00f6rnybart och h\u00e5llbart alternativ som kombinerar l\u00e5g milj\u00f6p\u00e5verkan med tidl\u00f6s design.<\/p><p>\u00a0<\/p>\t\t\t\t\t\t\t\t<\/div>\n\t\t\t\t<\/div>\n\t\t\t\t<\/div>\n\t\t\t\t<\/div>\n\t\t<div data-particle_enable=\"false\" data-particle-mobile-disabled=\"false\" class=\"elementor-element elementor-element-76ee4fa e-con-full animated-slow e-flex elementor-invisible e-con e-child\" data-id=\"76ee4fa\" data-element_type=\"container\" data-e-type=\"container\" data-settings=\"{&quot;background_background&quot;:&quot;classic&quot;,&quot;animation&quot;:&quot;fadeIn&quot;}\">\n\t\t\t\t<div class=\"elementor-element elementor-element-7717251 elementor-widget__width-initial elementor-widget elementor-widget-image\" data-id=\"7717251\" data-element_type=\"widget\" data-e-type=\"widget\" data-widget_type=\"image.default\">\n\t\t\t\t\t\t\t\t\t\t\t\t\t\t\t\t<a href=\"https:\/\/youtu.be\/y5JFP-qoNtY?si=CgTL7H7KjIHiHA3d\" target=\"_blank\">\n\t\t\t\t\t\t\t<img alt=\"\" loading=\"lazy\" decoding=\"async\" width=\"168\" height=\"168\" src=\"https:\/\/greenmood.se\/wp-content\/uploads\/sites\/9\/2025\/07\/Play-02.webp\" class=\"attachment-large size-large wp-image-1730\" srcset=\"https:\/\/greenmood.se\/wp-content\/uploads\/sites\/9\/2025\/07\/Play-02.webp 168w, https:\/\/greenmood.se\/wp-content\/uploads\/sites\/9\/2025\/07\/Play-02-150x150.webp 150w, https:\/\/greenmood.se\/wp-content\/uploads\/sites\/9\/2025\/07\/Play-02-100x100.webp 100w\" sizes=\"(max-width: 168px) 100vw, 168px\" \/>\t\t\t\t\t\t\t\t<\/a>\n\t\t\t\t\t\t\t\t\t\t\t\t\t\t\t<\/div>\n\t\t\t\t<\/div>\n\t\t\t\t<\/div>\n\t\t<div data-particle_enable=\"false\" data-particle-mobile-disabled=\"false\" class=\"elementor-element elementor-element-a933e72 e-con-full e-flex e-con e-parent\" data-id=\"a933e72\" data-element_type=\"container\" data-e-type=\"container\">\n\t\t<div data-particle_enable=\"false\" data-particle-mobile-disabled=\"false\" class=\"elementor-element elementor-element-3232233 e-con-full e-flex e-con e-child\" data-id=\"3232233\" data-element_type=\"container\" data-e-type=\"container\" data-settings=\"{&quot;background_background&quot;:&quot;classic&quot;}\">\n\t\t\t\t<div class=\"elementor-element elementor-element-df07942 elementor-invisible elementor-widget elementor-widget-heading\" data-id=\"df07942\" data-element_type=\"widget\" data-e-type=\"widget\" data-settings=\"{&quot;_animation&quot;:&quot;fadeInUp&quot;}\" data-widget_type=\"heading.default\">\n\t\t\t\t\t<h2 class=\"elementor-heading-title elementor-size-default\">B\u00f6rjan p\u00e5 en kreativ resa<\/h2>\t\t\t\t<\/div>\n\t\t<div data-particle_enable=\"false\" data-particle-mobile-disabled=\"false\" class=\"elementor-element elementor-element-059ab24 e-con-full e-flex e-con e-child\" data-id=\"059ab24\" data-element_type=\"container\" data-e-type=\"container\">\n\t\t\t\t<div class=\"elementor-element elementor-element-8a1d72a elementor-invisible elementor-widget elementor-widget-html\" data-id=\"8a1d72a\" data-element_type=\"widget\" data-e-type=\"widget\" data-settings=\"{&quot;_animation&quot;:&quot;fadeInUp&quot;}\" data-widget_type=\"html.default\">\n\t\t\t\t\t<div style=\"width:1.5px; height:80px; background-color:#333333; margin: auto;\"><\/div>\r\n\t\t\t\t<\/div>\n\t\t\t\t<\/div>\n\t\t<div data-particle_enable=\"false\" data-particle-mobile-disabled=\"false\" class=\"elementor-element elementor-element-c691fc9 e-con-full e-flex e-con e-child\" data-id=\"c691fc9\" data-element_type=\"container\" data-e-type=\"container\">\n\t\t<div data-particle_enable=\"false\" data-particle-mobile-disabled=\"false\" class=\"elementor-element elementor-element-31aa44f e-con-full e-flex e-con e-child\" data-id=\"31aa44f\" data-element_type=\"container\" data-e-type=\"container\">\n\t\t\t\t<div class=\"elementor-element elementor-element-eb52e23 elementor-widget elementor-widget-text-editor\" data-id=\"eb52e23\" data-element_type=\"widget\" data-e-type=\"widget\" data-widget_type=\"text-editor.default\">\n\t\t\t\t\t\t\t\t\t<p>Alain Gilles och Sadig drevs av en gemensam vision om milj\u00f6medveten design och f\u00f6rest\u00e4llde sig v\u00e4ggplattor av kork som ett nytt paradigm inom inredningsarkitekturen. Efter \u00e5r av utveckling blev deras koncept verklighet.<\/p>\t\t\t\t\t\t\t\t<\/div>\n\t\t\t\t<\/div>\n\t\t<div data-particle_enable=\"false\" data-particle-mobile-disabled=\"false\" class=\"elementor-element elementor-element-016a3bb e-con-full e-flex e-con e-child\" data-id=\"016a3bb\" data-element_type=\"container\" data-e-type=\"container\">\n\t\t\t\t<div class=\"elementor-element elementor-element-9ec25ee elementor-widget elementor-widget-text-editor\" data-id=\"9ec25ee\" data-element_type=\"widget\" data-e-type=\"widget\" data-widget_type=\"text-editor.default\">\n\t\t\t\t\t\t\t\t\t<p>En kombination av h\u00e5llbara material, akustisk effektivitet och visuell elegans. Dessa plattor \u00e4r l\u00e4tta att installera och anpassa och markerar en ny era av ansvarsfull design.<\/p>\t\t\t\t\t\t\t\t<\/div>\n\t\t\t\t<\/div>\n\t\t\t\t<\/div>\n\t\t\t\t<\/div>\n\t\t<div data-particle_enable=\"false\" data-particle-mobile-disabled=\"false\" class=\"elementor-element elementor-element-adb7c86 e-con-full animated-slow e-flex elementor-invisible e-con e-child\" data-id=\"adb7c86\" data-element_type=\"container\" data-e-type=\"container\" data-settings=\"{&quot;background_background&quot;:&quot;classic&quot;,&quot;animation&quot;:&quot;fadeIn&quot;}\">\n\t\t\t\t<\/div>\n\t\t\t\t<\/div>\n\t\t<div data-particle_enable=\"false\" data-particle-mobile-disabled=\"false\" class=\"elementor-element elementor-element-4519330 e-con-full e-flex e-con e-parent\" data-id=\"4519330\" data-element_type=\"container\" data-e-type=\"container\">\n\t\t<div data-particle_enable=\"false\" data-particle-mobile-disabled=\"false\" class=\"elementor-element elementor-element-e065ee7 e-con-full e-flex e-con e-child\" data-id=\"e065ee7\" data-element_type=\"container\" data-e-type=\"container\" data-settings=\"{&quot;background_background&quot;:&quot;classic&quot;}\">\n\t\t\t\t<div class=\"elementor-element elementor-element-08bd47d elementor-invisible elementor-widget elementor-widget-heading\" data-id=\"08bd47d\" data-element_type=\"widget\" data-e-type=\"widget\" data-settings=\"{&quot;_animation&quot;:&quot;fadeInUp&quot;}\" data-widget_type=\"heading.default\">\n\t\t\t\t\t<h2 class=\"elementor-heading-title elementor-size-default\">Varf\u00f6r kork?<\/h2>\t\t\t\t<\/div>\n\t\t<div data-particle_enable=\"false\" data-particle-mobile-disabled=\"false\" class=\"elementor-element elementor-element-ea15df2 e-con-full e-flex e-con e-child\" data-id=\"ea15df2\" data-element_type=\"container\" data-e-type=\"container\">\n\t\t\t\t<div class=\"elementor-element elementor-element-40497d4 elementor-invisible elementor-widget elementor-widget-html\" data-id=\"40497d4\" data-element_type=\"widget\" data-e-type=\"widget\" data-settings=\"{&quot;_animation&quot;:&quot;fadeInUp&quot;}\" data-widget_type=\"html.default\">\n\t\t\t\t\t<div style=\"width:1.5px; height:80px; background-color:#333333; margin: auto;\"><\/div>\r\n\t\t\t\t<\/div>\n\t\t\t\t<\/div>\n\t\t<div data-particle_enable=\"false\" data-particle-mobile-disabled=\"false\" class=\"elementor-element elementor-element-b1e2b83 e-con-full e-flex elementor-invisible e-con e-child\" data-id=\"b1e2b83\" data-element_type=\"container\" data-e-type=\"container\" data-settings=\"{&quot;animation&quot;:&quot;fadeInUp&quot;}\">\n\t\t<div data-particle_enable=\"false\" data-particle-mobile-disabled=\"false\" class=\"elementor-element elementor-element-0f1493f e-con-full e-flex e-con e-child\" data-id=\"0f1493f\" data-element_type=\"container\" data-e-type=\"container\">\n\t\t\t\t<div class=\"elementor-element elementor-element-0bd06b6 elementor-widget elementor-widget-text-editor\" data-id=\"0bd06b6\" data-element_type=\"widget\" data-e-type=\"widget\" data-widget_type=\"text-editor.default\">\n\t\t\t\t\t\t\t\t\t<p>Kork sk\u00f6rdas utan att skada tr\u00e4den, vilket g\u00f6r det till ett av de mest h\u00e5llbara och regenerativa materialen i v\u00e4rlden. Hela dess livscykel fr\u00e5n bark till produkt \u00e4r ren, kemikaliefri och helt f\u00f6rnybar.<\/p>\t\t\t\t\t\t\t\t<\/div>\n\t\t\t\t<\/div>\n\t\t<div data-particle_enable=\"false\" data-particle-mobile-disabled=\"false\" class=\"elementor-element elementor-element-e9b6fbd e-con-full e-flex e-con e-child\" data-id=\"e9b6fbd\" data-element_type=\"container\" data-e-type=\"container\">\n\t\t\t\t<div class=\"elementor-element elementor-element-cf4e8e5 elementor-widget elementor-widget-text-editor\" data-id=\"cf4e8e5\" data-element_type=\"widget\" data-e-type=\"widget\" data-widget_type=\"text-editor.default\">\n\t\t\t\t\t\t\t\t\t<p>Varje kakelplatta soltorkas, mals och formas utan tillsatser, vilket bevarar materialets naturliga integritet och g\u00f6r varje steg naturtroget.<\/p>\t\t\t\t\t\t\t\t<\/div>\n\t\t\t\t<\/div>\n\t\t\t\t<\/div>\n\t\t\t\t<\/div>\n\t\t<div data-particle_enable=\"false\" data-particle-mobile-disabled=\"false\" class=\"elementor-element elementor-element-29292a1 e-con-full animated-slow e-flex elementor-invisible e-con e-child\" data-id=\"29292a1\" data-element_type=\"container\" data-e-type=\"container\" data-settings=\"{&quot;background_background&quot;:&quot;classic&quot;,&quot;animation&quot;:&quot;fadeIn&quot;}\">\n\t\t\t\t<\/div>\n\t\t\t\t<\/div>\n\t\t\t\t<\/div>","protected":false},"excerpt":{"rendered":"<p>Cork Tiles Natural Acoustic &amp; Design Surfaces Elevate your interiors with sculptural cork walls that blend architectural rhythm, natural texture and certified acoustic comfort \u2013 all in a sustainable and customizable format. Parenthese Sillon Brickx Morse Where architecture meets sustainability The Cork Tiles collection was created by designer Alain Gilles, inspired by the rhythm and [&hellip;]<\/p>\n","protected":false},"author":1,"featured_media":0,"parent":0,"menu_order":0,"comment_status":"closed","ping_status":"closed","template":"elementor_header_footer","meta":{"_seopress_robots_primary_cat":"","_seopress_titles_title":"Custom acoustic cork walls","_seopress_titles_desc":"Tailor-made cork walls: custom acoustic panels designed to fit your space with sustainable cork & elegant patterns.","_seopress_robots_index":"","footnotes":""},"class_list":["post-1509","page","type-page","status-publish","hentry"],"_links":{"self":[{"href":"https:\/\/greenmood.se\/se\/wp-json\/wp\/v2\/pages\/1509","targetHints":{"allow":["GET"]}}],"collection":[{"href":"https:\/\/greenmood.se\/se\/wp-json\/wp\/v2\/pages"}],"about":[{"href":"https:\/\/greenmood.se\/se\/wp-json\/wp\/v2\/types\/page"}],"author":[{"embeddable":true,"href":"https:\/\/greenmood.se\/se\/wp-json\/wp\/v2\/users\/1"}],"replies":[{"embeddable":true,"href":"https:\/\/greenmood.se\/se\/wp-json\/wp\/v2\/comments?post=1509"}],"version-history":[{"count":0,"href":"https:\/\/greenmood.se\/se\/wp-json\/wp\/v2\/pages\/1509\/revisions"}],"wp:attachment":[{"href":"https:\/\/greenmood.se\/se\/wp-json\/wp\/v2\/media?parent=1509"}],"curies":[{"name":"wp","href":"https:\/\/api.w.org\/{rel}","templated":true}]}}