{"id":2549,"date":"2025-07-22T12:23:44","date_gmt":"2025-07-22T12:23:44","guid":{"rendered":"https:\/\/greenmood.us\/se\/?page_id=2549"},"modified":"2025-09-05T08:42:18","modified_gmt":"2025-09-05T08:42:18","slug":"hallbarhet","status":"publish","type":"page","link":"https:\/\/greenmood.se\/se\/hallbarhet\/","title":{"rendered":"H\u00e5llbarhet"},"content":{"rendered":"<div data-elementor-type=\"wp-page\" data-elementor-id=\"2549\" class=\"elementor elementor-2549\" data-elementor-post-type=\"page\">\n\t\t\t\t<div data-particle_enable=\"false\" data-particle-mobile-disabled=\"false\" class=\"elementor-element elementor-element-9032a39 e-con-full e-flex e-con e-parent\" data-id=\"9032a39\" data-element_type=\"container\" data-e-type=\"container\">\n\t\t<div data-particle_enable=\"false\" data-particle-mobile-disabled=\"false\" class=\"elementor-element elementor-element-a6b3da3 e-con-full e-flex e-con e-child\" data-id=\"a6b3da3\" data-element_type=\"container\" data-e-type=\"container\" data-settings=\"{&quot;background_background&quot;:&quot;classic&quot;}\">\n\t\t\t\t<div class=\"elementor-element elementor-element-66b67b1 elementor-widget elementor-widget-html\" data-id=\"66b67b1\" data-element_type=\"widget\" data-e-type=\"widget\" data-widget_type=\"html.default\">\n\t\t\t\t\t<div class=\"scrolling-text\">\r\n  <span>H\u00e5llbarhet H\u00e5llbarhet&nbsp;&nbsp;&nbsp;&nbsp;<\/span>\r\n<\/div>\r\n\r\n<style>\r\n@font-face {\r\n  font-family: 'Spezia';\r\n  src: url('https:\/\/yourdomain.com\/path-to-spezia.woff2') format('woff2');\r\n  font-weight: normal;\r\n  font-style: normal;\r\n}\r\n\r\n.scrolling-text {\r\n  position: absolute;\r\n  top: -150px; \/* \u2705 bien en haut *\/\r\n  left: 0;\r\n  width: 100%;\r\n  overflow: visible; \/* \u2705 pour \u00e9viter de couper le bas des lettres *\/\r\n  white-space: nowrap;\r\n  z-index: 1;\r\n  pointer-events: none;\r\n  line-height: 1.1;\r\n}\r\n\r\n.scrolling-text span {\r\n  display: inline-block;\r\n  animation: scroll-left 30s linear infinite;\r\n  font-family: 'Spezia', serif;\r\n  font-size: 16vw;\r\n  color: rgba(0, 0, 0, 0.18);\r\n  line-height: 1.2;\r\n  padding-bottom: 0.3em;\r\n}\r\n\r\n@keyframes scroll-left {\r\n  0% {\r\n    transform: translateX(0%);\r\n  }\r\n  100% {\r\n    transform: translateX(-100%);\r\n  }\r\n}\r\n<\/style>\r\n\t\t\t\t<\/div>\n\t\t\t\t<div class=\"elementor-element elementor-element-a9a04d8 elementor-invisible elementor-widget elementor-widget-heading\" data-id=\"a9a04d8\" data-element_type=\"widget\" data-e-type=\"widget\" data-settings=\"{&quot;_animation&quot;:&quot;fadeInUp&quot;}\" data-widget_type=\"heading.default\">\n\t\t\t\t\t<h2 class=\"elementor-heading-title elementor-size-default\">V\u00e5r syn p\u00e5 h\u00e5llbarhet<\/h2>\t\t\t\t<\/div>\n\t\t<div data-particle_enable=\"false\" data-particle-mobile-disabled=\"false\" class=\"elementor-element elementor-element-9c52e8c e-con-full e-flex e-con e-child\" data-id=\"9c52e8c\" data-element_type=\"container\" data-e-type=\"container\">\n\t\t\t\t<div class=\"elementor-element elementor-element-4a55f91 elementor-invisible elementor-widget elementor-widget-html\" data-id=\"4a55f91\" data-element_type=\"widget\" data-e-type=\"widget\" data-settings=\"{&quot;_animation&quot;:&quot;fadeInUp&quot;}\" data-widget_type=\"html.default\">\n\t\t\t\t\t<div style=\"width:1.5px; height:80px; background-color:#333333; margin: auto;\"><\/div>\r\n\t\t\t\t<\/div>\n\t\t\t\t<\/div>\n\t\t<div data-particle_enable=\"false\" data-particle-mobile-disabled=\"false\" class=\"elementor-element elementor-element-182a77c e-con-full e-flex e-con e-child\" data-id=\"182a77c\" data-element_type=\"container\" data-e-type=\"container\">\n\t\t\t\t<div class=\"elementor-element elementor-element-37f3502 elementor-invisible elementor-widget elementor-widget-text-editor\" data-id=\"37f3502\" data-element_type=\"widget\" data-e-type=\"widget\" data-settings=\"{&quot;_animation&quot;:&quot;fadeInUp&quot;}\" data-widget_type=\"text-editor.default\">\n\t\t\t\t\t\t\t\t\t<p>P\u00e5 Greenmood anser vi att h\u00e5llbarhet \u00e4r mer \u00e4n en milj\u00f6m\u00e4ssig skyldighet - det \u00e4r ett s\u00e4tt att utforma utrymmen som tar hand om b\u00e5de m\u00e4nniskor och natur.<\/p>\t\t\t\t\t\t\t\t<\/div>\n\t\t\t\t<\/div>\n\t\t<div data-particle_enable=\"false\" data-particle-mobile-disabled=\"false\" class=\"elementor-element elementor-element-45f8bdb e-con-full e-flex elementor-invisible e-con e-child\" data-id=\"45f8bdb\" data-element_type=\"container\" data-e-type=\"container\" data-settings=\"{&quot;animation&quot;:&quot;fadeInUp&quot;}\">\n\t\t<div data-particle_enable=\"false\" data-particle-mobile-disabled=\"false\" class=\"elementor-element elementor-element-ca7f572 e-con-full e-flex e-con e-child\" data-id=\"ca7f572\" data-element_type=\"container\" data-e-type=\"container\">\n\t\t\t\t<div class=\"elementor-element elementor-element-d4b4701 elementor-widget elementor-widget-text-editor\" data-id=\"d4b4701\" data-element_type=\"widget\" data-e-type=\"widget\" data-widget_type=\"text-editor.default\">\n\t\t\t\t\t\t\t\t\t<p>M\u00e5nga f\u00f6rknippar h\u00e5llbarhet med v\u00e4rlden utanf\u00f6r, men v\u00e5rt biofiliska syns\u00e4tt fokuserar lika mycket p\u00e5 inomhusmilj\u00f6n d\u00e4r m\u00e4nniskor bor och arbetar. Vi \u00e4r medvetna om den emotionella, psykologiska och fysiska inverkan som arkitektur och design har p\u00e5 m\u00e4nniskors v\u00e4lbefinnande. Det \u00e4r d\u00e4rf\u00f6r vi skapar l\u00f6sningar som \u00e5terf\u00f6r naturen till byggda utrymmen, med hj\u00e4lp av bevarade naturliga mossor och h\u00e5llbara material f\u00f6r att \u00e5terkoppla m\u00e4nniskor till rytmerna i den naturliga v\u00e4rlden.<\/p>\t\t\t\t\t\t\t\t<\/div>\n\t\t\t\t<\/div>\n\t\t<div data-particle_enable=\"false\" data-particle-mobile-disabled=\"false\" class=\"elementor-element elementor-element-70730f7 e-con-full e-flex e-con e-child\" data-id=\"70730f7\" data-element_type=\"container\" data-e-type=\"container\">\n\t\t\t\t<div class=\"elementor-element elementor-element-6b3dd22 elementor-widget elementor-widget-text-editor\" data-id=\"6b3dd22\" data-element_type=\"widget\" data-e-type=\"widget\" data-widget_type=\"text-editor.default\">\n\t\t\t\t\t\t\t\t\t<p>Genom v\u00e5rt arbete str\u00e4var vi efter att \u00f6ka medvetenheten om vikten av att skydda v\u00e5r planet och skapa utrymmen som fr\u00e4mjar v\u00e4lbefinnande, produktivitet och sinnesfrid. V\u00e5rt l\u00e5ngsiktiga m\u00e5l \u00e4r att bidra till en framtid d\u00e4r inomhusutrymmen aktivt st\u00f6der b\u00e5de milj\u00f6skydd och m\u00e4nsklig blomstring.<\/p>\t\t\t\t\t\t\t\t<\/div>\n\t\t\t\t<\/div>\n\t\t\t\t<\/div>\n\t\t\t\t<\/div>\n\t\t<div data-particle_enable=\"false\" data-particle-mobile-disabled=\"false\" class=\"elementor-element elementor-element-76ee4fa e-con-full animated-slow e-flex elementor-invisible e-con e-child\" data-id=\"76ee4fa\" data-element_type=\"container\" data-e-type=\"container\" data-settings=\"{&quot;background_background&quot;:&quot;classic&quot;,&quot;animation&quot;:&quot;fadeIn&quot;}\">\n\t\t\t\t<\/div>\n\t\t\t\t<\/div>\n\t\t<div data-particle_enable=\"false\" data-particle-mobile-disabled=\"false\" class=\"elementor-element elementor-element-a933e72 e-con-full e-flex e-con e-parent\" data-id=\"a933e72\" data-element_type=\"container\" data-e-type=\"container\" data-settings=\"{&quot;background_background&quot;:&quot;classic&quot;}\">\n\t\t<div data-particle_enable=\"false\" data-particle-mobile-disabled=\"false\" class=\"elementor-element elementor-element-3232233 e-con-full e-flex e-con e-child\" data-id=\"3232233\" data-element_type=\"container\" data-e-type=\"container\" data-settings=\"{&quot;background_background&quot;:&quot;classic&quot;}\">\n\t\t\t\t<div class=\"elementor-element elementor-element-df07942 elementor-invisible elementor-widget elementor-widget-heading\" data-id=\"df07942\" data-element_type=\"widget\" data-e-type=\"widget\" data-settings=\"{&quot;_animation&quot;:&quot;fadeInUp&quot;}\" data-widget_type=\"heading.default\">\n\t\t\t\t\t<h2 class=\"elementor-heading-title elementor-size-default\">V\u00e5ra k\u00e4rnv\u00e4rden<\/h2>\t\t\t\t<\/div>\n\t\t<div data-particle_enable=\"false\" data-particle-mobile-disabled=\"false\" class=\"elementor-element elementor-element-059ab24 e-con-full e-flex e-con e-child\" data-id=\"059ab24\" data-element_type=\"container\" data-e-type=\"container\">\n\t\t\t\t<div class=\"elementor-element elementor-element-8a1d72a elementor-invisible elementor-widget elementor-widget-html\" data-id=\"8a1d72a\" data-element_type=\"widget\" data-e-type=\"widget\" data-settings=\"{&quot;_animation&quot;:&quot;fadeInUp&quot;}\" data-widget_type=\"html.default\">\n\t\t\t\t\t<div style=\"width:1.5px; height:80px; background-color:#333333; margin: auto;\"><\/div>\r\n\t\t\t\t<\/div>\n\t\t\t\t<\/div>\n\t\t<div data-particle_enable=\"false\" data-particle-mobile-disabled=\"false\" class=\"elementor-element elementor-element-5a98445 e-con-full e-flex e-con e-child\" data-id=\"5a98445\" data-element_type=\"container\" data-e-type=\"container\">\n\t\t\t\t<div class=\"elementor-element elementor-element-5bf27cb elementor-widget elementor-widget-text-editor\" data-id=\"5bf27cb\" data-element_type=\"widget\" data-e-type=\"widget\" data-widget_type=\"text-editor.default\">\n\t\t\t\t\t\t\t\t\t<p>V\u00e5r f\u00f6retagskultur bygger p\u00e5 ansvar, respekt och en biofilisk avsikt. Varje produkt vi designar och varje \u00e5tg\u00e4rd vi vidtar \u00e5terspeglar v\u00e5rt engagemang f\u00f6r dessa principer:<\/p>\t\t\t\t\t\t\t\t<\/div>\n\t\t\t\t<\/div>\n\t\t<div data-particle_enable=\"false\" data-particle-mobile-disabled=\"false\" class=\"elementor-element elementor-element-c691fc9 e-con-full e-flex elementor-invisible e-con e-child\" data-id=\"c691fc9\" data-element_type=\"container\" data-e-type=\"container\" data-settings=\"{&quot;animation&quot;:&quot;fadeInUp&quot;}\">\n\t\t<div data-particle_enable=\"false\" data-particle-mobile-disabled=\"false\" class=\"elementor-element elementor-element-31aa44f e-con-full e-flex e-con e-child\" data-id=\"31aa44f\" data-element_type=\"container\" data-e-type=\"container\">\n\t\t\t\t<div class=\"elementor-element elementor-element-eb52e23 elementor-widget elementor-widget-text-editor\" data-id=\"eb52e23\" data-element_type=\"widget\" data-e-type=\"widget\" data-widget_type=\"text-editor.default\">\n\t\t\t\t\t\t\t\t\t<ul><li>\u00c4rlighet i kommunikation och \u00e5taganden<\/li><li>Integritet inom v\u00e5rt team och v\u00e5ra partners<\/li><li>Respekt och artighet i alla sammanhang<\/li><li>Biophilia som ett dagligt tankes\u00e4tt, inte bara ett koncept<\/li><li>Minska, \u00e5teranv\u00e4nd, \u00e5tervinn - alltid<\/li><\/ul>\t\t\t\t\t\t\t\t<\/div>\n\t\t\t\t<\/div>\n\t\t<div data-particle_enable=\"false\" data-particle-mobile-disabled=\"false\" class=\"elementor-element elementor-element-016a3bb e-con-full e-flex e-con e-child\" data-id=\"016a3bb\" data-element_type=\"container\" data-e-type=\"container\">\n\t\t\t\t<div class=\"elementor-element elementor-element-9ec25ee elementor-widget elementor-widget-text-editor\" data-id=\"9ec25ee\" data-element_type=\"widget\" data-e-type=\"widget\" data-widget_type=\"text-editor.default\">\n\t\t\t\t\t\t\t\t\t<ul><li>Utbilda andra om kraften i naturintegrerad design<\/li><li>Ta ansvar f\u00f6r varje p\u00e5verkan vi g\u00f6r<\/li><li>Engagera oss i v\u00e5rt lokala och globala samh\u00e4lle<\/li><li>St\u00f6dja en h\u00e4lsosam, motiverad arbetsplats d\u00e4r m\u00e4nniskan st\u00e5r i centrum<\/li><li>Utforma varje l\u00f6sning med morgondagen i \u00e5tanke<\/li><\/ul>\t\t\t\t\t\t\t\t<\/div>\n\t\t\t\t<\/div>\n\t\t\t\t<\/div>\n\t\t<div data-particle_enable=\"false\" data-particle-mobile-disabled=\"false\" class=\"elementor-element elementor-element-4f2e829 e-con-full e-flex elementor-invisible e-con e-child\" data-id=\"4f2e829\" data-element_type=\"container\" data-e-type=\"container\" data-settings=\"{&quot;animation&quot;:&quot;fadeInUp&quot;}\">\n\t\t\t\t<div class=\"elementor-element elementor-element-a834122 elementor-widget elementor-widget-text-editor\" data-id=\"a834122\" data-element_type=\"widget\" data-e-type=\"widget\" data-widget_type=\"text-editor.default\">\n\t\t\t\t\t\t\t\t\t<p>Vi anser att h\u00e5llbarhet inte bara \u00e4r vad vi g\u00f6r, utan vem vi \u00e4r.<\/p>\t\t\t\t\t\t\t\t<\/div>\n\t\t\t\t<\/div>\n\t\t\t\t<\/div>\n\t\t<div data-particle_enable=\"false\" data-particle-mobile-disabled=\"false\" class=\"elementor-element elementor-element-adb7c86 e-con-full animated-slow e-flex elementor-invisible e-con e-child\" data-id=\"adb7c86\" data-element_type=\"container\" data-e-type=\"container\" data-settings=\"{&quot;background_background&quot;:&quot;classic&quot;,&quot;animation&quot;:&quot;fadeIn&quot;}\">\n\t\t\t\t<\/div>\n\t\t\t\t<\/div>\n\t\t<div data-particle_enable=\"false\" data-particle-mobile-disabled=\"false\" class=\"elementor-element elementor-element-4519330 e-con-full e-flex e-con e-parent\" data-id=\"4519330\" data-element_type=\"container\" data-e-type=\"container\">\n\t\t<div data-particle_enable=\"false\" data-particle-mobile-disabled=\"false\" class=\"elementor-element elementor-element-e065ee7 e-con-full e-flex e-con e-child\" data-id=\"e065ee7\" data-element_type=\"container\" data-e-type=\"container\" data-settings=\"{&quot;background_background&quot;:&quot;classic&quot;}\">\n\t\t\t\t<div class=\"elementor-element elementor-element-08bd47d elementor-invisible elementor-widget elementor-widget-heading\" data-id=\"08bd47d\" data-element_type=\"widget\" data-e-type=\"widget\" data-settings=\"{&quot;_animation&quot;:&quot;fadeInUp&quot;}\" data-widget_type=\"heading.default\">\n\t\t\t\t\t<h2 class=\"elementor-heading-title elementor-size-default\">Utformning av en biofilisk framtid<\/h2>\t\t\t\t<\/div>\n\t\t<div data-particle_enable=\"false\" data-particle-mobile-disabled=\"false\" class=\"elementor-element elementor-element-ea15df2 e-con-full e-flex e-con e-child\" data-id=\"ea15df2\" data-element_type=\"container\" data-e-type=\"container\">\n\t\t\t\t<div class=\"elementor-element elementor-element-40497d4 elementor-invisible elementor-widget elementor-widget-html\" data-id=\"40497d4\" data-element_type=\"widget\" data-e-type=\"widget\" data-settings=\"{&quot;_animation&quot;:&quot;fadeInUp&quot;}\" data-widget_type=\"html.default\">\n\t\t\t\t\t<div style=\"width:1.5px; height:80px; background-color:#333333; margin: auto;\"><\/div>\r\n\t\t\t\t<\/div>\n\t\t\t\t<\/div>\n\t\t<div data-particle_enable=\"false\" data-particle-mobile-disabled=\"false\" class=\"elementor-element elementor-element-b1e2b83 e-con-full e-flex elementor-invisible e-con e-child\" data-id=\"b1e2b83\" data-element_type=\"container\" data-e-type=\"container\" data-settings=\"{&quot;animation&quot;:&quot;fadeInUp&quot;}\">\n\t\t<div data-particle_enable=\"false\" data-particle-mobile-disabled=\"false\" class=\"elementor-element elementor-element-0f1493f e-con-full e-flex e-con e-child\" data-id=\"0f1493f\" data-element_type=\"container\" data-e-type=\"container\">\n\t\t\t\t<div class=\"elementor-element elementor-element-0bd06b6 elementor-widget elementor-widget-text-editor\" data-id=\"0bd06b6\" data-element_type=\"widget\" data-e-type=\"widget\" data-widget_type=\"text-editor.default\">\n\t\t\t\t\t\t\t\t\t<p style=\"text-align: left;\">P\u00e5 Greenmood \u00e4r vi specialiserade p\u00e5 biofil akustisk design med v\u00e4ggar av bevarad mossa, naturliga korkplattor och andra milj\u00f6medvetna material som st\u00f6der h\u00e5llbarhet och sensoriskt v\u00e4lbefinnande.<br \/>V\u00e5ra naturinspirerade produkter \u00e4r utformade f\u00f6r att:<\/p>\t\t\t\t\t\t\t\t<\/div>\n\t\t\t\t<\/div>\n\t\t\t\t<\/div>\n\t\t<div data-particle_enable=\"false\" data-particle-mobile-disabled=\"false\" class=\"elementor-element elementor-element-8bf2f9e e-con-full e-flex elementor-invisible e-con e-child\" data-id=\"8bf2f9e\" data-element_type=\"container\" data-e-type=\"container\" data-settings=\"{&quot;animation&quot;:&quot;fadeInUp&quot;}\">\n\t\t<div data-particle_enable=\"false\" data-particle-mobile-disabled=\"false\" class=\"elementor-element elementor-element-5e330cf e-con-full e-flex e-con e-child\" data-id=\"5e330cf\" data-element_type=\"container\" data-e-type=\"container\">\n\t\t<div data-particle_enable=\"false\" data-particle-mobile-disabled=\"false\" class=\"elementor-element elementor-element-400e559 e-con-full e-flex e-con e-child\" data-id=\"400e559\" data-element_type=\"container\" data-e-type=\"container\">\n\t\t\t\t<div class=\"elementor-element elementor-element-60573af elementor-widget elementor-widget-text-editor\" data-id=\"60573af\" data-element_type=\"widget\" data-e-type=\"widget\" data-widget_type=\"text-editor.default\">\n\t\t\t\t\t\t\t\t\t<ul style=\"text-align: left;\"><li>Minska ljudf\u00f6roreningar i \u00f6ppna utrymmen och p\u00e5 kontor<\/li><li>Inf\u00f6r varma, organiska texturer i sterila eller industriella interi\u00f6rer<\/li><li>Gr\u00f6n estetik utan underh\u00e5ll - inget ljus, vatten eller jord kr\u00e4vs<\/li><\/ul>\t\t\t\t\t\t\t\t<\/div>\n\t\t\t\t<\/div>\n\t\t<div data-particle_enable=\"false\" data-particle-mobile-disabled=\"false\" class=\"elementor-element elementor-element-2d2a381 e-con-full e-flex e-con e-child\" data-id=\"2d2a381\" data-element_type=\"container\" data-e-type=\"container\">\n\t\t\t\t<div class=\"elementor-element elementor-element-77be1c7 elementor-widget elementor-widget-text-editor\" data-id=\"77be1c7\" data-element_type=\"widget\" data-e-type=\"widget\" data-widget_type=\"text-editor.default\">\n\t\t\t\t\t\t\t\t\t<p>Varje element \u00e4r noggrant utvalt f\u00f6r att ge visuellt lugn, akustisk komfort och en naturlig atmosf\u00e4r till den byggda milj\u00f6n, utan de begr\u00e4nsningar som levande v\u00e4xter medf\u00f6r.\u00a0<\/p>\t\t\t\t\t\t\t\t<\/div>\n\t\t\t\t<\/div>\n\t\t\t\t<\/div>\n\t\t\t\t<div class=\"elementor-element elementor-element-e8ea2e5 elementor-widget elementor-widget-text-editor\" data-id=\"e8ea2e5\" data-element_type=\"widget\" data-e-type=\"widget\" data-widget_type=\"text-editor.default\">\n\t\t\t\t\t\t\t\t\t<p>V\u00e5ra l\u00f6sningar \u00e4r idealiska f\u00f6r moderna arbetsplatser som s\u00f6ker h\u00e5llbar sk\u00f6nhet, funktionell design och en m\u00e4nniskocentrerad atmosf\u00e4r som bygger p\u00e5 biofiliska principer.<\/p>\t\t\t\t\t\t\t\t<\/div>\n\t\t\t\t<\/div>\n\t\t\t\t<\/div>\n\t\t<div data-particle_enable=\"false\" data-particle-mobile-disabled=\"false\" class=\"elementor-element elementor-element-29292a1 e-con-full animated-slow e-flex elementor-invisible e-con e-child\" data-id=\"29292a1\" data-element_type=\"container\" data-e-type=\"container\" data-settings=\"{&quot;background_background&quot;:&quot;classic&quot;,&quot;animation&quot;:&quot;fadeIn&quot;}\">\n\t\t\t\t<\/div>\n\t\t\t\t<\/div>\n\t\t<div data-particle_enable=\"false\" data-particle-mobile-disabled=\"false\" class=\"elementor-element elementor-element-a49d072 e-flex e-con-boxed e-con e-parent\" data-id=\"a49d072\" data-element_type=\"container\" data-e-type=\"container\">\n\t\t\t\t\t<div class=\"e-con-inner\">\n\t\t\t\t<div class=\"elementor-element elementor-element-00bbdb4 elementor-invisible elementor-widget elementor-widget-heading\" data-id=\"00bbdb4\" data-element_type=\"widget\" data-e-type=\"widget\" data-settings=\"{&quot;_animation&quot;:&quot;fadeInUp&quot;}\" data-widget_type=\"heading.default\">\n\t\t\t\t\t<h2 class=\"elementor-heading-title elementor-size-default\">H\u00e5llbarhetsrapport<\/h2>\t\t\t\t<\/div>\n\t\t<div data-particle_enable=\"false\" data-particle-mobile-disabled=\"false\" class=\"elementor-element elementor-element-c8ff4df e-con-full e-flex e-con e-child\" data-id=\"c8ff4df\" data-element_type=\"container\" data-e-type=\"container\">\n\t\t\t\t<div class=\"elementor-element elementor-element-94a6e6d elementor-invisible elementor-widget elementor-widget-html\" data-id=\"94a6e6d\" data-element_type=\"widget\" data-e-type=\"widget\" data-settings=\"{&quot;_animation&quot;:&quot;fadeInUp&quot;}\" data-widget_type=\"html.default\">\n\t\t\t\t\t<div style=\"width:1.5px; height:80px; background-color:#333333; margin: auto;\"><\/div>\r\n\t\t\t\t<\/div>\n\t\t<div data-particle_enable=\"false\" data-particle-mobile-disabled=\"false\" class=\"elementor-element elementor-element-0cebc6b e-con-full e-flex elementor-invisible e-con e-child\" data-id=\"0cebc6b\" data-element_type=\"container\" data-e-type=\"container\" data-settings=\"{&quot;animation&quot;:&quot;fadeInUp&quot;}\">\n\t\t<div data-particle_enable=\"false\" data-particle-mobile-disabled=\"false\" class=\"elementor-element elementor-element-ceae859 e-con-full e-flex e-con e-child\" data-id=\"ceae859\" data-element_type=\"container\" data-e-type=\"container\">\n\t\t\t\t<div class=\"elementor-element elementor-element-233e45c elementor-widget elementor-widget-text-editor\" data-id=\"233e45c\" data-element_type=\"widget\" data-e-type=\"widget\" data-widget_type=\"text-editor.default\">\n\t\t\t\t\t\t\t\t\t<p style=\"text-align: center;\">Utforska v\u00e5r senaste rapport som omfattar materialink\u00f6p, konserveringsprocess, livscykeldata och \u00e5tg\u00e4rder f\u00f6r cirkularitet. Transparenta m\u00e4tv\u00e4rden som hj\u00e4lper dig att specificera v\u00e5ra produkter med tillf\u00f6rsikt.<\/p>\t\t\t\t\t\t\t\t<\/div>\n\t\t\t\t<div class=\"elementor-element elementor-element-53187d4 elementor-tablet-align-center elementor-align-center elementor-widget elementor-widget-button\" data-id=\"53187d4\" data-element_type=\"widget\" data-e-type=\"widget\" data-widget_type=\"button.default\">\n\t\t\t\t\t\t\t\t\t\t<a class=\"elementor-button elementor-button-link elementor-size-sm\" href=\"https:\/\/greenmood.se\/se\/greenmood_sustainability_report_2023-copy\/\">\n\t\t\t\t\t\t<span class=\"elementor-button-content-wrapper\">\n\t\t\t\t\t\t<span class=\"elementor-button-icon\">\n\t\t\t\t<svg aria-hidden=\"true\" class=\"e-font-icon-svg e-fas-arrow-alt-circle-down\" viewbox=\"0 0 512 512\" xmlns=\"http:\/\/www.w3.org\/2000\/svg\"><path d=\"M504 256c0 137-111 248-248 248S8 393 8 256 119 8 256 8s248 111 248 248zM212 140v116h-70.9c-10.7 0-16.1 13-8.5 20.5l114.9 114.3c4.7 4.7 12.2 4.7 16.9 0l114.9-114.3c7.6-7.6 2.2-20.5-8.5-20.5H300V140c0-6.6-5.4-12-12-12h-64c-6.6 0-12 5.4-12 12z\"><\/path><\/svg>\t\t\t<\/span>\n\t\t\t\t\t\t\t\t\t<span class=\"elementor-button-text\">Ladda ner h\u00e5llbarhetsrapport<\/span>\n\t\t\t\t\t<\/span>\n\t\t\t\t\t<\/a>\n\t\t\t\t\t\t\t\t<\/div>\n\t\t\t\t<\/div>\n\t\t\t\t<\/div>\n\t\t\t\t<\/div>\n\t\t\t\t\t<\/div>\n\t\t\t\t<\/div>\n\t\t<div data-particle_enable=\"false\" data-particle-mobile-disabled=\"false\" class=\"elementor-element elementor-element-6a71dde e-con-full animated-slow e-flex elementor-invisible e-con e-parent\" data-id=\"6a71dde\" data-element_type=\"container\" data-e-type=\"container\" data-settings=\"{&quot;background_background&quot;:&quot;classic&quot;,&quot;animation&quot;:&quot;fadeIn&quot;}\">\n\t\t<div data-particle_enable=\"false\" data-particle-mobile-disabled=\"false\" class=\"elementor-element elementor-element-9f726ea e-flex e-con-boxed e-con e-child\" data-id=\"9f726ea\" data-element_type=\"container\" data-e-type=\"container\">\n\t\t\t\t\t<div class=\"e-con-inner\">\n\t\t\t\t<div class=\"elementor-element elementor-element-70c3c29 elementor-tablet-align-center elementor-widget elementor-widget-button\" data-id=\"70c3c29\" data-element_type=\"widget\" data-e-type=\"widget\" data-widget_type=\"button.default\">\n\t\t\t\t\t\t\t\t\t\t<a class=\"elementor-button elementor-button-link elementor-size-sm\" href=\"https:\/\/greenmood.se\/se\/losningar\/\">\n\t\t\t\t\t\t<span class=\"elementor-button-content-wrapper\">\n\t\t\t\t\t\t\t\t\t<span class=\"elementor-button-text\">Uppt\u00e4ck v\u00e5ra l\u00f6sningar<\/span>\n\t\t\t\t\t<\/span>\n\t\t\t\t\t<\/a>\n\t\t\t\t\t\t\t\t<\/div>\n\t\t\t\t<div class=\"elementor-element elementor-element-f1637a3 elementor-tablet-align-center elementor-widget elementor-widget-button\" data-id=\"f1637a3\" data-element_type=\"widget\" data-e-type=\"widget\" data-widget_type=\"button.default\">\n\t\t\t\t\t\t\t\t\t\t<a class=\"elementor-button elementor-button-link elementor-size-sm\" href=\"https:\/\/greenmood.se\/se\/design_kollektion\/\">\n\t\t\t\t\t\t<span class=\"elementor-button-content-wrapper\">\n\t\t\t\t\t\t\t\t\t<span class=\"elementor-button-text\">Utforska v\u00e5ra produkter<\/span>\n\t\t\t\t\t<\/span>\n\t\t\t\t\t<\/a>\n\t\t\t\t\t\t\t\t<\/div>\n\t\t\t\t\t<\/div>\n\t\t\t\t<\/div>\n\t\t\t\t<\/div>\n\t\t\t\t<\/div>","protected":false},"excerpt":{"rendered":"<p>Sustainability&nbsp;&nbsp;&nbsp;&nbsp;Sustainability&nbsp;&nbsp;&nbsp;&nbsp; Our View on Sustainability At Greenmood, we believe sustainability is more than an environmental obligation \u2014 it\u2019s a way of designing spaces that care for both people and nature. While many associate sustainability with the world outside, our biophilic approach focuses equally on the indoor environments where people live and work. We recognize the [&hellip;]<\/p>\n","protected":false},"author":1,"featured_media":0,"parent":0,"menu_order":0,"comment_status":"closed","ping_status":"closed","template":"elementor_header_footer","meta":{"_seopress_robots_primary_cat":"","_seopress_titles_title":"Sustainability \u2014 Greenmood Sweden","_seopress_titles_desc":"Greenmood sustainability: eco-materials, plant preservation and acoustic innovation for responsible biophilic design.","_seopress_robots_index":"","footnotes":""},"class_list":["post-2549","page","type-page","status-publish","hentry"],"_links":{"self":[{"href":"https:\/\/greenmood.se\/se\/wp-json\/wp\/v2\/pages\/2549","targetHints":{"allow":["GET"]}}],"collection":[{"href":"https:\/\/greenmood.se\/se\/wp-json\/wp\/v2\/pages"}],"about":[{"href":"https:\/\/greenmood.se\/se\/wp-json\/wp\/v2\/types\/page"}],"author":[{"embeddable":true,"href":"https:\/\/greenmood.se\/se\/wp-json\/wp\/v2\/users\/1"}],"replies":[{"embeddable":true,"href":"https:\/\/greenmood.se\/se\/wp-json\/wp\/v2\/comments?post=2549"}],"version-history":[{"count":0,"href":"https:\/\/greenmood.se\/se\/wp-json\/wp\/v2\/pages\/2549\/revisions"}],"wp:attachment":[{"href":"https:\/\/greenmood.se\/se\/wp-json\/wp\/v2\/media?parent=2549"}],"curies":[{"name":"wp","href":"https:\/\/api.w.org\/{rel}","templated":true}]}}