{"id":2572,"date":"2025-07-22T13:02:59","date_gmt":"2025-07-22T13:02:59","guid":{"rendered":"https:\/\/greenmood.us\/se\/?page_id=2572"},"modified":"2025-10-03T12:15:59","modified_gmt":"2025-10-03T12:15:59","slug":"designers","status":"publish","type":"page","link":"https:\/\/greenmood.se\/se\/designers\/","title":{"rendered":"Formgivare"},"content":{"rendered":"<p>Formgivare Formgivare&nbsp;&nbsp;&nbsp;&nbsp;<\/p>\n<style>\n@font-face {\n  font-family: 'Spezia';\n  src: url('https:\/\/yourdomain.com\/path-to-spezia.woff2') format('woff2');\n  font-weight: normal;\n  font-style: normal;\n}\n.scrolling-text {\n  position: absolute;\n  top: 0; \/* \u2705 bien en haut *\/\n  left: 0;\n  width: 100%;\n  overflow: visible; \/* \u2705 pour \u00e9viter de couper le bas des lettres *\/\n  white-space: nowrap;\n  z-index: 1;\n  pointer-events: none;\n  line-height: 1.1;\n}\n.scrolling-text span {\n  display: inline-block;\n  animation: scroll-left 30s linear infinite;\n  font-family: 'Spezia', serif;\n  font-size: 16vw;\n  color: rgba(0, 0, 0, 0.18);\n  line-height: 1.2;\n  padding-bottom: 0.3em;\n}\n@keyframes scroll-left {\n  0% {\n    transform: translateX(0%);\n  }\n  100% {\n    transform: translateX(-100%);\n  }\n}\n<\/style>\n<h2>Alain Gilles<\/h2>\n<p>Efter studier i statsvetenskap och marknadsf\u00f6ring arbetade Alain Gilles i fem \u00e5r inom den internationella finansv\u00e4rlden.<\/p>\n<p>Efter att ha studerat statsvetenskap och marknadsf\u00f6ring tillbringade Alain Gilles fem \u00e5r inom den internationella finanssektorn innan han best\u00e4mde sig f\u00f6r att \u00e4gna sig \u00e5t sin verkliga passion: design. \u00c5r 2007 grundade han sin egen studio i Bryssel, d\u00e4r han skapar m\u00f6bler, f\u00f6rem\u00e5l och inredningskoncept som kombinerar funktion med ber\u00e4ttelse, stringens med uttrycksfullhet. Hans arbete har sedan dess blivit internationellt erk\u00e4nt f\u00f6r sin originalitet och sitt konceptuella djup.<\/p>\n<p>F\u00f6r Greenmood har Gilles designat <strong data-start=\"780\" data-end=\"805\">Kollektion Cork Tiles<\/strong> (<em data-start=\"807\" data-end=\"845\">Parenthese, Sillon, Brickx och Morse<\/em>), vilket \u00e5terspeglar hans intresse f\u00f6r <strong data-start=\"875\" data-end=\"912\">naturliga och h\u00e5llbara material<\/strong>. Dessa verk oms\u00e4tter hans talang f\u00f6r rytm, kontrast och perspektiv till modul\u00e4ra ytor som \u00e4r b\u00e5de grafiska och biofila.\u00a0<\/p>\n<p>\u00c5r 2012 uts\u00e5gs han till <strong data-start=\"1066\" data-end=\"1092\">\u201c\u00c5rets designer\u201d<\/strong> p\u00e5 den prestigefyllda Interieur Kortrijk-m\u00e4ssan och bekr\u00e4ftade d\u00e4rmed sin position som en ledande gestalt p\u00e5 den globala designscenen.<\/p>\n<h2>ADDI<\/h2>\n<p>ADDI \u00e4r en svensk designstudio med ett lekfullt tankes\u00e4tt och en seri\u00f6s verktygsl\u00e5da. Med ett starkt fokus p\u00e5 anv\u00e4ndarcentrerad design och konceptdriven utveckling skapar de m\u00f6bler, belysning och f\u00f6rem\u00e5l som \u00e4r meningsfulla, b\u00e5de funktionellt och k\u00e4nslom\u00e4ssigt. ADDI \u00e4r k\u00e4nda f\u00f6r sin nyfikenhet och sitt praktiska f\u00f6rh\u00e5llningss\u00e4tt och arbetar i olika skalor och kategorier, och samarbetar med internationella kunder i Europa och Asien.<\/p>\n<p>Deras designprocess \u00e4r b\u00e5de genomt\u00e4nkt och dj\u00e4rv och blandar strategi med experiment f\u00f6r att n\u00e5 ov\u00e4ntade men \u00e4nd\u00e5 mycket anv\u00e4ndbara resultat. Under \u00e5rens lopp har deras arbete bel\u00f6nats med flera designpriser, vilket \u00e4r ett bevis p\u00e5 deras konsekventa engagemang f\u00f6r kvalitet, relevans och originalitet. Oavsett om det handlar om att forma vardagsf\u00f6rem\u00e5l eller om att ompr\u00f6va hela produktlinjer bidrar ADDI med ett nytt perspektiv och en f\u00f6rm\u00e5ga att f\u00e5 det komplexa att k\u00e4nnas enkelt.<\/p>\n<p>Oavsett om det handlar om att forma vardagsf\u00f6rem\u00e5l eller att ompr\u00f6va hela produktlinjer, tillf\u00f6r ADDI ett nytt perspektiv och en unik f\u00f6rm\u00e5ga att f\u00e5 det v\u00e4sentliga att k\u00e4nnas enkelt.<\/p>\n<h2>Lieven Musschoot &amp; Cas Moor<\/h2>\n<p style=\"text-align: center;\">Den belgiska designduon Lieven Musschoot och Cas Moor lanserade Moony with Greenmood 2021.<\/p>\n<p>Lieven tog examen i inredningsarkitektur vid St. Lucas Hogeschool i Gent. \u00c5r 2009 \u00f6ppnade han sin egen designstudio f\u00f6r produktdesign och inredningsutveckling. Lieven fick sitt f\u00f6rsta stora genombrott genom att designa f\u00f6r restaurangsektorn, tack vare sin f\u00f6rm\u00e5ga att skapa den r\u00e4tta atmosf\u00e4ren samtidigt som han s\u00e4kerst\u00e4llde h\u00f6gsta m\u00f6jliga funktionalitet.<\/p>\n<p>Cas tog examen med en kandidatexamen i inredningsarkitektur och en masterexamen i autonom design 2015. Innan han avslutade sina studier arbetade Cas redan som oberoende designer f\u00f6r olika f\u00f6retag tack vare sitt personliga f\u00f6rh\u00e5llningss\u00e4tt till design.<\/p>\n<p>Om sin skapandeprocess s\u00e4ger Cas: \"Ist\u00e4llet f\u00f6r att designa en produkt f\u00f6r specifika funktioner eller krav, v\u00e4xer produkten fram ur materialet, tekniken eller ur experimenterande, vilket resulterar i '\u00e4rliga' produkter d\u00e4r material och hantverk inte bara tj\u00e4nar formen utan ocks\u00e5 ber\u00e4ttar en historia.\"<\/p>\n<h2>STUDIO NOVE.3<\/h2>\n<p>De italienska formgivarna Luca Giacomelli och Lorenzo Rossotti, fr\u00e5n Studio Nove.3, tog examen i produktdesign vid European Institute of Design (IED) i Milano 2015. Sedan dess har de b\u00e5da samarbetat med lokala designstudior och arbetat inom f\u00f6rpackningssektorn.<\/p>\n<p>\u00c5r 2018 grundade duon produktdesign- och designkonsultf\u00f6retaget Studio Nove.3 i Milano. De har deltagit i olika t\u00e4vlingar och f\u00e5tt internationella utm\u00e4rkelser fr\u00e5n viktiga f\u00f6retag inom m\u00f6belsektorn.<\/p>\n<p>\u201cVi s\u00f6ker alltid efter samarbeten med internationella f\u00f6retag, eftersom v\u00e5rt uppdrag \u00e4r att forts\u00e4tta exportera italiensk kreativitet \u00f6ver hela v\u00e4rlden.\u201d<\/p>\n<p>\t\t\t\t\t\t\t\t<a role=\"button\"><br \/>\n\t\t\t\t\t\t\t\t\tUppt\u00e4ck v\u00e5ra l\u00f6sningar<br \/>\n\t\t\t\t\t<\/a><br \/>\n\t\t\t\t\t\t\t\t\t\t\t\t\t\t<a role=\"button\"><br \/>\n\t\t\t\t\t\t\t\t\tUtforska v\u00e5ra produkter<br \/>\n\t\t\t\t\t<\/a><\/p>","protected":false},"excerpt":{"rendered":"<p>Designers&nbsp;&nbsp;&nbsp;&nbsp;Designers&nbsp;&nbsp;&nbsp;&nbsp; Alain Gilles After studying Political Sciences and Marketing Management, Alain Gilles went on to work in the international financial world for 5 years. After studying Political Science and Marketing Management, Alain Gilles spent five years in the international financial sector before deciding to pursue his true passion: design. In 2007 he founded his own [&hellip;]<\/p>\n","protected":false},"author":1,"featured_media":0,"parent":0,"menu_order":0,"comment_status":"closed","ping_status":"closed","template":"elementor_header_footer","meta":{"_seopress_robots_primary_cat":"","_seopress_titles_title":"","_seopress_titles_desc":"","_seopress_robots_index":"","footnotes":""},"class_list":["post-2572","page","type-page","status-publish","hentry"],"_links":{"self":[{"href":"https:\/\/greenmood.se\/se\/wp-json\/wp\/v2\/pages\/2572","targetHints":{"allow":["GET"]}}],"collection":[{"href":"https:\/\/greenmood.se\/se\/wp-json\/wp\/v2\/pages"}],"about":[{"href":"https:\/\/greenmood.se\/se\/wp-json\/wp\/v2\/types\/page"}],"author":[{"embeddable":true,"href":"https:\/\/greenmood.se\/se\/wp-json\/wp\/v2\/users\/1"}],"replies":[{"embeddable":true,"href":"https:\/\/greenmood.se\/se\/wp-json\/wp\/v2\/comments?post=2572"}],"version-history":[{"count":0,"href":"https:\/\/greenmood.se\/se\/wp-json\/wp\/v2\/pages\/2572\/revisions"}],"wp:attachment":[{"href":"https:\/\/greenmood.se\/se\/wp-json\/wp\/v2\/media?parent=2572"}],"curies":[{"name":"wp","href":"https:\/\/api.w.org\/{rel}","templated":true}]}}