{"id":3,"date":"2025-05-27T09:10:26","date_gmt":"2025-05-27T09:10:26","guid":{"rendered":"https:\/\/greenmood.us\/se\/?page_id=3"},"modified":"2025-09-10T09:13:29","modified_gmt":"2025-09-10T09:13:29","slug":"integritetspolicy","status":"publish","type":"page","link":"https:\/\/greenmood.se\/se\/integritetspolicy\/","title":{"rendered":"\ud83d\udee1\ufe0f Integritetspolicy"},"content":{"rendered":"<div data-elementor-type=\"wp-page\" data-elementor-id=\"3\" class=\"elementor elementor-3\" data-elementor-post-type=\"page\">\n\t\t\t\t<div data-particle_enable=\"false\" data-particle-mobile-disabled=\"false\" class=\"elementor-element elementor-element-6bc6dd1f e-flex e-con-boxed e-con e-parent\" data-id=\"6bc6dd1f\" data-element_type=\"container\" data-e-type=\"container\">\n\t\t\t\t\t<div class=\"e-con-inner\">\n\t\t\t\t<div class=\"elementor-element elementor-element-2e0d4846 elementor-widget elementor-widget-text-editor\" data-id=\"2e0d4846\" data-element_type=\"widget\" data-e-type=\"widget\" data-widget_type=\"text-editor.default\">\n\t\t\t\t\t\t\t\t\t\n<p data-start=\"1876\" data-end=\"2221\"><strong data-start=\"1876\" data-end=\"1895\">1. Inledning<\/strong><br data-start=\"1895\" data-end=\"1898\" \/>The Pack &amp; Co SPRL (\u201cGreenmood\u201d eller \u201cvi\u201d), med huvudkontor i Belgien, \u00e4r dedikerade till att skapa l\u00f6sningar f\u00f6r glada och h\u00e4lsosamma arbetsplatser \u00f6ver hela v\u00e4rlden genom biofilisk design. Denna integritetspolicy f\u00f6rklarar hur vi behandlar personuppgifter i enlighet med den allm\u00e4nna dataskyddsf\u00f6rordningen (GDPR) och andra till\u00e4mpliga lagar.<\/p>\n<p data-start=\"2223\" data-end=\"2426\"><strong data-start=\"2223\" data-end=\"2243\">2. Till\u00e4mplighet<\/strong><br data-start=\"2243\" data-end=\"2246\" \/>Denna integritetspolicy g\u00e4ller f\u00f6r behandling av personuppgifter av alla europeiska Greenmood-bolag avseende personer inom Europeiska unionen. Greenmood-koncernen omfattar:<\/p>\n<ul data-start=\"2427\" data-end=\"2682\">\n<li data-start=\"2427\" data-end=\"2496\">\n<p data-start=\"2429\" data-end=\"2496\">Pack &amp; Co SPRL, Square de l'Atomium 1\/102, 1020 Bryssel, Belgien<\/p>\n<\/li>\n<li data-start=\"2497\" data-end=\"2566\">\n<p data-start=\"2499\" data-end=\"2566\">Greenmood Poland Sp. z o.o., Ogrodowa 3, 66-450 Bogdaniec, Polen<\/p>\n<\/li>\n<li data-start=\"2567\" data-end=\"2682\">\n<p data-start=\"2569\" data-end=\"2682\">Biophilic Design Corp, 1599 E. 15th St. 5th Floor Suite C, Brooklyn, NY 11230, New York City - NY 10016<\/p>\n<\/li>\n<\/ul>\n<p data-start=\"2684\" data-end=\"2790\"><strong data-start=\"2684\" data-end=\"2717\">3. \u00c4ndam\u00e5let med behandlingen av personuppgifter<\/strong><br data-start=\"2717\" data-end=\"2720\" \/>Vi behandlar personuppgifter av legitima aff\u00e4rsm\u00e4ssiga sk\u00e4l, inklusive:<\/p>\n<ul data-start=\"2791\" data-end=\"2938\">\n<li data-start=\"2791\" data-end=\"2817\">\n<p data-start=\"2793\" data-end=\"2817\">Tillhandah\u00e5llande av v\u00e5ra tj\u00e4nster<\/p>\n<\/li>\n<li data-start=\"2818\" data-end=\"2844\">\n<p data-start=\"2820\" data-end=\"2844\">Kommunikation med kunder<\/p>\n<\/li>\n<li data-start=\"2845\" data-end=\"2869\">\n<p data-start=\"2847\" data-end=\"2869\">Marknadsf\u00f6ringsaktiviteter<\/p>\n<\/li>\n<li data-start=\"2870\" data-end=\"2904\">\n<p data-start=\"2872\" data-end=\"2904\">Webbplats- och systemunderh\u00e5ll<\/p>\n<\/li>\n<li data-start=\"2905\" data-end=\"2938\">\n<p data-start=\"2907\" data-end=\"2938\">S\u00e4kerhet och f\u00f6rebyggande av bedr\u00e4gerier<\/p>\n<\/li>\n<\/ul>\n<p data-start=\"2940\" data-end=\"3072\"><strong data-start=\"2940\" data-end=\"2960\">4. R\u00e4ttsliga grunder<\/strong><br data-start=\"2960\" data-end=\"2963\" \/>Vi behandlar personuppgifter p\u00e5 grundval av avtalsf\u00f6rpliktelser, ber\u00e4ttigade intressen eller samtycke n\u00e4r s\u00e5 kr\u00e4vs.<\/p>\n<p data-start=\"3074\" data-end=\"3119\"><strong data-start=\"3074\" data-end=\"3092\">5. Dina r\u00e4ttigheter<\/strong><br data-start=\"3092\" data-end=\"3095\" \/>Du har r\u00e4tt till:<\/p>\n<ul data-start=\"3120\" data-end=\"3319\">\n<li data-start=\"3120\" data-end=\"3149\">\n<p data-start=\"3122\" data-end=\"3149\">F\u00e5 tillg\u00e5ng till dina personuppgifter<\/p>\n<\/li>\n<li data-start=\"3150\" data-end=\"3187\">\n<p data-start=\"3152\" data-end=\"3187\">Beg\u00e4ra r\u00e4ttelse eller radering<\/p>\n<\/li>\n<li data-start=\"3188\" data-end=\"3224\">\n<p data-start=\"3190\" data-end=\"3224\">Begr\u00e4nsa eller inv\u00e4nda mot behandling<\/p>\n<\/li>\n<li data-start=\"3225\" data-end=\"3253\">\n<p data-start=\"3227\" data-end=\"3253\">Beg\u00e4r dataportabilitet<\/p>\n<\/li>\n<li data-start=\"3254\" data-end=\"3319\">\n<p data-start=\"3256\" data-end=\"3319\">\u00c5terkalla samtycke n\u00e4r som helst (inklusive f\u00f6r direktmarknadsf\u00f6ring)<\/p>\n<\/li>\n<\/ul>\n<p data-start=\"3321\" data-end=\"3534\"><strong data-start=\"3321\" data-end=\"3343\">6. Insamling av data<\/strong><br data-start=\"3343\" data-end=\"3346\" \/>Vi samlar in data via webbplatser, appar och interaktioner. Det kan handla om identifieringsuppgifter, kontaktinformation, elektroniska identifierare, interaktionsloggar och andra relevanta uppgifter.<\/p>\n<p data-start=\"3536\" data-end=\"3681\"><strong data-start=\"3536\" data-end=\"3556\">7. Datas\u00e4kerhet<\/strong><br data-start=\"3556\" data-end=\"3559\" \/>Vi till\u00e4mpar robusta tekniska och organisatoriska \u00e5tg\u00e4rder f\u00f6r att skydda dina uppgifter mot obeh\u00f6rig \u00e5tkomst, f\u00f6rlust eller missbruk.<\/p>\n<p data-start=\"3683\" data-end=\"3806\"><strong data-start=\"3683\" data-end=\"3704\">8. Bevarande av uppgifter<\/strong><br data-start=\"3704\" data-end=\"3707\" \/>Vi lagrar endast uppgifter s\u00e5 l\u00e4nge som det \u00e4r n\u00f6dv\u00e4ndigt f\u00f6r att uppfylla r\u00e4ttsliga, avtalsm\u00e4ssiga eller aff\u00e4rsm\u00e4ssiga skyldigheter.<\/p>\n<p data-start=\"3808\" data-end=\"3941\"><strong data-start=\"3808\" data-end=\"3827\">9. Delning av data<\/strong><br data-start=\"3827\" data-end=\"3830\" \/>Vi kan komma att dela personuppgifter med n\u00e4rst\u00e5ende bolag, tj\u00e4nsteleverant\u00f6rer eller myndigheter n\u00e4r s\u00e5 kr\u00e4vs enligt lag.<\/p>\n<p data-start=\"3943\" data-end=\"4085\"><strong data-start=\"3943\" data-end=\"3976\">10. Automatiserat beslutsfattande<\/strong><br data-start=\"3976\" data-end=\"3979\" \/>Vi \u00e4gnar oss inte \u00e5t automatiserat beslutsfattande som har r\u00e4ttsliga eller betydande konsekvenser f\u00f6r enskilda personer.<\/p>\n<p data-start=\"4087\" data-end=\"4177\"><strong data-start=\"4087\" data-end=\"4105\">11. Kontakta oss<\/strong><br data-start=\"4105\" data-end=\"4108\" \/>F\u00f6r fr\u00e5gor om integritet, v\u00e4nligen kontakta oss p\u00e5 <strong data-start=\"4152\" data-end=\"4174\"><a class=\"decorated-link cursor-pointer\" rel=\"noopener\" data-start=\"4154\" data-end=\"4172\">sales@greenmood.be<\/a><\/strong>.<\/p>\n<p data-start=\"4179\" data-end=\"4295\"><strong data-start=\"4179\" data-end=\"4194\">12. Uppdateringar<\/strong><br data-start=\"4194\" data-end=\"4197\" \/>Vi kan komma att uppdatera denna integritetspolicy fr\u00e5n tid till annan. Eventuella \u00e4ndringar kommer att publiceras p\u00e5 denna sida.<\/p>\n<p data-start=\"4297\" data-end=\"4328\"><strong data-start=\"4297\" data-end=\"4314\">Senast uppdaterad:<\/strong> 04.09.2025<\/p>\t\t\t\t\t\t\t\t<\/div>\n\t\t\t\t\t<\/div>\n\t\t\t\t<\/div>\n\t\t\t\t<\/div>","protected":false},"excerpt":{"rendered":"<p>1. IntroductionThe Pack &amp; Co SPRL (\u201cGreenmood\u201d or \u201cwe\u201d), headquartered in Belgium, is dedicated to creating solutions for happy and healthy workspaces worldwide through biophilic design. This Privacy Policy explains how we process personal data in compliance with the General Data Protection Regulation (GDPR) and other applicable laws. 2. ApplicabilityThis Privacy Policy applies to the [&hellip;]<\/p>\n","protected":false},"author":1,"featured_media":0,"parent":0,"menu_order":0,"comment_status":"closed","ping_status":"closed","template":"","meta":{"_seopress_robots_primary_cat":"","_seopress_titles_title":"Privacy Policy","_seopress_titles_desc":"Read Greenmood\u2019s privacy policy. Learn how we protect your data & ensure secure browsing.","_seopress_robots_index":"","footnotes":""},"class_list":["post-3","page","type-page","status-publish","hentry"],"_links":{"self":[{"href":"https:\/\/greenmood.se\/se\/wp-json\/wp\/v2\/pages\/3","targetHints":{"allow":["GET"]}}],"collection":[{"href":"https:\/\/greenmood.se\/se\/wp-json\/wp\/v2\/pages"}],"about":[{"href":"https:\/\/greenmood.se\/se\/wp-json\/wp\/v2\/types\/page"}],"author":[{"embeddable":true,"href":"https:\/\/greenmood.se\/se\/wp-json\/wp\/v2\/users\/1"}],"replies":[{"embeddable":true,"href":"https:\/\/greenmood.se\/se\/wp-json\/wp\/v2\/comments?post=3"}],"version-history":[{"count":0,"href":"https:\/\/greenmood.se\/se\/wp-json\/wp\/v2\/pages\/3\/revisions"}],"wp:attachment":[{"href":"https:\/\/greenmood.se\/se\/wp-json\/wp\/v2\/media?parent=3"}],"curies":[{"name":"wp","href":"https:\/\/api.w.org\/{rel}","templated":true}]}}