{"id":4794,"date":"2025-08-26T09:25:02","date_gmt":"2025-08-26T09:25:02","guid":{"rendered":"https:\/\/greenmood.us\/se\/?page_id=4794"},"modified":"2025-09-05T07:13:31","modified_gmt":"2025-09-05T07:13:31","slug":"fragor-och-svar","status":"publish","type":"page","link":"https:\/\/greenmood.se\/se\/fragor-och-svar\/","title":{"rendered":"VANLIGA FR\u00c5GOR"},"content":{"rendered":"<div data-elementor-type=\"wp-page\" data-elementor-id=\"4794\" class=\"elementor elementor-4794\" data-elementor-post-type=\"page\">\n\t\t\t\t<div data-particle_enable=\"false\" data-particle-mobile-disabled=\"false\" class=\"elementor-element elementor-element-7f2e307 e-flex e-con-boxed e-con e-parent\" data-id=\"7f2e307\" data-element_type=\"container\" data-e-type=\"container\" data-settings=\"{&quot;background_background&quot;:&quot;classic&quot;}\">\n\t\t\t\t\t<div class=\"e-con-inner\">\n\t\t\t\t<div class=\"elementor-element elementor-element-f933fbd elementor-invisible elementor-widget elementor-widget-text-editor\" data-id=\"f933fbd\" data-element_type=\"widget\" data-e-type=\"widget\" data-settings=\"{&quot;_animation&quot;:&quot;fadeInUp&quot;}\" data-widget_type=\"text-editor.default\">\n\t\t\t\t\t\t\t\t\tVANLIGA FR\u00c5GOR<\/br> <\/br>.\n<span style=\"font-family: 'Spezia Serif Book A', serif; font-size: 24px; currentcolor; color: #333333; display: inline-block;\">Snabba svar som hj\u00e4lper dig att komma ig\u00e5ng\n<\/span>\t\t\t\t\t\t\t\t<\/div>\n\t\t\t\t\t<\/div>\n\t\t\t\t<\/div>\n\t\t<div data-particle_enable=\"false\" data-particle-mobile-disabled=\"false\" class=\"elementor-element elementor-element-41468d9 e-flex e-con-boxed e-con e-parent\" data-id=\"41468d9\" data-element_type=\"container\" data-e-type=\"container\">\n\t\t\t\t\t<div class=\"e-con-inner\">\n\t\t\t\t<div class=\"elementor-element elementor-element-99aff72 elementor-widget elementor-widget-text-editor\" data-id=\"99aff72\" data-element_type=\"widget\" data-e-type=\"widget\" data-widget_type=\"text-editor.default\">\n\t\t\t\t\t\t\t\t\t<p>H\u00e4r hittar du det viktigaste om konserverade material, akustisk prestanda, anpassning, installation, ledtider och sk\u00f6tsel. Vi har samlat viktiga punkter f\u00f6r att hj\u00e4lpa dig att specificera v\u00e5ra produkter och planera dina projekt. Om din fr\u00e5ga inte t\u00e4cks, kontakta oss s\u00e5 hj\u00e4lper vi dig.<\/p>\t\t\t\t\t\t\t\t<\/div>\n\t\t\t\t<div class=\"elementor-element elementor-element-efccf65 elementor-widget elementor-widget-html\" data-id=\"efccf65\" data-element_type=\"widget\" data-e-type=\"widget\" data-widget_type=\"html.default\">\n\t\t\t\t\t<div class=\"gm-faq\">\r\n  <!-- 1 -->\r\n  <div class=\"gm-faq-item\">\r\n    <input type=\"checkbox\" id=\"faq1\">\r\n    <label for=\"faq1\">\r\n      <span class=\"gm-faq-question\">Vad \u00e4r renmossa?<\/span>\r\n      <span class=\"gm-faq-icon\">+<\/span>\r\n    <\/label>\r\n    <div class=\"gm-faq-content\">\r\n      <p>M\u00e5nga av v\u00e5ra produkter \u00e4r tillverkade med \u201cCladonia Stellaris\u201d, som \u00e4r den mest kommersiellt anv\u00e4nda lavarten. Den \u00e4r mer allm\u00e4nt k\u00e4nd som renlav. Mer specifikt \u00e4r det inte en mossa, utan en lav och i sj\u00e4lva verket en underart av renlavar. Lav \u00e4r en symbios av svamp och alger. Den absorberar fukt fr\u00e5n den fuktiga luften och tar sina n\u00e4rings\u00e4mnen direkt d\u00e4rifr\u00e5n.<\/p>\r\n    <\/div>\r\n  <\/div>\r\n\r\n  <!-- 2 -->\r\n  <div class=\"gm-faq-item\">\r\n    <input type=\"checkbox\" id=\"faq2\">\r\n    <label for=\"faq2\">\r\n      <span class=\"gm-faq-question\">Var v\u00e4xer renlavar?<\/span>\r\n      <span class=\"gm-faq-icon\">+<\/span>\r\n    <\/label>\r\n    <div class=\"gm-faq-content\">\r\n      <p>Renlav bildar stora mattor \u00f6ver marken i boreala och arktiska omr\u00e5den runt den cirkumpol\u00e4ra norra delen. Den v\u00e4xer p\u00e5 ytan av bar jord eller grus i barrskogarnas tuffa milj\u00f6er. Reindeer Moss kan inte odlas i n\u00e5gon form.<\/p>\r\n    <\/div>\r\n  <\/div>\r\n\r\n  <!-- 3 -->\r\n  <div class=\"gm-faq-item\">\r\n    <input type=\"checkbox\" id=\"faq3\">\r\n    <label for=\"faq3\">\r\n      <span class=\"gm-faq-question\">\u00c4r v\u00e4xterna p\u00e5 bilderna och v\u00e4ggarna \u00e4kta?<\/span>\r\n      <span class=\"gm-faq-icon\">+<\/span>\r\n    <\/label>\r\n    <div class=\"gm-faq-content\">\r\n      <p>Ja, det st\u00e4mmer. Greenmood anv\u00e4nder riktiga v\u00e4xter som \u00e4r naturligt konserverade i en speciell process med glycerin och livsmedelsf\u00e4rg\u00e4mnen. Detta bevarar v\u00e4xterna permanent och g\u00f6r dem underh\u00e5llsfria.<\/p>\r\n    <\/div>\r\n  <\/div>\r\n\r\n  <!-- 4 -->\r\n  <div class=\"gm-faq-item\">\r\n    <input type=\"checkbox\" id=\"faq4\">\r\n    <label for=\"faq4\">\r\n      <span class=\"gm-faq-question\">\u00c4r v\u00e4xterna konstgjorda?<\/span>\r\n      <span class=\"gm-faq-icon\">+<\/span>\r\n    <\/label>\r\n    <div class=\"gm-faq-content\">\r\n      <p>Nej. \u00c4ven om v\u00e5ra produkter genomg\u00e5r en omvandlingsprocess som stabiliserar den naturliga v\u00e4xten, anv\u00e4nds inga komponenter som vanligtvis finns i konstgjorda v\u00e4xter, t.ex. plast eller syntetiska tyger. Detta g\u00f6r v\u00e4xterna\/mossan 100% naturliga.<\/p>\r\n    <\/div>\r\n  <\/div>\r\n\r\n  <!-- 5 -->\r\n  <div class=\"gm-faq-item\">\r\n    <input type=\"checkbox\" id=\"faq5\">\r\n    <label for=\"faq5\">\r\n      <span class=\"gm-faq-question\">Hur bevaras v\u00e4xterna?<\/span>\r\n      <span class=\"gm-faq-icon\">+<\/span>\r\n    <\/label>\r\n    <div class=\"gm-faq-content\">\r\n      <p>I v\u00e5r konserveringsprocess ers\u00e4tts v\u00e4xtsaften med glycerin, och f\u00f6r att f\u00e5 fram de specifika f\u00e4rgerna f\u00e4rgar vi den med livsmedelsf\u00e4rg\u00e4mnen.<\/p>\r\n    <\/div>\r\n  <\/div>\r\n\r\n  <!-- 6 -->\r\n  <div class=\"gm-faq-item\">\r\n    <input type=\"checkbox\" id=\"faq6\">\r\n    <label for=\"faq6\">\r\n      <span class=\"gm-faq-question\">Ska jag vattna v\u00e4xterna?<\/span>\r\n      <span class=\"gm-faq-icon\">+<\/span>\r\n    <\/label>\r\n    <div class=\"gm-faq-content\">\r\n      <p>Vi avr\u00e5der starkt fr\u00e5n att vattna v\u00e5ra v\u00e4xter och mossor, eftersom de \u00e4r konserverade. Detta g\u00f6r dem praktiskt taget underh\u00e5llsfria.<\/p>\r\n    <\/div>\r\n  <\/div>\r\n\r\n  <!-- 7 -->\r\n  <div class=\"gm-faq-item\">\r\n    <input type=\"checkbox\" id=\"faq7\">\r\n    <label for=\"faq7\">\r\n      <span class=\"gm-faq-question\">Var kan produkterna anv\u00e4ndas?<\/span>\r\n      <span class=\"gm-faq-icon\">+<\/span>\r\n    <\/label>\r\n    <div class=\"gm-faq-content\">\r\n      <p>I alla inomhusmilj\u00f6er d\u00e4r luftfuktigheten inte \u00e4r l\u00e4gre \u00e4n 30% och inte \u00f6verstiger 70%.<\/p>\r\n    <\/div>\r\n  <\/div>\r\n\r\n  <!-- 8 -->\r\n  <div class=\"gm-faq-item\">\r\n    <input type=\"checkbox\" id=\"faq8\">\r\n    <label for=\"faq8\">\r\n      <span class=\"gm-faq-question\">Vad h\u00e4nder n\u00e4r de uts\u00e4tts f\u00f6r direkt solljus eller v\u00e4rme?<\/span>\r\n      <span class=\"gm-faq-icon\">+<\/span>\r\n    <\/label>\r\n    <div class=\"gm-faq-content\">\r\n      <p>I direkt solljus kan mossorna blekna efter 2 till 3 \u00e5r. Det b\u00f6r d\u00e4rf\u00f6r undvikas n\u00e4r det \u00e4r m\u00f6jligt. Dessutom b\u00f6r du inte h\u00e4nga produkterna n\u00e4ra eller \u00f6ver v\u00e4rmek\u00e4llor, eftersom glycerinet inte t\u00e5l det s\u00e5 bra.<\/p>\r\n    <\/div>\r\n  <\/div>\r\n\r\n  <!-- 9 -->\r\n  <div class=\"gm-faq-item\">\r\n    <input type=\"checkbox\" id=\"faq9\">\r\n    <label for=\"faq9\">\r\n      <span class=\"gm-faq-question\">\u00c4r v\u00e4xterna giftiga?<\/span>\r\n      <span class=\"gm-faq-icon\">+<\/span>\r\n    <\/label>\r\n    <div class=\"gm-faq-content\">\r\n      <p>Nej. V\u00e5ra produkter inneh\u00e5ller inga giftiga \u00e4mnen, vilket g\u00f6r dem helt s\u00e4kra att r\u00f6ra vid och vara i n\u00e4rheten av. De \u00e4r dock inte \u00e4tbara.<\/p>\r\n    <\/div>\r\n  <\/div>\r\n\r\n  <!-- 10 -->\r\n  <div class=\"gm-faq-item\">\r\n    <input type=\"checkbox\" id=\"faq10\">\r\n    <label for=\"faq10\">\r\n      <span class=\"gm-faq-question\">\u00c4r dina produkter akustiska?<\/span>\r\n      <span class=\"gm-faq-icon\">+<\/span>\r\n    <\/label>\r\n    <div class=\"gm-faq-content\">\r\n      <p>Ja, det g\u00f6r vi. V\u00e5ra produkter \u00e4r s\u00e4rskilt utformade f\u00f6r att absorbera ljud p\u00e5 ett naturligt s\u00e4tt. N\u00e4r v\u00e5ra produkter placeras i ett utrymme hj\u00e4lper de till att d\u00e4mpa omgivningsljud och minska det totala ljudet till behagliga decibelniv\u00e5er. Alla akustiska rapporter finns tillg\u00e4ngliga i v\u00e5r nedladdningsmapp.<\/p>\r\n    <\/div>\r\n  <\/div>\r\n\r\n  <!-- 11 -->\r\n  <div class=\"gm-faq-item\">\r\n    <input type=\"checkbox\" id=\"faq11\">\r\n    <label for=\"faq11\">\r\n      <span class=\"gm-faq-question\">\u00c4r dina produkter brands\u00e4kra?<\/span>\r\n      <span class=\"gm-faq-icon\">+<\/span>\r\n    <\/label>\r\n    <div class=\"gm-faq-content\">\r\n      <p>Enligt B - S2 - d0 i europeiska standarder och FSI 0 \/ SDI 15 i nordamerikanska standarder har de material som anv\u00e4nds f\u00f6r v\u00e5ra produkter extremt begr\u00e4nsat bidrag till brand. Detta betyder dock inte att produkterna \u00e4r brands\u00e4kra. Brandcertifikat finns tillg\u00e4ngliga i v\u00e5r nedladdningsmapp.<\/p>\r\n    <\/div>\r\n  <\/div>\r\n\r\n  <!-- 12 -->\r\n  <div class=\"gm-faq-item\">\r\n    <input type=\"checkbox\" id=\"faq12\">\r\n    <label for=\"faq12\">\r\n      <span class=\"gm-faq-question\">Hur l\u00e5ng \u00e4r produkternas livsl\u00e4ngd?<\/span>\r\n      <span class=\"gm-faq-icon\">+<\/span>\r\n    <\/label>\r\n    <div class=\"gm-faq-content\">\r\n      <p>Som ett resultat av konserveringsprocessen kan livsl\u00e4ngden f\u00f6r v\u00e5ra produkter uppg\u00e5 till upp till 10 \u00e5r om r\u00e4tt f\u00f6ruts\u00e4ttningar \u00e4r uppfyllda. V\u00e4nligen se f\u00f6rs\u00e4kran om \u00f6verensst\u00e4mmelse i v\u00e5r nedladdningsmapp.<\/p>\r\n    <\/div>\r\n  <\/div>\r\n\r\n  <!-- 13 -->\r\n  <div class=\"gm-faq-item\">\r\n    <input type=\"checkbox\" id=\"faq13\">\r\n    <label for=\"faq13\">\r\n      <span class=\"gm-faq-question\">Har v\u00e4xterna en lukt?<\/span>\r\n      <span class=\"gm-faq-icon\">+<\/span>\r\n    <\/label>\r\n    <div class=\"gm-faq-content\">\r\n      <p>De har den typiska naturliga v\u00e4xtlukten, som f\u00f6rsvinner med tiden.<\/p>\r\n    <\/div>\r\n  <\/div>\r\n\r\n  <!-- 14 -->\r\n  <div class=\"gm-faq-item\">\r\n    <input type=\"checkbox\" id=\"faq14\">\r\n    <label for=\"faq14\">\r\n      <span class=\"gm-faq-question\">Ser v\u00e4xterna ut precis som de g\u00f6r p\u00e5 bilderna?<\/span>\r\n      <span class=\"gm-faq-icon\">+<\/span>\r\n    <\/label>\r\n    <div class=\"gm-faq-content\">\r\n      <p>Inte helt och h\u00e5llet. De v\u00e4xter som anv\u00e4nds i v\u00e5ra produkter \u00e4r naturliga, och d\u00e4rf\u00f6r \u00e4r en variation i f\u00e4rg och form helt normal. Detta g\u00f6r var och en av v\u00e5ra skapelser unik.<\/p>\r\n    <\/div>\r\n  <\/div>\r\n\r\n  <!-- 15 -->\r\n  <div class=\"gm-faq-item\">\r\n    <input type=\"checkbox\" id=\"faq15\">\r\n    <label for=\"faq15\">\r\n      <span class=\"gm-faq-question\">Varf\u00f6r blir renmossen torr och vad kan jag g\u00f6ra?<\/span>\r\n      <span class=\"gm-faq-icon\">+<\/span>\r\n    <\/label>\r\n    <div class=\"gm-faq-content\">\r\n      <p>Uppv\u00e4rmning inomhus och otillr\u00e4cklig ventilation under vintern kan g\u00f6ra att luftfuktigheten sjunker, vilket leder till att mossan torkar ut. Undvik i s\u00e5dana fall att applicera n\u00e5gon v\u00e4tska direkt p\u00e5 mossan, eftersom det kan bryta ner saltet och livsmedelsf\u00e4rgen. Fokusera i st\u00e4llet p\u00e5 att \u00f6ka luftfuktigheten genom att v\u00e4dra oftare eller anv\u00e4nda en luftfuktare. N\u00e4r luftfuktigheten \u00e5terg\u00e5r till det normala kommer mossan att \u00e5terabsorbera fukten fr\u00e5n luften och bli mjuk igen.<\/p>\r\n    <\/div>\r\n  <\/div>\r\n\r\n  <!-- 16 -->\r\n  <div class=\"gm-faq-item\">\r\n    <input type=\"checkbox\" id=\"faq16\">\r\n    <label for=\"faq16\">\r\n      <span class=\"gm-faq-question\">Kommer f\u00e4rgen p\u00e5 mossan att lossna eller blekna?<\/span>\r\n      <span class=\"gm-faq-icon\">+<\/span>\r\n    <\/label>\r\n    <div class=\"gm-faq-content\">\r\n      <p>Eftersom renlav absorberar och avger fukt i luften kan det h\u00e4nda att f\u00e4rg\u00e4mnenas vidh\u00e4ftning inte \u00e4r absolut. Med tiden kan vissa f\u00e4rgf\u00f6r\u00e4ndringar uppst\u00e5. \u00c4ven om v\u00e5ra f\u00e4rg\u00e4mnen har h\u00f6g ljusbest\u00e4ndighet kan direkt solljusexponering \u00e4nd\u00e5 orsaka blekning. Dessutom kan fluktuationer i luftfuktigheten f\u00f6r\u00e4ndra f\u00e4rgnyansen n\u00e5got: h\u00f6gre luftfuktighet g\u00f6r i allm\u00e4nhet f\u00e4rgen m\u00f6rkare, medan l\u00e4gre luftfuktighet g\u00f6r den ljusare.<\/p>\r\n    <\/div>\r\n  <\/div>\r\n<\/div>\r\n\r\n<style>\r\n\/* Wrapper *\/\r\n.gm-faq {\r\n  --text: #333333;\r\n  --bg: #ffffff;\r\n  --border: #e9e9e9;\r\n  --hover: #f7f7f7;\r\n  max-width: 880px;\r\n  margin: 0 auto;\r\n  font-family: \"Inter\", system-ui, -apple-system, Segoe UI, Roboto, Helvetica, Arial, sans-serif;\r\n  color: var(--text);\r\n}\r\n\r\n\/* Item *\/\r\n.gm-faq-item {\r\n  background: var(--bg);\r\n  border: 1px solid var(--border);\r\n  border-radius: 12px;\r\n  margin-bottom: 14px;\r\n  overflow: hidden;\r\n}\r\n\r\n\/* Toggle *\/\r\n.gm-faq-item input { display: none; }\r\n\r\n.gm-faq-item label {\r\n  display: flex;\r\n  justify-content: space-between;\r\n  align-items: center;\r\n  gap: 16px;\r\n  padding: 18px 22px;\r\n  cursor: pointer;\r\n  font-weight: 600;\r\n  font-size: 1.05rem;\r\n  line-height: 1.3;\r\n  transition: background 0.25s ease;\r\n}\r\n\r\n.gm-faq-item label:hover { background: var(--hover); }\r\n\r\n.gm-faq-question { flex: 1 1 auto; }\r\n\r\n\/* Icon + \/ \u00d7 *\/\r\n.gm-faq-icon {\r\n  flex: 0 0 auto;\r\n  font-size: 2rem;\r\n  line-height: 1;\r\n  transform-origin: 50% 50%;\r\n  transition: transform 0.25s ease;\r\n  color: var(--text);\r\n}\r\n\r\n.gm-faq-item input:checked + label .gm-faq-icon { transform: rotate(45deg); }\r\n\r\n\/* Content *\/\r\n.gm-faq-content {\r\n  max-height: 0;\r\n  overflow: hidden;\r\n  padding: 0 22px;\r\n  transition: max-height 0.35s ease, padding 0.25s ease;\r\n  background: var(--bg);\r\n}\r\n\r\n.gm-faq-item input:checked ~ .gm-faq-content {\r\n  max-height: 600px;  \/* suffisant pour de longs blocs *\/\r\n  padding: 16px 22px 20px;\r\n}\r\n\r\n.gm-faq-content p {\r\n  margin: 0;\r\n  font-size: 0.98rem;\r\n  line-height: 1.65;\r\n  color: var(--text);\r\n}\r\n<\/style>\r\n\t\t\t\t<\/div>\n\t\t\t\t\t<\/div>\n\t\t\t\t<\/div>\n\t\t\t\t<\/div>","protected":false},"excerpt":{"rendered":"<p>FAQ Quick answers to get you started Here you\u2019ll find the essentials on preserved materials, acoustic performance, customization, installation, lead times, and care. We\u2019ve gathered key points to help you specify our products and plan your projects. If your question isn\u2019t covered, contact us and we\u2019ll guide you. What is Reindeer Moss? + Many of [&hellip;]<\/p>\n","protected":false},"author":1,"featured_media":0,"parent":0,"menu_order":0,"comment_status":"closed","ping_status":"closed","template":"elementor_theme","meta":{"_seopress_robots_primary_cat":"","_seopress_titles_title":"FAQ","_seopress_titles_desc":"Find answers about moss wall maintenance, acoustic certifications, sustainability & Greenmood product details.","_seopress_robots_index":"","footnotes":""},"class_list":["post-4794","page","type-page","status-publish","hentry"],"_links":{"self":[{"href":"https:\/\/greenmood.se\/se\/wp-json\/wp\/v2\/pages\/4794","targetHints":{"allow":["GET"]}}],"collection":[{"href":"https:\/\/greenmood.se\/se\/wp-json\/wp\/v2\/pages"}],"about":[{"href":"https:\/\/greenmood.se\/se\/wp-json\/wp\/v2\/types\/page"}],"author":[{"embeddable":true,"href":"https:\/\/greenmood.se\/se\/wp-json\/wp\/v2\/users\/1"}],"replies":[{"embeddable":true,"href":"https:\/\/greenmood.se\/se\/wp-json\/wp\/v2\/comments?post=4794"}],"version-history":[{"count":0,"href":"https:\/\/greenmood.se\/se\/wp-json\/wp\/v2\/pages\/4794\/revisions"}],"wp:attachment":[{"href":"https:\/\/greenmood.se\/se\/wp-json\/wp\/v2\/media?parent=4794"}],"curies":[{"name":"wp","href":"https:\/\/api.w.org\/{rel}","templated":true}]}}