{"id":5349,"date":"2025-09-04T09:15:02","date_gmt":"2025-09-04T09:15:02","guid":{"rendered":"https:\/\/greenmood.us\/se\/?page_id=5349"},"modified":"2025-10-09T21:12:37","modified_gmt":"2025-10-09T21:12:37","slug":"cookiepolicy","status":"publish","type":"page","link":"https:\/\/greenmood.se\/se\/cookiepolicy\/","title":{"rendered":"\ud83c\udf6a Cookie Policy"},"content":{"rendered":"<div data-elementor-type=\"wp-page\" data-elementor-id=\"5349\" class=\"elementor elementor-5349\" data-elementor-post-type=\"page\">\n\t\t\t\t<div data-particle_enable=\"false\" data-particle-mobile-disabled=\"false\" class=\"elementor-element elementor-element-6bc6dd1f e-flex e-con-boxed e-con e-parent\" data-id=\"6bc6dd1f\" data-element_type=\"container\" data-e-type=\"container\">\n\t\t\t\t\t<div class=\"e-con-inner\">\n\t\t\t\t<div class=\"elementor-element elementor-element-4b73e0c elementor-widget elementor-widget-heading\" data-id=\"4b73e0c\" data-element_type=\"widget\" data-e-type=\"widget\" data-widget_type=\"heading.default\">\n\t\t\t\t\t<h2 class=\"elementor-heading-title elementor-size-default\">\ud83c\udf6a Cookie Policy<\/h2>\t\t\t\t<\/div>\n\t\t\t\t<div class=\"elementor-element elementor-element-2e0d4846 elementor-widget elementor-widget-text-editor\" data-id=\"2e0d4846\" data-element_type=\"widget\" data-e-type=\"widget\" data-widget_type=\"text-editor.default\">\n\t\t\t\t\t\t\t\t\t\n<p data-start=\"197\" data-end=\"230\"><strong data-start=\"197\" data-end=\"214\">Senast uppdaterad:<\/strong> 04.09.2025<\/p>\n<h2 class=\"wp-block-heading\" data-start=\"232\" data-end=\"252\">1. Inledning<\/h2>\n<p data-start=\"253\" data-end=\"544\">Greenmood (\u201cvi\u201d, \u201cv\u00e5r\u201d, \u201coss\u201d) anv\u00e4nder cookies och liknande tekniker f\u00f6r att s\u00e4kerst\u00e4lla att v\u00e5r webbplats fungerar korrekt, f\u00f6rb\u00e4ttra din surfupplevelse och tillhandah\u00e5lla analyser och marknadsf\u00f6ringsinsikter. I denna cookiepolicy f\u00f6rklaras vad cookies \u00e4r, hur vi anv\u00e4nder dem och hur du kan hantera dina preferenser.<\/p>\n<h2 data-start=\"546\" data-end=\"571\">2. Vad \u00e4r cookies?<\/h2>\n<p data-start=\"572\" data-end=\"791\">Cookies \u00e4r sm\u00e5 textfiler som lagras p\u00e5 din enhet n\u00e4r du bes\u00f6ker en webbplats. De g\u00f6r det m\u00f6jligt f\u00f6r webbplatsen att k\u00e4nna igen din webbl\u00e4sare och komma ih\u00e5g viss information, till exempel anv\u00e4ndarinst\u00e4llningar, inloggningssessioner eller analysdata.<\/p>\n<h2 data-start=\"793\" data-end=\"824\">3. Typer av cookies som vi anv\u00e4nder<\/h2>\n<ul data-start=\"826\" data-end=\"1495\">\n<li data-start=\"826\" data-end=\"1010\">\n<p data-start=\"828\" data-end=\"1010\"><strong data-start=\"828\" data-end=\"858\">Strikt n\u00f6dv\u00e4ndiga cookies<\/strong><br data-start=\"858\" data-end=\"861\" \/>Dessa cookies \u00e4r n\u00f6dv\u00e4ndiga f\u00f6r den grundl\u00e4ggande driften av v\u00e5r webbplats (t.ex. navigering, \u00e5tkomst till s\u00e4kra omr\u00e5den, formul\u00e4r). De kan inte st\u00e4ngas av.<\/p>\n<\/li>\n<li data-start=\"1012\" data-end=\"1152\">\n<p data-start=\"1014\" data-end=\"1152\"><strong data-start=\"1014\" data-end=\"1037\">Cookies f\u00f6r preferenser<\/strong><br data-start=\"1037\" data-end=\"1040\" \/>Dessa cookies kommer ih\u00e5g dina inst\u00e4llningar, t.ex. spr\u00e5k eller region, f\u00f6r att g\u00f6ra din upplevelse mer personlig.<\/p>\n<\/li>\n<li data-start=\"1154\" data-end=\"1341\">\n<p data-start=\"1156\" data-end=\"1341\"><strong data-start=\"1156\" data-end=\"1190\">Cookies f\u00f6r statistik (analytics)<\/strong><br data-start=\"1190\" data-end=\"1193\" \/>Dessa cookies hj\u00e4lper oss att f\u00f6rst\u00e5 hur bes\u00f6kare anv\u00e4nder v\u00e5r webbplats genom att samla in anonym information (t.ex. sidbes\u00f6k, tids\u00e5tg\u00e5ng, trafikk\u00e4llor).<\/p>\n<\/li>\n<li data-start=\"1343\" data-end=\"1495\">\n<p data-start=\"1345\" data-end=\"1495\"><strong data-start=\"1345\" data-end=\"1366\">Cookies f\u00f6r marknadsf\u00f6ring<\/strong><br data-start=\"1366\" data-end=\"1369\" \/>Dessa cookies anv\u00e4nds f\u00f6r att sp\u00e5ra bes\u00f6kare p\u00e5 olika webbplatser i syfte att leverera relevanta annonser och m\u00e4ta deras effektivitet.<\/p>\n<\/li>\n<\/ul>\n<h2 data-start=\"1497\" data-end=\"1524\">4. Cookies fr\u00e5n tredje part<\/h2>\n<p data-start=\"1525\" data-end=\"1600\">Vi kan till\u00e5ta betrodda tredje parter att placera cookies p\u00e5 v\u00e5r webbplats, inklusive:<\/p>\n<ul data-start=\"1601\" data-end=\"1860\">\n<li data-start=\"1601\" data-end=\"1652\">\n<p data-start=\"1603\" data-end=\"1652\"><strong data-start=\"1603\" data-end=\"1623\">Google Analytics<\/strong> (statistik \u00f6ver webbplatsanv\u00e4ndning)<\/p>\n<\/li>\n<li data-start=\"1653\" data-end=\"1722\">\n<p data-start=\"1655\" data-end=\"1722\"><strong data-start=\"1655\" data-end=\"1690\">Meta Pixel (Facebook\/Instagram)<\/strong> (reklam och remarketing)<\/p>\n<\/li>\n<li data-start=\"1723\" data-end=\"1781\">\n<p data-start=\"1725\" data-end=\"1781\"><strong data-start=\"1725\" data-end=\"1749\">LinkedIn Insight Tag<\/strong> (B2B-marknadsf\u00f6ring och analys)<\/p>\n<\/li>\n<li data-start=\"1782\" data-end=\"1821\">\n<p data-start=\"1784\" data-end=\"1821\"><strong data-start=\"1784\" data-end=\"1801\">YouTube\/Vimeo<\/strong> (inb\u00e4ddade videor)<\/p>\n<\/li>\n<li data-start=\"1822\" data-end=\"1860\">\n<p data-start=\"1824\" data-end=\"1860\"><strong data-start=\"1824\" data-end=\"1839\">Google Maps<\/strong> (interaktiva kartor)<\/p>\n<\/li>\n<\/ul>\n<p data-start=\"1862\" data-end=\"1936\">Dessa tredje parter kan anv\u00e4nda cookies f\u00f6r analys- eller marknadsf\u00f6rings\u00e4ndam\u00e5l.<\/p>\n<h2 data-start=\"1938\" data-end=\"1961\">5. Cookies varaktighet<\/h2>\n<ul data-start=\"1962\" data-end=\"2130\">\n<li data-start=\"1962\" data-end=\"2037\">\n<p data-start=\"1964\" data-end=\"2037\"><strong data-start=\"1964\" data-end=\"1983\">Cookies f\u00f6r session<\/strong>: raderas automatiskt n\u00e4r du st\u00e4nger din webbl\u00e4sare.<\/p>\n<\/li>\n<li data-start=\"2038\" data-end=\"2130\">\n<p data-start=\"2040\" data-end=\"2130\"><strong data-start=\"2040\" data-end=\"2062\">Permanenta cookies<\/strong>: ligger kvar p\u00e5 din enhet tills de l\u00f6per ut eller raderas manuellt.<\/p>\n<\/li>\n<\/ul>\n<h2 data-start=\"2132\" data-end=\"2161\">6. Hantering av ditt samtycke<\/h2>\n<p data-start=\"2162\" data-end=\"2364\">Vid ditt f\u00f6rsta bes\u00f6k kan du acceptera, avvisa eller anpassa dina cookiepreferenser via v\u00e5r cookiebanner.<br data-start=\"2266\" data-end=\"2269\" \/>Du kan uppdatera dina val n\u00e4r som helst genom att klicka p\u00e5 <strong data-start=\"2317\" data-end=\"2335\">Hantera samtycke<\/strong> l\u00e4ngst ner p\u00e5 sidan.<\/p>\n<p data-start=\"2366\" data-end=\"2509\">Du kan ocks\u00e5 blockera eller radera cookies via inst\u00e4llningarna i din webbl\u00e4sare. Observera att inaktivering av vissa cookies kan p\u00e5verka webbplatsens funktionalitet.<\/p>\n<h2 data-start=\"2511\" data-end=\"2535\">7. Mer information om<\/h2>\n<p data-start=\"2536\" data-end=\"2727\">F\u00f6r mer information om hur vi behandlar personuppgifter, se v\u00e5r <a class=\"decorated-link cursor-pointer\" rel=\"noopener\" data-start=\"2599\" data-end=\"2632\">Integritetspolicy<\/a>.<br data-start=\"2633\" data-end=\"2636\" \/>Om du har n\u00e5gra fr\u00e5gor om denna cookiepolicy kan du kontakta oss p\u00e5 <strong data-start=\"2702\" data-end=\"2724\"><a class=\"decorated-link cursor-pointer\" rel=\"noopener\" data-start=\"2704\" data-end=\"2722\">sales@greenmood.be<\/a><\/strong>.<\/p>\t\t\t\t\t\t\t\t<\/div>\n\t\t\t\t\t<\/div>\n\t\t\t\t<\/div>\n\t\t\t\t<\/div>","protected":false},"excerpt":{"rendered":"<p>\ud83c\udf6a Cookie Policy Last updated: 04.09.2025 1. Introduction Greenmood (\u201cwe\u201d, \u201cour\u201d, \u201cus\u201d) uses cookies and similar technologies to ensure our website works properly, improve your browsing experience, and provide analytics and marketing insights. This Cookie Policy explains what cookies are, how we use them, and how you can manage your preferences. 2. What are cookies? [&hellip;]<\/p>\n","protected":false},"author":2,"featured_media":0,"parent":0,"menu_order":0,"comment_status":"closed","ping_status":"closed","template":"","meta":{"_seopress_robots_primary_cat":"","_seopress_titles_title":"Cookie Policy","_seopress_titles_desc":"Read Greenmood\u2019s cookie policy. Learn how cookies improve your browsing & website experience.","_seopress_robots_index":"","footnotes":""},"class_list":["post-5349","page","type-page","status-publish","hentry"],"_links":{"self":[{"href":"https:\/\/greenmood.se\/se\/wp-json\/wp\/v2\/pages\/5349","targetHints":{"allow":["GET"]}}],"collection":[{"href":"https:\/\/greenmood.se\/se\/wp-json\/wp\/v2\/pages"}],"about":[{"href":"https:\/\/greenmood.se\/se\/wp-json\/wp\/v2\/types\/page"}],"author":[{"embeddable":true,"href":"https:\/\/greenmood.se\/se\/wp-json\/wp\/v2\/users\/2"}],"replies":[{"embeddable":true,"href":"https:\/\/greenmood.se\/se\/wp-json\/wp\/v2\/comments?post=5349"}],"version-history":[{"count":0,"href":"https:\/\/greenmood.se\/se\/wp-json\/wp\/v2\/pages\/5349\/revisions"}],"wp:attachment":[{"href":"https:\/\/greenmood.se\/se\/wp-json\/wp\/v2\/media?parent=5349"}],"curies":[{"name":"wp","href":"https:\/\/api.w.org\/{rel}","templated":true}]}}