{"id":6871,"date":"2025-10-03T04:57:30","date_gmt":"2025-10-03T04:57:30","guid":{"rendered":"https:\/\/greenmood.us\/se\/?page_id=6871"},"modified":"2025-10-03T05:00:17","modified_gmt":"2025-10-03T05:00:17","slug":"icff-2024","status":"publish","type":"page","link":"https:\/\/greenmood.se\/se\/icff-2024\/","title":{"rendered":"ICFF 2024"},"content":{"rendered":"<div data-elementor-type=\"wp-page\" data-elementor-id=\"6871\" class=\"elementor elementor-6871\" data-elementor-post-type=\"page\">\n\t\t\t\t<div data-particle_enable=\"false\" data-particle-mobile-disabled=\"false\" class=\"elementor-element elementor-element-ac6bae0 e-flex e-con-boxed e-con e-parent\" data-id=\"ac6bae0\" data-element_type=\"container\" data-e-type=\"container\">\n\t\t\t\t\t<div class=\"e-con-inner\">\n\t\t\t\t<div class=\"elementor-element elementor-element-29dbe57 elementor-widget elementor-widget-image\" data-id=\"29dbe57\" data-element_type=\"widget\" data-e-type=\"widget\" data-widget_type=\"image.default\">\n\t\t\t\t\t\t\t\t\t\t\t\t\t\t\t<img fetchpriority=\"high\" decoding=\"async\" width=\"800\" height=\"534\" src=\"https:\/\/greenmood.se\/wp-content\/uploads\/sites\/9\/2025\/10\/icff-2024-1024x683.webp\" class=\"attachment-large size-large wp-image-6873\" alt=\"M\u00e4nniskor tittar p\u00e5 moderna gr\u00f6na konstinstallationer i ett galleri.\" srcset=\"https:\/\/greenmood.se\/wp-content\/uploads\/sites\/9\/2025\/10\/icff-2024-1024x683.webp 1024w, https:\/\/greenmood.se\/wp-content\/uploads\/sites\/9\/2025\/10\/icff-2024-300x200.webp 300w, https:\/\/greenmood.se\/wp-content\/uploads\/sites\/9\/2025\/10\/icff-2024-768x512.webp 768w, https:\/\/greenmood.se\/wp-content\/uploads\/sites\/9\/2025\/10\/icff-2024-1536x1024.webp 1536w, https:\/\/greenmood.se\/wp-content\/uploads\/sites\/9\/2025\/10\/icff-2024-18x12.webp 18w, https:\/\/greenmood.se\/wp-content\/uploads\/sites\/9\/2025\/10\/icff-2024.webp 1600w\" sizes=\"(max-width: 800px) 100vw, 800px\" \/>\t\t\t\t\t\t\t\t\t\t\t\t\t\t\t<\/div>\n\t\t\t\t\t<\/div>\n\t\t\t\t<\/div>\n\t\t<div data-particle_enable=\"false\" data-particle-mobile-disabled=\"false\" class=\"elementor-element elementor-element-d679391 e-flex e-con-boxed e-con e-parent\" data-id=\"d679391\" data-element_type=\"container\" data-e-type=\"container\">\n\t\t\t\t\t<div class=\"e-con-inner\">\n\t\t\t\t<div class=\"elementor-element elementor-element-a959b79 elementor-widget elementor-widget-heading\" data-id=\"a959b79\" data-element_type=\"widget\" data-e-type=\"widget\" data-widget_type=\"heading.default\">\n\t\t\t\t\t<h2 class=\"elementor-heading-title elementor-size-default\">Hitta oss och bli inspirerad p\u00e5 ICFF 2024!<\/h2>\t\t\t\t<\/div>\n\t\t\t\t<div class=\"elementor-element elementor-element-fd8a546 elementor-widget elementor-widget-text-editor\" data-id=\"fd8a546\" data-element_type=\"widget\" data-e-type=\"widget\" data-widget_type=\"text-editor.default\">\n\t\t\t\t\t\t\t\t\t<p>Om n\u00e5gra veckor kommer v\u00e5rt team att vara p\u00e5 plats p\u00e5 ICFF i New York och vi hoppas f\u00e5 tr\u00e4ffa dig d\u00e4r.<\/p><p>Det \u00e4r ett tillf\u00e4lle att utforska v\u00e5ra senaste erbjudanden, inklusive Cork Furniture och Hoverlight, och f\u00f6rdjupa sig i \u00e4mnen som Biophilic Design och f\u00f6rdelarna med att inf\u00f6rliva bevarade v\u00e4xter i din milj\u00f6.<\/p><p><strong>N\u00e4r d\u00e5?<\/strong><br \/>19-21 MAJ 2024<\/p><p><strong>Var d\u00e5?<\/strong><br \/>MONTER 455<br \/>Jacob Javits Convention Center<br \/>NEW YORK<\/p><p>Vi ses snart igen!<\/p>\t\t\t\t\t\t\t\t<\/div>\n\t\t\t\t\t<\/div>\n\t\t\t\t<\/div>\n\t\t\t\t<\/div>","protected":false},"excerpt":{"rendered":"<p>Find us and get inspired at ICFF 2024! In a few weeks from now our team will be present at ICFF in New York and we hope to meet you there. It's an opportunity to explore our latest offerings, including Cork Furniture and Hoverlight, and delve into topics like Biophilic Design and the advantages of [&hellip;]<\/p>\n","protected":false},"author":1,"featured_media":0,"parent":0,"menu_order":0,"comment_status":"closed","ping_status":"closed","template":"","meta":{"_seopress_robots_primary_cat":"","_seopress_titles_title":"","_seopress_titles_desc":"","_seopress_robots_index":"yes","footnotes":""},"class_list":["post-6871","page","type-page","status-publish","hentry"],"_links":{"self":[{"href":"https:\/\/greenmood.se\/se\/wp-json\/wp\/v2\/pages\/6871","targetHints":{"allow":["GET"]}}],"collection":[{"href":"https:\/\/greenmood.se\/se\/wp-json\/wp\/v2\/pages"}],"about":[{"href":"https:\/\/greenmood.se\/se\/wp-json\/wp\/v2\/types\/page"}],"author":[{"embeddable":true,"href":"https:\/\/greenmood.se\/se\/wp-json\/wp\/v2\/users\/1"}],"replies":[{"embeddable":true,"href":"https:\/\/greenmood.se\/se\/wp-json\/wp\/v2\/comments?post=6871"}],"version-history":[{"count":0,"href":"https:\/\/greenmood.se\/se\/wp-json\/wp\/v2\/pages\/6871\/revisions"}],"wp:attachment":[{"href":"https:\/\/greenmood.se\/se\/wp-json\/wp\/v2\/media?parent=6871"}],"curies":[{"name":"wp","href":"https:\/\/api.w.org\/{rel}","templated":true}]}}