{"id":9827,"date":"2025-07-29T17:14:39","date_gmt":"2025-07-29T17:14:39","guid":{"rendered":"https:\/\/greenmood.se\/green-walls-2\/forest\/"},"modified":"2025-07-29T17:14:39","modified_gmt":"2025-07-29T17:14:39","slug":"skog","status":"publish","type":"page","link":"https:\/\/greenmood.se\/se\/grona-vaggar-2\/skog\/","title":{"rendered":"Skog"},"content":{"rendered":"<h1 style=\"  text-align: center;  margin: 0;  line-height: 1.1;  color: #333333;\"><br \/>\n    Skog<br \/>\n    Vild, uppslukande och naturligt akustisk<br \/>\n<\/h1>\n<figure><img decoding=\"async\" src=\"https:\/\/greenmood.us\/wp-content\/uploads\/2025\/07\/Greenmood_forest-00.webp\" alt=\"Greenmood_forest-00\" \/><\/figure>\n<figure><img decoding=\"async\" src=\"https:\/\/greenmood.us\/wp-content\/uploads\/2025\/07\/Greenmood_forest-04.webp\" alt=\"Greenmood_forest-04\" \/><\/figure>\n<figure><img decoding=\"async\" src=\"https:\/\/greenmood.us\/wp-content\/uploads\/2025\/07\/Greenmood_forest-01.webp\" alt=\"Greenmood_forest-01\" \/><\/figure>\n<figure><img decoding=\"async\" src=\"https:\/\/greenmood.us\/wp-content\/uploads\/2025\/07\/Greenmood_forest-03.webp\" alt=\"Greenmood_forest-03\" \/><\/figure>\n<figure><img decoding=\"async\" src=\"https:\/\/greenmood.us\/wp-content\/uploads\/2025\/07\/Greenmood_forest-05.webp\" alt=\"Greenmood_forest-05\" \/><\/figure>\n<p>\t\t\t\t\t\t<svg aria-hidden=\"true\" viewbox=\"0 0 1000 1000\" xmlns=\"http:\/\/www.w3.org\/2000\/svg\"><path d=\"M646 125C629 125 613 133 604 142L308 442C296 454 292 471 292 487 292 504 296 521 308 533L604 854C617 867 629 875 646 875 663 875 679 871 692 858 704 846 713 829 713 812 713 796 708 779 692 767L438 487 692 225C700 217 708 204 708 187 708 171 704 154 692 142 675 129 663 125 646 125Z\"><\/path><\/svg><br \/>\n\t\t\t\t\t\t<svg aria-hidden=\"true\" viewbox=\"0 0 1000 1000\" xmlns=\"http:\/\/www.w3.org\/2000\/svg\"><path d=\"M696 533C708 521 713 504 713 487 713 471 708 454 696 446L400 146C388 133 375 125 354 125 338 125 325 129 313 142 300 154 292 171 292 187 292 204 296 221 308 233L563 492 304 771C292 783 288 800 288 817 288 833 296 850 308 863 321 871 338 875 354 875 371 875 388 867 400 854L696 533Z\"><\/path><\/svg>\t\t\t\t\t<\/p>\n<h2>Skog<\/h2>\n<h2>Akustisk gr\u00f6n v\u00e4gg<\/h2>\n<p>Skogskompositioner blandar platta mossbaser med lager av bevarade l\u00f6vverk f\u00f6r att framkalla naturens r\u00e5a sk\u00f6nhet inomhus.<\/p>\n<p>Dessa biofila m\u00f6nster \u00e4r mer \u00e4n bara dekorativa, de f\u00f6rb\u00e4ttrar den akustiska komforten, lugnar atmosf\u00e4ren och ger en taktil, organisk n\u00e4rvaro till arbetsytor, hotellrum och butiksinredningar.<\/p>\n<p>De \u00e4r tillverkade av 100% naturliga v\u00e4xter som bevarats n\u00e4r de \u00e4r som b\u00e4st och kr\u00e4ver ingen vattning, solljus eller besk\u00e4rning och h\u00e5ller sig levande i flera \u00e5r.<\/p>\n<p>L\u00e5t oss starta ditt projekt med en gr\u00f6n v\u00e4gg<\/p>\n<p>\u00a0Ber\u00e4tta lite om ditt projekt<\/p>\n<p>\t\t\t\t\t\t\t\t<a href=\"#downloads\" rel=\"nofollow\"><br \/>\n\t\t\t\t\t\t\t\t\tNedladdningar<br \/>\n\t\t\t\t\t<\/a><br \/>\n\t\t\t\t\t\t\t\t\t<!-- Bouton custom --><\/p>\n<style>\n  #show-tripetto-btn {\n    padding: 10px 20px;\n    background-color: #333333;\n    color: white;\n    border: none;\n    border-radius: 4px;\n    cursor: pointer;\n    transition: background-color 0.2s ease;\n  }\n  #show-tripetto-btn:hover {\n    background-color: #000000;\n  }\n<\/style>\n<p><button id=\"show-tripetto-btn\"><br \/>\n  Starta konfigurationen<br \/>\n<\/button><br \/>\n<!-- Conteneur formulaire Tripetto --><br \/>\n<!-- Scripts Tripetto --><\/p>\n<style>.elementor-element-813fe0e{display:none !important}<\/style>\n<h2>Typ<\/h2>\n<p>\t\t\t\t\t\t\t\t\t\t\t\t\t\t\t<img fetchpriority=\"high\" decoding=\"async\" width=\"695\" height=\"1024\" src=\"https:\/\/greenmood.us\/wp-content\/uploads\/2025\/07\/Greenmood_Dense-Forest-695x1024.webp\" alt=\"\" srcset=\"\/\/greenmood.us\/wp-content\/uploads\/2025\/07\/Greenmood_Dense-Forest-695x1024.webp 695w, \/\/greenmood.us\/wp-content\/uploads\/2025\/07\/Greenmood_Dense-Forest-204x300.webp 204w, \/\/greenmood.us\/wp-content\/uploads\/2025\/07\/Greenmood_Dense-Forest-768x1131.webp 768w, \/\/greenmood.us\/wp-content\/uploads\/2025\/07\/Greenmood_Dense-Forest.webp 815w\" sizes=\"(max-width: 695px) 100vw, 695px\" \/>\t\t\t\t\t\t\t\t\t\t\t\t\t<\/p>\n<p>DENSE FOREST<\/p>\n<p>\t\t\t\t\t\t\t\t\t\t\t\t\t<img decoding=\"async\" width=\"695\" height=\"1024\" src=\"https:\/\/greenmood.us\/wp-content\/uploads\/2025\/07\/Greenmood_Sparse-Forest-02-695x1024.webp\" alt=\"\" srcset=\"\/\/greenmood.us\/wp-content\/uploads\/2025\/07\/Greenmood_Sparse-Forest-02-695x1024.webp 695w, \/\/greenmood.us\/wp-content\/uploads\/2025\/07\/Greenmood_Sparse-Forest-02-204x300.webp 204w, \/\/greenmood.us\/wp-content\/uploads\/2025\/07\/Greenmood_Sparse-Forest-02-768x1131.webp 768w, \/\/greenmood.us\/wp-content\/uploads\/2025\/07\/Greenmood_Sparse-Forest-02.webp 815w\" sizes=\"(max-width: 695px) 100vw, 695px\" \/>\t\t\t\t\t\t\t\t\t\t\t\t\t<\/p>\n<p>SPARSE SKOG<\/p>\n<h2>Specifikationer<\/h2>\n<p>\t\t<strong>Ljudabsorption<\/strong>Inget officiellt test finns tillg\u00e4ngligt. Den akustiska komforten kan variera beroende p\u00e5 densitet och layout.<strong>Underh\u00e5llsfri<\/strong>Ingen vattning, inget solljus eller artificiellt ljus, ingen besk\u00e4rning eller trimning kr\u00e4vs<strong>Villkor f\u00f6r anv\u00e4ndning<\/strong>Anv\u00e4nds endast inomhus. F\u00f6rvaras skyddat fr\u00e5n solljus, vatten, v\u00e4rme och fysisk kontakt.<br \/>\nRekommenderad luftfuktighet: 40% till 80%<strong>Livsl\u00e4ngd<\/strong>Beh\u00e5ller sin naturliga form, f\u00e4rg och struktur i upp till 7 \u00e5r under optimala f\u00f6rh\u00e5llanden\t\t\t\t\t\t\t\t\t\t\t\t\t<img decoding=\"async\" width=\"1958\" height=\"1089\" src=\"https:\/\/greenmood.us\/wp-content\/uploads\/2025\/07\/Greenmood_forest-large.webp\" alt=\"\" srcset=\"\/\/greenmood.us\/wp-content\/uploads\/2025\/07\/Greenmood_forest-large.webp 1958w, \/\/greenmood.us\/wp-content\/uploads\/2025\/07\/Greenmood_forest-large-300x167.webp 300w, \/\/greenmood.us\/wp-content\/uploads\/2025\/07\/Greenmood_forest-large-1024x570.webp 1024w, \/\/greenmood.us\/wp-content\/uploads\/2025\/07\/Greenmood_forest-large-768x427.webp 768w, \/\/greenmood.us\/wp-content\/uploads\/2025\/07\/Greenmood_forest-large-1536x854.webp 1536w\" sizes=\"(max-width: 1958px) 100vw, 1958px\" \/>\t\t\t\t\t\t\t\t\t\t\t\t\t\t\t\t<\/p>\n<h2>En skog som du kan ta med dig inomhus<\/h2>\n<p>Greenmood Forest v\u00e4ggar \u00e4r unika kompositioner av bevarad mossa och bladverk, skr\u00e4ddarsydda f\u00f6r ditt utrymme. Varje design anv\u00e4nder en blandning av texturer, volymer och f\u00e4rger f\u00f6r att \u00e5terskapa essensen av en vild skog, utan begr\u00e4nsningarna hos levande v\u00e4xter.<\/p>\n<p>Fr\u00e5n frodig tropisk gr\u00f6nska till sparsmakade layouter i nordisk stil - varje installation \u00e4r skr\u00e4ddarsydd och balanserar akustisk funktion, visuell effekt och naturligt historieber\u00e4ttande. L\u00f6vverket d\u00e4mpar inte bara ljudets efterklang utan g\u00f6r ocks\u00e5 interi\u00f6ren m\u00e4nskligare med sitt djup och sin livfullhet.<\/p>\n<p>Inget underh\u00e5ll. Ingen konstgjordhet. Bara naturens tysta kraft, f\u00e5ngad i tiden.<\/p>\n<h2>Ge liv \u00e5t naturen<\/h2>\n<figure class='gallery-item'>\n\t\t\t\t<img loading=\"lazy\" width=\"1200\" height=\"1608\" src=\"https:\/\/greenmood.us\/wp-content\/uploads\/2025\/07\/Greenmood_forest-gallery-06.webp\" alt=\"\" decoding=\"async\" srcset=\"\/\/greenmood.us\/wp-content\/uploads\/2025\/07\/Greenmood_forest-gallery-06.webp 1200w, \/\/greenmood.us\/wp-content\/uploads\/2025\/07\/Greenmood_forest-gallery-06-224x300.webp 224w, \/\/greenmood.us\/wp-content\/uploads\/2025\/07\/Greenmood_forest-gallery-06-764x1024.webp 764w, \/\/greenmood.us\/wp-content\/uploads\/2025\/07\/Greenmood_forest-gallery-06-768x1029.webp 768w, \/\/greenmood.us\/wp-content\/uploads\/2025\/07\/Greenmood_forest-gallery-06-1146x1536.webp 1146w\" sizes=\"(max-width: 1200px) 100vw, 1200px\" \/><br \/>\n\t\t\t<\/figure>\n<figure class='gallery-item'>\n\t\t\t\t<img loading=\"lazy\" width=\"1200\" height=\"1608\" src=\"https:\/\/greenmood.us\/wp-content\/uploads\/2025\/07\/Greenmood_forest-gallery-09.webp\" alt=\"\" decoding=\"async\" srcset=\"\/\/greenmood.us\/wp-content\/uploads\/2025\/07\/Greenmood_forest-gallery-09.webp 1200w, \/\/greenmood.us\/wp-content\/uploads\/2025\/07\/Greenmood_forest-gallery-09-224x300.webp 224w, \/\/greenmood.us\/wp-content\/uploads\/2025\/07\/Greenmood_forest-gallery-09-764x1024.webp 764w, \/\/greenmood.us\/wp-content\/uploads\/2025\/07\/Greenmood_forest-gallery-09-768x1029.webp 768w, \/\/greenmood.us\/wp-content\/uploads\/2025\/07\/Greenmood_forest-gallery-09-1146x1536.webp 1146w\" sizes=\"(max-width: 1200px) 100vw, 1200px\" \/><br \/>\n\t\t\t<\/figure>\n<figure class='gallery-item'>\n\t\t\t\t<img loading=\"lazy\" width=\"1200\" height=\"1608\" src=\"https:\/\/greenmood.us\/wp-content\/uploads\/2025\/07\/Greenmood_forest-gallery-13.webp\" alt=\"\" decoding=\"async\" srcset=\"\/\/greenmood.us\/wp-content\/uploads\/2025\/07\/Greenmood_forest-gallery-13.webp 1200w, \/\/greenmood.us\/wp-content\/uploads\/2025\/07\/Greenmood_forest-gallery-13-224x300.webp 224w, \/\/greenmood.us\/wp-content\/uploads\/2025\/07\/Greenmood_forest-gallery-13-764x1024.webp 764w, \/\/greenmood.us\/wp-content\/uploads\/2025\/07\/Greenmood_forest-gallery-13-768x1029.webp 768w, \/\/greenmood.us\/wp-content\/uploads\/2025\/07\/Greenmood_forest-gallery-13-1146x1536.webp 1146w\" sizes=\"(max-width: 1200px) 100vw, 1200px\" \/><br \/>\n\t\t\t<\/figure>\n<figure class='gallery-item'>\n\t\t\t\t<img loading=\"lazy\" width=\"1200\" height=\"1608\" src=\"https:\/\/greenmood.us\/wp-content\/uploads\/2025\/07\/Greenmood_forest-gallery-07.webp\" alt=\"\" decoding=\"async\" srcset=\"\/\/greenmood.us\/wp-content\/uploads\/2025\/07\/Greenmood_forest-gallery-07.webp 1200w, \/\/greenmood.us\/wp-content\/uploads\/2025\/07\/Greenmood_forest-gallery-07-224x300.webp 224w, \/\/greenmood.us\/wp-content\/uploads\/2025\/07\/Greenmood_forest-gallery-07-764x1024.webp 764w, \/\/greenmood.us\/wp-content\/uploads\/2025\/07\/Greenmood_forest-gallery-07-768x1029.webp 768w, \/\/greenmood.us\/wp-content\/uploads\/2025\/07\/Greenmood_forest-gallery-07-1146x1536.webp 1146w\" sizes=\"(max-width: 1200px) 100vw, 1200px\" \/><br \/>\n\t\t\t<\/figure>\n<figure class='gallery-item'>\n\t\t\t\t<img loading=\"lazy\" width=\"1200\" height=\"1608\" src=\"https:\/\/greenmood.us\/wp-content\/uploads\/2025\/07\/Greenmood_forest-gallery-04.webp\" alt=\"\" decoding=\"async\" srcset=\"\/\/greenmood.us\/wp-content\/uploads\/2025\/07\/Greenmood_forest-gallery-04.webp 1200w, \/\/greenmood.us\/wp-content\/uploads\/2025\/07\/Greenmood_forest-gallery-04-224x300.webp 224w, \/\/greenmood.us\/wp-content\/uploads\/2025\/07\/Greenmood_forest-gallery-04-764x1024.webp 764w, \/\/greenmood.us\/wp-content\/uploads\/2025\/07\/Greenmood_forest-gallery-04-768x1029.webp 768w, \/\/greenmood.us\/wp-content\/uploads\/2025\/07\/Greenmood_forest-gallery-04-1146x1536.webp 1146w\" sizes=\"(max-width: 1200px) 100vw, 1200px\" \/><br \/>\n\t\t\t<\/figure>\n<figure class='gallery-item'>\n\t\t\t\t<img loading=\"lazy\" width=\"1200\" height=\"1608\" src=\"https:\/\/greenmood.us\/wp-content\/uploads\/2025\/07\/Greenmood_forest-gallery-02.webp\" alt=\"\" decoding=\"async\" srcset=\"\/\/greenmood.us\/wp-content\/uploads\/2025\/07\/Greenmood_forest-gallery-02.webp 1200w, \/\/greenmood.us\/wp-content\/uploads\/2025\/07\/Greenmood_forest-gallery-02-224x300.webp 224w, \/\/greenmood.us\/wp-content\/uploads\/2025\/07\/Greenmood_forest-gallery-02-764x1024.webp 764w, \/\/greenmood.us\/wp-content\/uploads\/2025\/07\/Greenmood_forest-gallery-02-768x1029.webp 768w, \/\/greenmood.us\/wp-content\/uploads\/2025\/07\/Greenmood_forest-gallery-02-1146x1536.webp 1146w\" sizes=\"(max-width: 1200px) 100vw, 1200px\" \/><br \/>\n\t\t\t<\/figure>\n<figure class='gallery-item'>\n\t\t\t\t<img loading=\"lazy\" width=\"1200\" height=\"1608\" src=\"https:\/\/greenmood.us\/wp-content\/uploads\/2025\/07\/Greenmood_forest-gallery-08.webp\" alt=\"\" decoding=\"async\" srcset=\"\/\/greenmood.us\/wp-content\/uploads\/2025\/07\/Greenmood_forest-gallery-08.webp 1200w, \/\/greenmood.us\/wp-content\/uploads\/2025\/07\/Greenmood_forest-gallery-08-224x300.webp 224w, \/\/greenmood.us\/wp-content\/uploads\/2025\/07\/Greenmood_forest-gallery-08-764x1024.webp 764w, \/\/greenmood.us\/wp-content\/uploads\/2025\/07\/Greenmood_forest-gallery-08-768x1029.webp 768w, \/\/greenmood.us\/wp-content\/uploads\/2025\/07\/Greenmood_forest-gallery-08-1146x1536.webp 1146w\" sizes=\"(max-width: 1200px) 100vw, 1200px\" \/><br \/>\n\t\t\t<\/figure>\n<figure class='gallery-item'>\n\t\t\t\t<img loading=\"lazy\" width=\"1200\" height=\"1608\" src=\"https:\/\/greenmood.us\/wp-content\/uploads\/2025\/07\/Greenmood_forest-gallery-12.webp\" alt=\"\" decoding=\"async\" srcset=\"\/\/greenmood.us\/wp-content\/uploads\/2025\/07\/Greenmood_forest-gallery-12.webp 1200w, \/\/greenmood.us\/wp-content\/uploads\/2025\/07\/Greenmood_forest-gallery-12-224x300.webp 224w, \/\/greenmood.us\/wp-content\/uploads\/2025\/07\/Greenmood_forest-gallery-12-764x1024.webp 764w, \/\/greenmood.us\/wp-content\/uploads\/2025\/07\/Greenmood_forest-gallery-12-768x1029.webp 768w, \/\/greenmood.us\/wp-content\/uploads\/2025\/07\/Greenmood_forest-gallery-12-1146x1536.webp 1146w\" sizes=\"(max-width: 1200px) 100vw, 1200px\" \/><br \/>\n\t\t\t<\/figure>\n<figure class='gallery-item'>\n\t\t\t\t<img loading=\"lazy\" width=\"815\" height=\"1200\" src=\"https:\/\/greenmood.us\/wp-content\/uploads\/2025\/07\/Greenmood_Sparse-Forest-02-1.webp\" alt=\"\" decoding=\"async\" srcset=\"\/\/greenmood.us\/wp-content\/uploads\/2025\/07\/Greenmood_Sparse-Forest-02-1.webp 815w, \/\/greenmood.us\/wp-content\/uploads\/2025\/07\/Greenmood_Sparse-Forest-02-1-204x300.webp 204w, \/\/greenmood.us\/wp-content\/uploads\/2025\/07\/Greenmood_Sparse-Forest-02-1-695x1024.webp 695w, \/\/greenmood.us\/wp-content\/uploads\/2025\/07\/Greenmood_Sparse-Forest-02-1-768x1131.webp 768w\" sizes=\"(max-width: 815px) 100vw, 815px\" \/><br \/>\n\t\t\t<\/figure>\n<figure class='gallery-item'>\n\t\t\t\t<img loading=\"lazy\" width=\"1200\" height=\"1608\" src=\"https:\/\/greenmood.us\/wp-content\/uploads\/2025\/07\/Greenmood_forest-gallery-11.webp\" alt=\"\" decoding=\"async\" srcset=\"\/\/greenmood.us\/wp-content\/uploads\/2025\/07\/Greenmood_forest-gallery-11.webp 1200w, \/\/greenmood.us\/wp-content\/uploads\/2025\/07\/Greenmood_forest-gallery-11-224x300.webp 224w, \/\/greenmood.us\/wp-content\/uploads\/2025\/07\/Greenmood_forest-gallery-11-764x1024.webp 764w, \/\/greenmood.us\/wp-content\/uploads\/2025\/07\/Greenmood_forest-gallery-11-768x1029.webp 768w, \/\/greenmood.us\/wp-content\/uploads\/2025\/07\/Greenmood_forest-gallery-11-1146x1536.webp 1146w\" sizes=\"(max-width: 1200px) 100vw, 1200px\" \/><br \/>\n\t\t\t<\/figure>\n<figure class='gallery-item'>\n\t\t\t\t<img loading=\"lazy\" width=\"1200\" height=\"1608\" src=\"https:\/\/greenmood.us\/wp-content\/uploads\/2025\/07\/Greenmood_forest-gallery-03.webp\" alt=\"\" decoding=\"async\" srcset=\"\/\/greenmood.us\/wp-content\/uploads\/2025\/07\/Greenmood_forest-gallery-03.webp 1200w, \/\/greenmood.us\/wp-content\/uploads\/2025\/07\/Greenmood_forest-gallery-03-224x300.webp 224w, \/\/greenmood.us\/wp-content\/uploads\/2025\/07\/Greenmood_forest-gallery-03-764x1024.webp 764w, \/\/greenmood.us\/wp-content\/uploads\/2025\/07\/Greenmood_forest-gallery-03-768x1029.webp 768w, \/\/greenmood.us\/wp-content\/uploads\/2025\/07\/Greenmood_forest-gallery-03-1146x1536.webp 1146w\" sizes=\"(max-width: 1200px) 100vw, 1200px\" \/><br \/>\n\t\t\t<\/figure>\n<figure class='gallery-item'>\n\t\t\t\t<img loading=\"lazy\" width=\"1200\" height=\"1608\" src=\"https:\/\/greenmood.us\/wp-content\/uploads\/2025\/07\/Greenmood_forest-gallery-10.webp\" alt=\"\" decoding=\"async\" srcset=\"\/\/greenmood.us\/wp-content\/uploads\/2025\/07\/Greenmood_forest-gallery-10.webp 1200w, \/\/greenmood.us\/wp-content\/uploads\/2025\/07\/Greenmood_forest-gallery-10-224x300.webp 224w, \/\/greenmood.us\/wp-content\/uploads\/2025\/07\/Greenmood_forest-gallery-10-764x1024.webp 764w, \/\/greenmood.us\/wp-content\/uploads\/2025\/07\/Greenmood_forest-gallery-10-768x1029.webp 768w, \/\/greenmood.us\/wp-content\/uploads\/2025\/07\/Greenmood_forest-gallery-10-1146x1536.webp 1146w\" sizes=\"(max-width: 1200px) 100vw, 1200px\" \/><br \/>\n\t\t\t<\/figure>\n<figure class='gallery-item'>\n\t\t\t\t<img loading=\"lazy\" width=\"815\" height=\"1200\" src=\"https:\/\/greenmood.us\/wp-content\/uploads\/2025\/07\/Greenmood_Sparse-Forest-1.webp\" alt=\"\" decoding=\"async\" srcset=\"\/\/greenmood.us\/wp-content\/uploads\/2025\/07\/Greenmood_Sparse-Forest-1.webp 815w, \/\/greenmood.us\/wp-content\/uploads\/2025\/07\/Greenmood_Sparse-Forest-1-204x300.webp 204w, \/\/greenmood.us\/wp-content\/uploads\/2025\/07\/Greenmood_Sparse-Forest-1-695x1024.webp 695w, \/\/greenmood.us\/wp-content\/uploads\/2025\/07\/Greenmood_Sparse-Forest-1-768x1131.webp 768w\" sizes=\"(max-width: 815px) 100vw, 815px\" \/><br \/>\n\t\t\t<\/figure>\n<figure class='gallery-item'>\n\t\t\t\t<img loading=\"lazy\" width=\"1200\" height=\"1608\" src=\"https:\/\/greenmood.us\/wp-content\/uploads\/2025\/07\/Greenmood_forest-gallery-01.webp\" alt=\"\" decoding=\"async\" srcset=\"\/\/greenmood.us\/wp-content\/uploads\/2025\/07\/Greenmood_forest-gallery-01.webp 1200w, \/\/greenmood.us\/wp-content\/uploads\/2025\/07\/Greenmood_forest-gallery-01-224x300.webp 224w, \/\/greenmood.us\/wp-content\/uploads\/2025\/07\/Greenmood_forest-gallery-01-764x1024.webp 764w, \/\/greenmood.us\/wp-content\/uploads\/2025\/07\/Greenmood_forest-gallery-01-768x1029.webp 768w, \/\/greenmood.us\/wp-content\/uploads\/2025\/07\/Greenmood_forest-gallery-01-1146x1536.webp 1146w\" sizes=\"(max-width: 1200px) 100vw, 1200px\" \/><br \/>\n\t\t\t<\/figure>\n<figure class='gallery-item'>\n\t\t\t\t<img loading=\"lazy\" width=\"1200\" height=\"1608\" src=\"https:\/\/greenmood.us\/wp-content\/uploads\/2025\/07\/Greenmood_forest-gallery-05.webp\" alt=\"\" decoding=\"async\" srcset=\"\/\/greenmood.us\/wp-content\/uploads\/2025\/07\/Greenmood_forest-gallery-05.webp 1200w, \/\/greenmood.us\/wp-content\/uploads\/2025\/07\/Greenmood_forest-gallery-05-224x300.webp 224w, \/\/greenmood.us\/wp-content\/uploads\/2025\/07\/Greenmood_forest-gallery-05-764x1024.webp 764w, \/\/greenmood.us\/wp-content\/uploads\/2025\/07\/Greenmood_forest-gallery-05-768x1029.webp 768w, \/\/greenmood.us\/wp-content\/uploads\/2025\/07\/Greenmood_forest-gallery-05-1146x1536.webp 1146w\" sizes=\"(max-width: 1200px) 100vw, 1200px\" \/><br \/>\n\t\t\t<\/figure>\n<h2>Nedladdningar<\/h2>\n<p>Vi har tagit fram en upps\u00e4ttning resurser som hj\u00e4lper dig att enkelt designa, presentera och specificera Forest-v\u00e4ggar.<br \/>Klicka nedan f\u00f6r att ladda ner en ZIP-fil som inneh\u00e5ller tekniska blad och akustiska testrapporter.<\/p>\n<p><strong>Installationshandbok <\/strong>(2 MB)\t\t\t\t\t<\/p>\n<ul>\n<li>\n\t\t\t\t\t\t\t\t\t\t\t<a href=\"https:\/\/greenmood.us\/wp-content\/uploads\/2025\/07\/Green-Walls_Installation_Manual_Greenmood_2025.pdf\" target=\"_blank\" download=\"\"><br \/>\n\t\t\t\t\t\t\t<svg xmlns=\"http:\/\/www.w3.org\/2000\/svg\" id=\"Calque_1\" data-name=\"Calque 1\" viewbox=\"0 0 16.01 16.01\"><path d=\"M11.77,0h-7.55C1.89,0,0,1.89,0,4.23v7.55c0,2.33,1.89,4.23,4.23,4.23h7.55c2.33,0,4.23-1.89,4.23-4.23v-7.55C16.01,1.9,14.12,0,11.78,0h-.01ZM5.67,7.14h.66v-3.57c0-.85.69-1.54,1.54-1.54h0c.85,0,1.54.69,1.54,1.54v3.57h.91c.42,0,.65.49.38.81l-2.34,2.79c-.19.22-.53.22-.72,0l-2.34-2.79c-.27-.32-.04-.81.38-.81h0ZM13.29,12.9c0,.61-.5,1.1-1.1,1.1H3.81c-.61,0-1.1-.5-1.1-1.1h0c0-.61.5-1.1,1.1-1.1h8.38c.61,0,1.1.5,1.1,1.1h0Z\"><\/path><\/svg><br \/>\n\t\t\t\t\t\t\t\t\t\tNedladdningar<br \/>\n\t\t\t\t\t\t\t\t\t\t\t<\/a>\n\t\t\t\t\t\t\t\t\t<\/li>\n<\/ul>\n<p>\t\t\t\t<strong>Val av v\u00e4xter <\/strong>(13 MB)\t\t\t\t\t<\/p>\n<ul>\n<li>\n\t\t\t\t\t\t\t\t\t\t\t<a href=\"https:\/\/greenmood.us\/wp-content\/uploads\/2025\/07\/Greenmood_Preserved_Foliage_Forest_Green_Walls.pdf\" target=\"_blank\" download=\"\"><br \/>\n\t\t\t\t\t\t\t<svg xmlns=\"http:\/\/www.w3.org\/2000\/svg\" id=\"Calque_1\" data-name=\"Calque 1\" viewbox=\"0 0 16.01 16.01\"><path d=\"M11.77,0h-7.55C1.89,0,0,1.89,0,4.23v7.55c0,2.33,1.89,4.23,4.23,4.23h7.55c2.33,0,4.23-1.89,4.23-4.23v-7.55C16.01,1.9,14.12,0,11.78,0h-.01ZM5.67,7.14h.66v-3.57c0-.85.69-1.54,1.54-1.54h0c.85,0,1.54.69,1.54,1.54v3.57h.91c.42,0,.65.49.38.81l-2.34,2.79c-.19.22-.53.22-.72,0l-2.34-2.79c-.27-.32-.04-.81.38-.81h0ZM13.29,12.9c0,.61-.5,1.1-1.1,1.1H3.81c-.61,0-1.1-.5-1.1-1.1h0c0-.61.5-1.1,1.1-1.1h8.38c.61,0,1.1.5,1.1,1.1h0Z\"><\/path><\/svg><br \/>\n\t\t\t\t\t\t\t\t\t\tNedladdningar<br \/>\n\t\t\t\t\t\t\t\t\t\t\t<\/a>\n\t\t\t\t\t\t\t\t\t<\/li>\n<\/ul>\n<p>\t\t\t\t<strong>Bilder <\/strong>(66 MB)\t\t\t\t\t<\/p>\n<ul>\n<li>\n\t\t\t\t\t\t\t\t\t\t\t<a href=\"https:\/\/greenmood.us\/wp-content\/uploads\/2025\/07\/Forest_Photos.zip\" target=\"_blank\" download=\"\"><br \/>\n\t\t\t\t\t\t\t<svg xmlns=\"http:\/\/www.w3.org\/2000\/svg\" id=\"Calque_1\" data-name=\"Calque 1\" viewbox=\"0 0 16.01 16.01\"><path d=\"M11.77,0h-7.55C1.89,0,0,1.89,0,4.23v7.55c0,2.33,1.89,4.23,4.23,4.23h7.55c2.33,0,4.23-1.89,4.23-4.23v-7.55C16.01,1.9,14.12,0,11.78,0h-.01ZM5.67,7.14h.66v-3.57c0-.85.69-1.54,1.54-1.54h0c.85,0,1.54.69,1.54,1.54v3.57h.91c.42,0,.65.49.38.81l-2.34,2.79c-.19.22-.53.22-.72,0l-2.34-2.79c-.27-.32-.04-.81.38-.81h0ZM13.29,12.9c0,.61-.5,1.1-1.1,1.1H3.81c-.61,0-1.1-.5-1.1-1.1h0c0-.61.5-1.1,1.1-1.1h8.38c.61,0,1.1.5,1.1,1.1h0Z\"><\/path><\/svg><br \/>\n\t\t\t\t\t\t\t\t\t\tNedladdningar<br \/>\n\t\t\t\t\t\t\t\t\t\t\t<\/a>\n\t\t\t\t\t\t\t\t\t<\/li>\n<\/ul>\n<p>\t\t\t\t<strong>Produktblad <\/strong>(2 MB)\t\t\t\t\t<\/p>\n<ul>\n<li>\n\t\t\t\t\t\t\t\t\t\t\t<a href=\"https:\/\/greenmood.us\/wp-content\/uploads\/2025\/10\/product-specification-sheet_forest_2025.pdf\" target=\"_blank\" download=\"\"><br \/>\n\t\t\t\t\t\t\t<svg xmlns=\"http:\/\/www.w3.org\/2000\/svg\" id=\"Calque_1\" data-name=\"Calque 1\" viewbox=\"0 0 16.01 16.01\"><path d=\"M11.77,0h-7.55C1.89,0,0,1.89,0,4.23v7.55c0,2.33,1.89,4.23,4.23,4.23h7.55c2.33,0,4.23-1.89,4.23-4.23v-7.55C16.01,1.9,14.12,0,11.78,0h-.01ZM5.67,7.14h.66v-3.57c0-.85.69-1.54,1.54-1.54h0c.85,0,1.54.69,1.54,1.54v3.57h.91c.42,0,.65.49.38.81l-2.34,2.79c-.19.22-.53.22-.72,0l-2.34-2.79c-.27-.32-.04-.81.38-.81h0ZM13.29,12.9c0,.61-.5,1.1-1.1,1.1H3.81c-.61,0-1.1-.5-1.1-1.1h0c0-.61.5-1.1,1.1-1.1h8.38c.61,0,1.1.5,1.1,1.1h0Z\"><\/path><\/svg><br \/>\n\t\t\t\t\t\t\t\t\t\tNedladdningar<br \/>\n\t\t\t\t\t\t\t\t\t\t\t<\/a>\n\t\t\t\t\t\t\t\t\t<\/li>\n<\/ul>\n<h2>Andra naturliga v\u00e4ggar att utforska<\/h2>\n<p>\t\t\t\t\t\t\t\t\t\t\t\t\t\t\t<img loading=\"lazy\" decoding=\"async\" width=\"683\" height=\"1024\" src=\"https:\/\/greenmood.us\/wp-content\/uploads\/2025\/07\/Lichen-texture-683x1024.webp\" alt=\"\" srcset=\"\/\/greenmood.us\/wp-content\/uploads\/2025\/07\/Lichen-texture-683x1024.webp 683w, \/\/greenmood.us\/wp-content\/uploads\/2025\/07\/Lichen-texture-200x300.webp 200w, \/\/greenmood.us\/wp-content\/uploads\/2025\/07\/Lichen-texture-768x1152.webp 768w, \/\/greenmood.us\/wp-content\/uploads\/2025\/07\/Lichen-texture.webp 1024w\" sizes=\"(max-width: 683px) 100vw, 683px\" \/>\t\t\t\t\t\t\t\t\t\t\t\t\t\t\t\t<\/p>\n<h2>Lav<\/h2>\n<p>\t\t\t\t\t\t\t\t\t\t\t\t\t\t\t<img loading=\"lazy\" decoding=\"async\" width=\"683\" height=\"1024\" src=\"https:\/\/greenmood.us\/wp-content\/uploads\/2025\/07\/Ball-moss-683x1024.webp\" alt=\"\" srcset=\"\/\/greenmood.us\/wp-content\/uploads\/2025\/07\/Ball-moss-683x1024.webp 683w, \/\/greenmood.us\/wp-content\/uploads\/2025\/07\/Ball-moss-200x300.webp 200w, \/\/greenmood.us\/wp-content\/uploads\/2025\/07\/Ball-moss-768x1152.webp 768w, \/\/greenmood.us\/wp-content\/uploads\/2025\/07\/Ball-moss-600x900.webp 600w, \/\/greenmood.us\/wp-content\/uploads\/2025\/07\/Ball-moss.webp 1024w\" sizes=\"(max-width: 683px) 100vw, 683px\" \/>\t\t\t\t\t\t\t\t\t\t\t\t\t\t\t\t<\/p>\n<h2>Bollmossa<\/h2>\n<p>\t\t\t\t\t\t\t\t\t\t\t\t\t\t\t<img loading=\"lazy\" decoding=\"async\" width=\"683\" height=\"1024\" src=\"https:\/\/greenmood.us\/wp-content\/uploads\/2025\/07\/Velvet-01-683x1024.webp\" alt=\"\" srcset=\"\/\/greenmood.us\/wp-content\/uploads\/2025\/07\/Velvet-01-683x1024.webp 683w, \/\/greenmood.us\/wp-content\/uploads\/2025\/07\/Velvet-01-200x300.webp 200w, \/\/greenmood.us\/wp-content\/uploads\/2025\/07\/Velvet-01-768x1152.webp 768w, \/\/greenmood.us\/wp-content\/uploads\/2025\/07\/Velvet-01-600x900.webp 600w, \/\/greenmood.us\/wp-content\/uploads\/2025\/07\/Velvet-01.webp 1024w\" sizes=\"(max-width: 683px) 100vw, 683px\" \/>\t\t\t\t\t\t\t\t\t\t\t\t\t\t\t\t<\/p>\n<h2>Velvet Leaf<\/h2>","protected":false},"excerpt":{"rendered":"<p>Transform your space with the enchanting beauty of Greenmood Forest walls. These unique compositions of preserved moss and foliage bring the raw essence of nature indoors, enhancing acoustic comfort and creating a calming atmosphere. With no maintenance required, these stunning biophilic designs remain vibrant for years, allowing you to enjoy the tactile presence of a forest without the constraints of living plants. Explore the diverse textures and colors that can be tailored to your environment, and discover how you can effortlessly integrate the silent power of nature into your workspaces, hospitality venues, or retail interiors.<\/p>","protected":false},"author":2,"featured_media":3174,"parent":9826,"menu_order":0,"comment_status":"closed","ping_status":"closed","template":"elementor_theme","meta":{"_seopress_robots_primary_cat":"","_seopress_titles_title":"Greenwall - Forest","_seopress_titles_desc":"Forest moss wall: preserved foliage in dense or sparse compositions. Acoustic, biophilic & sustainable.","_seopress_robots_index":"","footnotes":""},"class_list":["post-9827","page","type-page","status-publish","has-post-thumbnail","hentry"],"_links":{"self":[{"href":"https:\/\/greenmood.se\/se\/wp-json\/wp\/v2\/pages\/9827","targetHints":{"allow":["GET"]}}],"collection":[{"href":"https:\/\/greenmood.se\/se\/wp-json\/wp\/v2\/pages"}],"about":[{"href":"https:\/\/greenmood.se\/se\/wp-json\/wp\/v2\/types\/page"}],"author":[{"embeddable":true,"href":"https:\/\/greenmood.se\/se\/wp-json\/wp\/v2\/users\/2"}],"replies":[{"embeddable":true,"href":"https:\/\/greenmood.se\/se\/wp-json\/wp\/v2\/comments?post=9827"}],"version-history":[{"count":0,"href":"https:\/\/greenmood.se\/se\/wp-json\/wp\/v2\/pages\/9827\/revisions"}],"up":[{"embeddable":true,"href":"https:\/\/greenmood.se\/se\/wp-json\/wp\/v2\/pages\/9826"}],"wp:featuredmedia":[{"embeddable":true,"href":"https:\/\/greenmood.se\/se\/wp-json\/wp\/v2\/media\/3174"}],"wp:attachment":[{"href":"https:\/\/greenmood.se\/se\/wp-json\/wp\/v2\/media?parent=9827"}],"curies":[{"name":"wp","href":"https:\/\/api.w.org\/{rel}","templated":true}]}}