{"id":9987,"date":"2026-01-15T16:03:39","date_gmt":"2026-01-15T16:03:39","guid":{"rendered":"https:\/\/greenmood.se\/?page_id=9987"},"modified":"2026-03-12T09:40:20","modified_gmt":"2026-03-12T09:40:20","slug":"annonsvagledning","status":"publish","type":"page","link":"https:\/\/greenmood.se\/se\/annonsvagledning\/","title":{"rendered":"A&amp;D V\u00e4gledning"},"content":{"rendered":"<div data-elementor-type=\"wp-page\" data-elementor-id=\"9987\" class=\"elementor elementor-9987\" data-elementor-post-type=\"page\">\n\t\t\t\t<div data-particle_enable=\"false\" data-particle-mobile-disabled=\"false\" class=\"elementor-element elementor-element-b4c9969 e-flex e-con-boxed e-con e-parent\" data-id=\"b4c9969\" data-element_type=\"container\" data-e-type=\"container\" data-settings=\"{&quot;background_background&quot;:&quot;classic&quot;}\">\n\t\t\t\t\t<div class=\"e-con-inner\">\n\t\t\t\t<div class=\"elementor-element elementor-element-b62a5ef elementor-widget elementor-widget-heading\" data-id=\"b62a5ef\" data-element_type=\"widget\" data-e-type=\"widget\" data-widget_type=\"heading.default\">\n\t\t\t\t\t<h1 class=\"elementor-heading-title elementor-size-default\">A&amp;D V\u00e4gledning<\/br> <\/br>.\n<span style=\"font-family: 'Spezia Serif Book A', serif;font-size: 24px;currentcolor;color: #333333\">Material, akustik och regelverk f\u00f6r inredningsprojekt\n<\/span><\/h1>\t\t\t\t<\/div>\n\t\t\t\t\t<\/div>\n\t\t\t\t<\/div>\n\t\t<div data-particle_enable=\"false\" data-particle-mobile-disabled=\"false\" class=\"elementor-element elementor-element-ae73bd0 e-con-full e-flex elementor-invisible e-con e-parent\" data-id=\"ae73bd0\" data-element_type=\"container\" data-e-type=\"container\" data-settings=\"{&quot;background_background&quot;:&quot;classic&quot;,&quot;animation&quot;:&quot;fadeIn&quot;}\">\n\t\t\t\t<\/div>\n\t\t<div data-particle_enable=\"false\" data-particle-mobile-disabled=\"false\" class=\"elementor-element elementor-element-df8eca6 e-flex e-con-boxed e-con e-parent\" data-id=\"df8eca6\" data-element_type=\"container\" data-e-type=\"container\">\n\t\t\t\t\t<div class=\"e-con-inner\">\n\t\t<div data-particle_enable=\"false\" data-particle-mobile-disabled=\"false\" class=\"elementor-element elementor-element-d5cdb69 e-con-full e-flex e-con e-child\" data-id=\"d5cdb69\" data-element_type=\"container\" data-e-type=\"container\">\n\t\t\t\t<div class=\"elementor-element elementor-element-47a6849 elementor-invisible elementor-widget elementor-widget-text-editor\" data-id=\"47a6849\" data-element_type=\"widget\" data-e-type=\"widget\" data-settings=\"{&quot;_animation&quot;:&quot;fadeInUp&quot;}\" data-widget_type=\"text-editor.default\">\n\t\t\t\t\t\t\t\t\t<p>Tekniska och regulatoriska guider f\u00f6r design, specifikation och integrering av biofila och akustiska system och element, standard eller anpassade, i professionella interi\u00f6rer.<\/p>\t\t\t\t\t\t\t\t<\/div>\n\t\t\t\t<\/div>\n\t\t\t\t\t<\/div>\n\t\t\t\t<\/div>\n\t\t<div data-particle_enable=\"false\" data-particle-mobile-disabled=\"false\" class=\"elementor-element elementor-element-544ba1c e-flex e-con-boxed e-con e-parent\" data-id=\"544ba1c\" data-element_type=\"container\" data-e-type=\"container\">\n\t\t\t\t\t<div class=\"e-con-inner\">\n\t\t<div data-particle_enable=\"false\" data-particle-mobile-disabled=\"false\" class=\"elementor-element elementor-element-fef8679 e-con-full e-flex e-con e-child\" data-id=\"fef8679\" data-element_type=\"container\" data-e-type=\"container\">\n\t\t\t\t<div class=\"elementor-element elementor-element-e089d5f elementor-widget elementor-widget-image\" data-id=\"e089d5f\" data-element_type=\"widget\" data-e-type=\"widget\" data-widget_type=\"image.default\">\n\t\t\t\t\t\t\t\t\t\t\t\t\t\t\t\t<a href=\"https:\/\/greenmood.se\/se\/greenmood_compressed-cork-09-webp\/\">\n\t\t\t\t\t\t\t<img fetchpriority=\"high\" decoding=\"async\" width=\"800\" height=\"993\" src=\"https:\/\/greenmood.se\/wp-content\/uploads\/sites\/9\/2026\/04\/greenmood_compressed-cork-19-4-825x1024.jpg\" class=\"attachment-large size-large wp-image-11164\" alt=\"greenmood komprimerad kork 19.jpg\" srcset=\"https:\/\/greenmood.se\/wp-content\/uploads\/sites\/9\/2026\/04\/greenmood_compressed-cork-19-4-825x1024.jpg 825w, https:\/\/greenmood.se\/wp-content\/uploads\/sites\/9\/2026\/04\/greenmood_compressed-cork-19-4-242x300.jpg 242w, https:\/\/greenmood.se\/wp-content\/uploads\/sites\/9\/2026\/04\/greenmood_compressed-cork-19-4-768x953.jpg 768w, https:\/\/greenmood.se\/wp-content\/uploads\/sites\/9\/2026\/04\/greenmood_compressed-cork-19-4-10x12.jpg 10w, https:\/\/greenmood.se\/wp-content\/uploads\/sites\/9\/2026\/04\/greenmood_compressed-cork-19-4.jpg 928w\" sizes=\"(max-width: 800px) 100vw, 800px\" \/>\t\t\t\t\t\t\t\t<\/a>\n\t\t\t\t\t\t\t\t\t\t\t\t\t\t\t<\/div>\n\t\t\t\t<div class=\"elementor-element elementor-element-e973048 elementor-widget elementor-widget-heading\" data-id=\"e973048\" data-element_type=\"widget\" data-e-type=\"widget\" data-widget_type=\"heading.default\">\n\t\t\t\t\t<h2 class=\"elementor-heading-title elementor-size-default\"><a href=\"https:\/\/greenmood.se\/se\/greenmood_compressed-cork-09-webp\/\">Preserved Walls vs Living Walls<\/a><\/h2>\t\t\t\t<\/div>\n\t\t\t\t<div class=\"elementor-element elementor-element-4d59764 elementor-invisible elementor-widget elementor-widget-text-editor\" data-id=\"4d59764\" data-element_type=\"widget\" data-e-type=\"widget\" data-settings=\"{&quot;_animation&quot;:&quot;fadeInUp&quot;}\" data-widget_type=\"text-editor.default\">\n\t\t\t\t\t\t\t\t\t<p>The architect's complete guide to specification, performance, and ROI. Technical data, cost analysis, and certification pathways.<\/p>\t\t\t\t\t\t\t\t<\/div>\n\t\t\t\t<\/div>\n\t\t\t\t\t<\/div>\n\t\t\t\t<\/div>\n\t\t<div data-particle_enable=\"false\" data-particle-mobile-disabled=\"false\" class=\"elementor-element elementor-element-e5c96d8 animated-slow e-flex e-con-boxed elementor-invisible e-con e-parent\" data-id=\"e5c96d8\" data-element_type=\"container\" data-e-type=\"container\" data-settings=\"{&quot;animation&quot;:&quot;fadeIn&quot;}\">\n\t\t\t\t\t<div class=\"e-con-inner\">\n\t\t<div data-particle_enable=\"false\" data-particle-mobile-disabled=\"false\" class=\"elementor-element elementor-element-9d6a043 e-con-full e-flex e-con e-child\" data-id=\"9d6a043\" data-element_type=\"container\" data-e-type=\"container\">\n\t\t\t\t<div class=\"elementor-element elementor-element-6867b42 elementor-widget elementor-widget-image\" data-id=\"6867b42\" data-element_type=\"widget\" data-e-type=\"widget\" data-widget_type=\"image.default\">\n\t\t\t\t\t\t\t\t\t\t\t\t\t\t\t\t<a href=\"https:\/\/greenmood.se\/se\/brandsakerhet-och-biofila-material\/\">\n\t\t\t\t\t\t\t<img decoding=\"async\" width=\"788\" height=\"494\" src=\"https:\/\/greenmood.se\/wp-content\/uploads\/sites\/9\/2026\/01\/fire-safety_icon.webp\" class=\"attachment-large size-large wp-image-9990\" alt=\"brands\u00e4kerhetsikon.webp\" srcset=\"https:\/\/greenmood.se\/wp-content\/uploads\/sites\/9\/2026\/01\/fire-safety_icon.webp 788w, https:\/\/greenmood.se\/wp-content\/uploads\/sites\/9\/2026\/01\/fire-safety_icon-300x188.webp 300w, https:\/\/greenmood.se\/wp-content\/uploads\/sites\/9\/2026\/01\/fire-safety_icon-768x481.webp 768w, https:\/\/greenmood.se\/wp-content\/uploads\/sites\/9\/2026\/01\/fire-safety_icon-18x12.webp 18w\" sizes=\"(max-width: 788px) 100vw, 788px\" \/>\t\t\t\t\t\t\t\t<\/a>\n\t\t\t\t\t\t\t\t\t\t\t\t\t\t\t<\/div>\n\t\t\t\t<div class=\"elementor-element elementor-element-c04e546 elementor-widget elementor-widget-heading\" data-id=\"c04e546\" data-element_type=\"widget\" data-e-type=\"widget\" data-widget_type=\"heading.default\">\n\t\t\t\t\t<h2 class=\"elementor-heading-title elementor-size-default\"><a href=\"https:\/\/greenmood.se\/se\/brandsakerhet-och-biofila-material\/\">Brands\u00e4kerhet och ansvar<\/a><\/h2>\t\t\t\t<\/div>\n\t\t\t\t<div class=\"elementor-element elementor-element-a2ee1a1 elementor-invisible elementor-widget elementor-widget-text-editor\" data-id=\"a2ee1a1\" data-element_type=\"widget\" data-e-type=\"widget\" data-settings=\"{&quot;_animation&quot;:&quot;fadeInUp&quot;}\" data-widget_type=\"text-editor.default\">\n\t\t\t\t\t\t\t\t\t<p>F\u00f6rst\u00e5else f\u00f6r brandbeteende, testomfattning och professionellt ansvar i biofila v\u00e4ggsystem<\/p>\t\t\t\t\t\t\t\t<\/div>\n\t\t\t\t<\/div>\n\t\t<div data-particle_enable=\"false\" data-particle-mobile-disabled=\"false\" class=\"elementor-element elementor-element-fe81cd3 e-con-full e-flex e-con e-child\" data-id=\"fe81cd3\" data-element_type=\"container\" data-e-type=\"container\">\n\t\t\t\t<div class=\"elementor-element elementor-element-8dfb15a elementor-widget elementor-widget-image\" data-id=\"8dfb15a\" data-element_type=\"widget\" data-e-type=\"widget\" data-widget_type=\"image.default\">\n\t\t\t\t\t\t\t\t\t\t\t\t\t\t\t\t<a href=\"https:\/\/greenmood.se\/se\/hallbarhet-leed-v5\/\">\n\t\t\t\t\t\t\t<img decoding=\"async\" width=\"788\" height=\"494\" src=\"https:\/\/greenmood.se\/wp-content\/uploads\/sites\/9\/2026\/01\/sustain_icon.webp\" class=\"attachment-large size-large wp-image-10027\" alt=\"sustain-ikon\" srcset=\"https:\/\/greenmood.se\/wp-content\/uploads\/sites\/9\/2026\/01\/sustain_icon.webp 788w, https:\/\/greenmood.se\/wp-content\/uploads\/sites\/9\/2026\/01\/sustain_icon-300x188.webp 300w, https:\/\/greenmood.se\/wp-content\/uploads\/sites\/9\/2026\/01\/sustain_icon-768x481.webp 768w, https:\/\/greenmood.se\/wp-content\/uploads\/sites\/9\/2026\/01\/sustain_icon-18x12.webp 18w\" sizes=\"(max-width: 788px) 100vw, 788px\" \/>\t\t\t\t\t\t\t\t<\/a>\n\t\t\t\t\t\t\t\t\t\t\t\t\t\t\t<\/div>\n\t\t\t\t<div class=\"elementor-element elementor-element-5bde5c5 elementor-widget elementor-widget-heading\" data-id=\"5bde5c5\" data-element_type=\"widget\" data-e-type=\"widget\" data-widget_type=\"heading.default\">\n\t\t\t\t\t<h2 class=\"elementor-heading-title elementor-size-default\"><a href=\"https:\/\/greenmood.se\/se\/hallbarhet-leed-v5\/\">H\u00e5llbarhet &amp; LEED v5<\/a><\/h2>\t\t\t\t<\/div>\n\t\t\t\t<div class=\"elementor-element elementor-element-41b1052 elementor-invisible elementor-widget elementor-widget-text-editor\" data-id=\"41b1052\" data-element_type=\"widget\" data-e-type=\"widget\" data-settings=\"{&quot;_animation&quot;:&quot;fadeInUp&quot;}\" data-widget_type=\"text-editor.default\">\n\t\t\t\t\t\t\t\t\t<p>Hur biofila och akustiska material bidrar till h\u00e5llbarhetsstrategier och LEED v5-kriterier<\/p>\t\t\t\t\t\t\t\t<\/div>\n\t\t\t\t<\/div>\n\t\t<div data-particle_enable=\"false\" data-particle-mobile-disabled=\"false\" class=\"elementor-element elementor-element-1624b81 e-con-full e-flex e-con e-child\" data-id=\"1624b81\" data-element_type=\"container\" data-e-type=\"container\">\n\t\t\t\t<div class=\"elementor-element elementor-element-79d5f45 elementor-widget elementor-widget-image\" data-id=\"79d5f45\" data-element_type=\"widget\" data-e-type=\"widget\" data-widget_type=\"image.default\">\n\t\t\t\t\t\t\t\t\t\t\t\t\t\t\t\t<a href=\"https:\/\/greenmood.se\/se\/akustiska-materialprestanda\/\">\n\t\t\t\t\t\t\t<img loading=\"lazy\" decoding=\"async\" width=\"788\" height=\"494\" src=\"https:\/\/greenmood.se\/wp-content\/uploads\/sites\/9\/2026\/02\/acoustic_icon.webp\" class=\"attachment-large size-large wp-image-10052\" alt=\"akustisk ikon\" srcset=\"https:\/\/greenmood.se\/wp-content\/uploads\/sites\/9\/2026\/02\/acoustic_icon.webp 788w, https:\/\/greenmood.se\/wp-content\/uploads\/sites\/9\/2026\/02\/acoustic_icon-300x188.webp 300w, https:\/\/greenmood.se\/wp-content\/uploads\/sites\/9\/2026\/02\/acoustic_icon-768x481.webp 768w, https:\/\/greenmood.se\/wp-content\/uploads\/sites\/9\/2026\/02\/acoustic_icon-18x12.webp 18w\" sizes=\"(max-width: 788px) 100vw, 788px\" \/>\t\t\t\t\t\t\t\t<\/a>\n\t\t\t\t\t\t\t\t\t\t\t\t\t\t\t<\/div>\n\t\t\t\t<div class=\"elementor-element elementor-element-d206637 elementor-widget elementor-widget-heading\" data-id=\"d206637\" data-element_type=\"widget\" data-e-type=\"widget\" data-widget_type=\"heading.default\">\n\t\t\t\t\t<h2 class=\"elementor-heading-title elementor-size-default\"><a href=\"https:\/\/greenmood.se\/se\/akustiska-materialprestanda\/\">Akustik- och materialprestanda<\/a><\/h2>\t\t\t\t<\/div>\n\t\t\t\t<div class=\"elementor-element elementor-element-9e0e4a6 elementor-invisible elementor-widget elementor-widget-text-editor\" data-id=\"9e0e4a6\" data-element_type=\"widget\" data-e-type=\"widget\" data-settings=\"{&quot;_animation&quot;:&quot;fadeInUp&quot;}\" data-widget_type=\"text-editor.default\">\n\t\t\t\t\t\t\t\t\t<p>Akustiskt beteende, materialegenskaper och prestandabegr\u00e4nsningar i verkligheten.<\/p>\t\t\t\t\t\t\t\t<\/div>\n\t\t\t\t<\/div>\n\t\t\t\t\t<\/div>\n\t\t\t\t<\/div>\n\t\t<div data-particle_enable=\"false\" data-particle-mobile-disabled=\"false\" class=\"elementor-element elementor-element-e73d33c animated-slow e-flex e-con-boxed elementor-invisible e-con e-parent\" data-id=\"e73d33c\" data-element_type=\"container\" data-e-type=\"container\" data-settings=\"{&quot;animation&quot;:&quot;fadeIn&quot;}\">\n\t\t\t\t\t<div class=\"e-con-inner\">\n\t\t<div data-particle_enable=\"false\" data-particle-mobile-disabled=\"false\" class=\"elementor-element elementor-element-ede1ef9 e-con-full e-flex e-con e-child\" data-id=\"ede1ef9\" data-element_type=\"container\" data-e-type=\"container\">\n\t\t\t\t<div class=\"elementor-element elementor-element-841a4b1 elementor-widget elementor-widget-image\" data-id=\"841a4b1\" data-element_type=\"widget\" data-e-type=\"widget\" data-widget_type=\"image.default\">\n\t\t\t\t\t\t\t\t\t\t\t\t\t\t\t\t<a href=\"https:\/\/greenmood.se\/se\/hur-man-specificerar-biofila-akustiklosningar\/\">\n\t\t\t\t\t\t\t<img loading=\"lazy\" decoding=\"async\" width=\"788\" height=\"494\" src=\"https:\/\/greenmood.se\/wp-content\/uploads\/sites\/9\/2026\/03\/5steps_icon.webp\" class=\"attachment-large size-large wp-image-10071\" alt=\"5stegs-ikon.webp\" srcset=\"https:\/\/greenmood.se\/wp-content\/uploads\/sites\/9\/2026\/03\/5steps_icon.webp 788w, https:\/\/greenmood.se\/wp-content\/uploads\/sites\/9\/2026\/03\/5steps_icon-300x188.webp 300w, https:\/\/greenmood.se\/wp-content\/uploads\/sites\/9\/2026\/03\/5steps_icon-768x481.webp 768w, https:\/\/greenmood.se\/wp-content\/uploads\/sites\/9\/2026\/03\/5steps_icon-18x12.webp 18w\" sizes=\"(max-width: 788px) 100vw, 788px\" \/>\t\t\t\t\t\t\t\t<\/a>\n\t\t\t\t\t\t\t\t\t\t\t\t\t\t\t<\/div>\n\t\t\t\t<div class=\"elementor-element elementor-element-a552c59 elementor-widget elementor-widget-heading\" data-id=\"a552c59\" data-element_type=\"widget\" data-e-type=\"widget\" data-widget_type=\"heading.default\">\n\t\t\t\t\t<h2 class=\"elementor-heading-title elementor-size-default\"><a href=\"https:\/\/greenmood.se\/se\/hur-man-specificerar-biofila-akustiklosningar\/\">Guide f\u00f6r akustiska specifikationer<\/a><\/h2>\t\t\t\t<\/div>\n\t\t\t\t<div class=\"elementor-element elementor-element-aede031 elementor-invisible elementor-widget elementor-widget-text-editor\" data-id=\"aede031\" data-element_type=\"widget\" data-e-type=\"widget\" data-settings=\"{&quot;_animation&quot;:&quot;fadeInUp&quot;}\" data-widget_type=\"text-editor.default\">\n\t\t\t\t\t\t\t\t\t<p>Ett ramverk i 5 steg f\u00f6r specifikation av biofila akustiska v\u00e4ggsystem - fr\u00e5n akustiska m\u00e5l till systemdokumentation<\/p>\t\t\t\t\t\t\t\t<\/div>\n\t\t\t\t<\/div>\n\t\t<div data-particle_enable=\"false\" data-particle-mobile-disabled=\"false\" class=\"elementor-element elementor-element-202f3d0 e-con-full e-flex e-con e-child\" data-id=\"202f3d0\" data-element_type=\"container\" data-e-type=\"container\">\n\t\t\t\t<div class=\"elementor-element elementor-element-a923933 elementor-widget elementor-widget-image\" data-id=\"a923933\" data-element_type=\"widget\" data-e-type=\"widget\" data-widget_type=\"image.default\">\n\t\t\t\t\t\t\t\t\t\t\t\t\t\t\t\t<a href=\"https:\/\/greenmood.se\/se\/biofil-design-arbetsplats-valbefinnande\/\">\n\t\t\t\t\t\t\t<img decoding=\"async\" src=\"https:\/\/greenmood.us\/wp-content\/uploads\/2026\/03\/biophilic-design-workplace-wellbeing-01.webp\" title=\"\" alt=\"biofilisk design arbetsplats v\u00e4lbefinnande 01\" loading=\"lazy\" \/>\t\t\t\t\t\t\t\t<\/a>\n\t\t\t\t\t\t\t\t\t\t\t\t\t\t\t<\/div>\n\t\t\t\t<div class=\"elementor-element elementor-element-90746e4 elementor-widget elementor-widget-heading\" data-id=\"90746e4\" data-element_type=\"widget\" data-e-type=\"widget\" data-widget_type=\"heading.default\">\n\t\t\t\t\t<h2 class=\"elementor-heading-title elementor-size-default\"><a href=\"https:\/\/greenmood.se\/se\/biofil-design-arbetsplats-valbefinnande\/\">Biophilic Design &amp; V\u00e4lbefinnande p\u00e5 arbetsplatsen<\/a><\/h2>\t\t\t\t<\/div>\n\t\t\t\t<div class=\"elementor-element elementor-element-7c6b108 elementor-invisible elementor-widget elementor-widget-text-editor\" data-id=\"7c6b108\" data-element_type=\"widget\" data-e-type=\"widget\" data-settings=\"{&quot;_animation&quot;:&quot;fadeInUp&quot;}\" data-widget_type=\"text-editor.default\">\n\t\t\t\t\t\t\t\t\t<p>Varf\u00f6r naturn\u00e4ra interi\u00f6rer \u00e4r m\u00e4tbar infrastruktur f\u00f6r prestanda, inte dekoration.<\/p>\t\t\t\t\t\t\t\t<\/div>\n\t\t\t\t<\/div>\n\t\t<div data-particle_enable=\"false\" data-particle-mobile-disabled=\"false\" class=\"elementor-element elementor-element-93a7913 e-con-full e-flex e-con e-child\" data-id=\"93a7913\" data-element_type=\"container\" data-e-type=\"container\">\n\t\t\t\t<\/div>\n\t\t\t\t\t<\/div>\n\t\t\t\t<\/div>\n\t\t\t\t<\/div>","protected":false},"excerpt":{"rendered":"<p>A&amp;D Guidance Material, acoustic &amp; regulatory insight for interior projects Technical and regulatory guides for the design, specification, and integration of biophilic &amp; acoustic systems and elements, standard or custom, in professional interiors. Fire Safety &amp; Responsibility Understanding fire behavior, testing scope &amp; professional responsibility in biophilic wall systems Sustainability &amp; LEED v5 How biophilic [&hellip;]<\/p>\n","protected":false},"author":2,"featured_media":0,"parent":0,"menu_order":0,"comment_status":"closed","ping_status":"closed","template":"","meta":{"_seopress_robots_primary_cat":"","_seopress_titles_title":"A&D Guidance \u2014 Greenmood Sweden","_seopress_titles_desc":"Technical and regulatory guides for specifying biophilic acoustic solutions in professional interior projects.","_seopress_robots_index":"","footnotes":""},"class_list":["post-9987","page","type-page","status-publish","hentry"],"_links":{"self":[{"href":"https:\/\/greenmood.se\/se\/wp-json\/wp\/v2\/pages\/9987","targetHints":{"allow":["GET"]}}],"collection":[{"href":"https:\/\/greenmood.se\/se\/wp-json\/wp\/v2\/pages"}],"about":[{"href":"https:\/\/greenmood.se\/se\/wp-json\/wp\/v2\/types\/page"}],"author":[{"embeddable":true,"href":"https:\/\/greenmood.se\/se\/wp-json\/wp\/v2\/users\/2"}],"replies":[{"embeddable":true,"href":"https:\/\/greenmood.se\/se\/wp-json\/wp\/v2\/comments?post=9987"}],"version-history":[{"count":1,"href":"https:\/\/greenmood.se\/se\/wp-json\/wp\/v2\/pages\/9987\/revisions"}],"predecessor-version":[{"id":10106,"href":"https:\/\/greenmood.se\/se\/wp-json\/wp\/v2\/pages\/9987\/revisions\/10106"}],"wp:attachment":[{"href":"https:\/\/greenmood.se\/se\/wp-json\/wp\/v2\/media?parent=9987"}],"curies":[{"name":"wp","href":"https:\/\/api.w.org\/{rel}","templated":true}]}}